{"id":6989,"date":"2025-04-14T16:24:24","date_gmt":"2025-04-14T16:24:24","guid":{"rendered":"https:\/\/electrotraveller.com\/?post_type=product&#038;p=6989"},"modified":"2026-04-08T10:11:10","modified_gmt":"2026-04-08T08:11:10","slug":"brezdusne-pnevmatike-gel-offroad","status":"publish","type":"product","link":"https:\/\/electrotraveller.com\/sl\/electric-scooter-spare-parts\/tubeless-tire-gel-offroad\/","title":{"rendered":"Pnevmatika brez zra\u010dnice 10\u00d72.50-6.5 za elektri\u010dni skiro Ninebot G30 MAX \/\/ Off road, z gelom"},"content":{"rendered":"","protected":false},"excerpt":{"rendered":"","protected":false},"featured_media":6995,"comment_status":"open","ping_status":"closed","template":"","meta":[],"product_brand":[],"product_cat":[30,39,78],"product_tag":[138,139,140,141,142,143,132,133,134,135,136,137],"class_list":{"0":"post-6989","1":"product","2":"type-product","3":"status-publish","4":"has-post-thumbnail","6":"product_cat-electric-scooter-spare-parts","7":"product_cat-electric-scooter-tires","8":"product_cat-electric-scooter-tubeless-tires","9":"product_tag-aprilia-esr1-parts","10":"product_tag-cecotec-bongo-serie-s-parts","11":"product_tag-max-g30le-ii-parts","12":"product_tag-ninebot-f2-e-parts","13":"product_tag-ninebot-f2-plus-e-parts","14":"product_tag-ninebot-f2-pro-e-parts","15":"product_tag-ninebot-max-g30-parts","16":"product_tag-ninebot-max-g30d-parts","17":"product_tag-ninebot-max-g30e-ii-parts","18":"product_tag-smartgyro-k2-parts","19":"product_tag-smartgyro-k2-pro-parts","20":"product_tag-smartgyro-k2-xl-parts","21":"product_shipping_class-up-to-2-kg","23":"first","24":"outofstock","25":"taxable","26":"shipping-taxable","27":"purchasable","28":"product-type-simple"},"_links":{"self":[{"href":"https:\/\/electrotraveller.com\/sl\/wp-json\/wp\/v2\/product\/6989","targetHints":{"allow":["GET"]}}],"collection":[{"href":"https:\/\/electrotraveller.com\/sl\/wp-json\/wp\/v2\/product"}],"about":[{"href":"https:\/\/electrotraveller.com\/sl\/wp-json\/wp\/v2\/types\/product"}],"replies":[{"embeddable":true,"href":"https:\/\/electrotraveller.com\/sl\/wp-json\/wp\/v2\/comments?post=6989"}],"wp:featuredmedia":[{"embeddable":true,"href":"https:\/\/electrotraveller.com\/sl\/wp-json\/wp\/v2\/media\/6995"}],"wp:attachment":[{"href":"https:\/\/electrotraveller.com\/sl\/wp-json\/wp\/v2\/media?parent=6989"}],"wp:term":[{"taxonomy":"product_brand","embeddable":true,"href":"https:\/\/electrotraveller.com\/sl\/wp-json\/wp\/v2\/product_brand?post=6989"},{"taxonomy":"product_cat","embeddable":true,"href":"https:\/\/electrotraveller.com\/sl\/wp-json\/wp\/v2\/product_cat?post=6989"},{"taxonomy":"product_tag","embeddable":true,"href":"https:\/\/electrotraveller.com\/sl\/wp-json\/wp\/v2\/product_tag?post=6989"}],"curies":[{"name":"wp","href":"https:\/\/api.w.org\/{rel}","templated":true}]}}