{"id":1904,"date":"2024-06-26T18:41:03","date_gmt":"2024-06-26T18:41:03","guid":{"rendered":"https:\/\/electrotraveller.com\/?post_type=product&#038;p=1904"},"modified":"2025-07-17T07:38:18","modified_gmt":"2025-07-17T07:38:18","slug":"elektron-kinetik-pro","status":"publish","type":"product","link":"https:\/\/electrotraveller.com\/sl\/electric-scooters\/elektron-kinetik-pro\/","title":{"rendered":"Elektron Kinetik PRO elektri\u010dni skiro"},"content":{"rendered":"","protected":false},"excerpt":{"rendered":"<p><span style=\"color: #0000ff;\">Hitro polnjenje z dodatnim polnilnikom<\/span><br \/>\n<span style=\"color: #0000ff;\">Mo\u017enost sede\u017ea<\/span><\/p>\n<p>Elektri\u010dni skiro Elektron Kinetik GTR vodi v svoji kategoriji elektri\u010dne mobilnosti, zasnovan za tiste, ki i\u0161\u010dejo visoke zmogljivosti in zanesljivost. Opremljen je z dvema mo\u010dnima motorjema, ki zagotavljata skupno <strong>250 W nominalne mo\u010di<\/strong> in do 250 W najve\u010dje mo\u010di, Elektron Kinetik GTR dose\u017ee hitrosti do <strong>75 km\/h,<\/strong>z varnostno omejitvijo 25 km\/h. Zmo\u017enost premagovanja naklonov do 30\u00b0 in doseg do <strong>90 km<\/strong>, kar omogo\u010da kapaciteta baterije 23,4 Ah pri 60V, ta skiro postavlja visoke standarde.<\/p>\n<p>Napredni Sine Wave krmilniki zagotavljajo ti\u0161ji delovanje, hitrej\u0161i odziv in dosledne hitrosti, medtem ko <strong>barvni TFT zaslon<\/strong> nudi obse\u017ene informacije o vo\u017enji, skupaj pa zagotavljata izbolj\u0161ano uporabni\u0161ko izku\u0161njo. <strong>Hibridne pnevmatike Wanda<\/strong> so zasnovani za optimalen oprijem na vseh povr\u0161inah, kar zagotavlja vsestranskost skiroja.<\/p>\n<p>Varnost zagotavlja zavorni sistem z <strong>hidravli\u010dne kolutne zavore NUTT<\/strong> in dodatno elektronsko zavoro, ki pove\u010da zavorno mo\u010d in podalj\u0161a \u017eivljenjsko dobo zavornih plo\u0161\u010dic. Ergonomska zasnova z mehanizmom za zlaganje in <strong>nastavljivo hidravli\u010dno vzmetenje<\/strong> omogo\u010da udobno vo\u017enjo, medtem ko <strong>Klju\u010davnica NFC in koda PIN<\/strong> zagotavljajo napredno za\u0161\u010dito pred ne\u017eelenim dostopom.<\/p>\n<p>Poleg tega model podpira uporabo aplikacije za prilagajanje <strong>RGB ambientalna osvetlitev<\/strong>, ki skiroju ne doda le osebnega pridiha, temve\u010d tudi izbolj\u0161a vidljivost in varnost v prometu. Mo\u017enost za <strong>pritrditev sede\u017ea<\/strong> za udobnej\u0161e dalj\u0161e vo\u017enje in zlo\u017eljiva oblika za enostaven prevoz poudarjata prilagodljivost in funkcionalnost. Elektron Kinetik GTR z brezskrbno dobavo in garancijo, ki vklju\u010duje enoletno osnovno garancijo z mo\u017enostjo podalj\u0161anja, ter hitrim servisiranjem zagotavlja vrhunsko izku\u0161njo vo\u017enje, ki presega pri\u010dakovanja.<\/p>","protected":false},"featured_media":440,"comment_status":"open","ping_status":"closed","template":"","meta":[],"product_brand":[],"product_cat":[22,40,44,45],"product_tag":[],"class_list":{"0":"post-1904","1":"product","2":"type-product","3":"status-publish","4":"has-post-thumbnail","6":"product_cat-electric-scooters","7":"product_cat-electric-scooter-brands","8":"product_cat-electric-scooter-with-seat","9":"product_cat-elektron","10":"product_shipping_class-up-to-40-kg","12":"first","13":"outofstock","14":"taxable","15":"shipping-taxable","16":"purchasable","17":"product-type-simple"},"_links":{"self":[{"href":"https:\/\/electrotraveller.com\/sl\/wp-json\/wp\/v2\/product\/1904","targetHints":{"allow":["GET"]}}],"collection":[{"href":"https:\/\/electrotraveller.com\/sl\/wp-json\/wp\/v2\/product"}],"about":[{"href":"https:\/\/electrotraveller.com\/sl\/wp-json\/wp\/v2\/types\/product"}],"replies":[{"embeddable":true,"href":"https:\/\/electrotraveller.com\/sl\/wp-json\/wp\/v2\/comments?post=1904"}],"wp:featuredmedia":[{"embeddable":true,"href":"https:\/\/electrotraveller.com\/sl\/wp-json\/wp\/v2\/media\/440"}],"wp:attachment":[{"href":"https:\/\/electrotraveller.com\/sl\/wp-json\/wp\/v2\/media?parent=1904"}],"wp:term":[{"taxonomy":"product_brand","embeddable":true,"href":"https:\/\/electrotraveller.com\/sl\/wp-json\/wp\/v2\/product_brand?post=1904"},{"taxonomy":"product_cat","embeddable":true,"href":"https:\/\/electrotraveller.com\/sl\/wp-json\/wp\/v2\/product_cat?post=1904"},{"taxonomy":"product_tag","embeddable":true,"href":"https:\/\/electrotraveller.com\/sl\/wp-json\/wp\/v2\/product_tag?post=1904"}],"curies":[{"name":"wp","href":"https:\/\/api.w.org\/{rel}","templated":true}]}}