{"id":1904,"date":"2024-06-26T18:41:03","date_gmt":"2024-06-26T18:41:03","guid":{"rendered":"https:\/\/electrotraveller.com\/?post_type=product&#038;p=1904"},"modified":"2025-07-17T07:38:18","modified_gmt":"2025-07-17T07:38:18","slug":"elektron-kinetik-pro","status":"publish","type":"product","link":"https:\/\/electrotraveller.com\/se\/electric-scooters\/elektron-kinetik-pro\/","title":{"rendered":"Elektron Kinetik PRO Elscooter"},"content":{"rendered":"","protected":false},"excerpt":{"rendered":"<p><span style=\"color: #0000ff;\">Snabbladdning med extra laddare<\/span><br \/>\n<span style=\"color: #0000ff;\">Sittplatsalternativ tillg\u00e4ngligt<\/span><\/p>\n<p>Elektron Kinetik GTR elektrisk scooter leder sin kategori inom elektrisk mobilitet, utformad f\u00f6r dem som s\u00f6ker h\u00f6g prestanda och tillf\u00f6rlitlighet. Utrustad med tv\u00e5 kraftfulla motorer som ger en total effekt p\u00e5 <strong>2800 W nominell effekt<\/strong> och upp till 3800 W maximal effekt, uppn\u00e5r Elektron Kinetik GTR hastigheter p\u00e5 <strong>upp till 75 km\/h<\/strong>, med en s\u00e4kerhetsgr\u00e4ns p\u00e5 25 km\/h. Med f\u00f6rm\u00e5gan att hantera sluttningar p\u00e5 upp till 30\u00b0 och en r\u00e4ckvidd p\u00e5 upp till <strong>90 kilometer<\/strong>, made possible by a 23.4 Ah battery capacity at 60V, this scooter sets high standards.<\/p>\n<p>Advanced Sine Wave controllers ensure quieter operation, faster response, and consistent speeds, while the <strong>TFT-display i f\u00e4rg<\/strong> ger omfattande information om ridning, vilket tillsammans ger en f\u00f6rb\u00e4ttrad anv\u00e4ndarupplevelse. <strong>Hybrid Wanda-d\u00e4ck<\/strong> are designed for optimal grip on all surfaces, ensuring the scooter&#8217;s versatility.<\/p>\n<p>Safety is ensured by the braking system with <strong>hydrauliska skivbromsar fr\u00e5n NUTT<\/strong> och en extra elektronisk broms, vilket \u00f6kar bromskraften och f\u00f6rl\u00e4nger livsl\u00e4ngden p\u00e5 bromsbel\u00e4ggen. Den ergonomiska designen med vikmekanism och <strong>justerbar hydraulisk fj\u00e4dring<\/strong> ger en bekv\u00e4m k\u00f6rning, medan <strong>NFC-l\u00e5s och PIN-kod<\/strong> provide advanced protection against unwanted access.<\/p>\n<p>Additionally, the model supports the use of an app to adjust the <strong>RGB-st\u00e4mningsbelysning<\/strong>som inte bara ger scootern en personlig pr\u00e4gel utan ocks\u00e5 \u00f6kar synligheten och s\u00e4kerheten i trafiken. Alternativet f\u00f6r <strong>montering av s\u00e4te<\/strong> f\u00f6r bekv\u00e4mare l\u00e4ngre turer och en hopf\u00e4llbar design f\u00f6r enkel transport betonar anpassningsf\u00f6rm\u00e5ga och funktionalitet. Med en bekymmersfri leverans och en garanti som omfattar 1 \u00e5rs grundgaranti med f\u00f6rl\u00e4ngningsalternativ, tillsammans med snabb service, ger Elektron Kinetik GTR en f\u00f6rstklassig k\u00f6rupplevelse som \u00f6vertr\u00e4ffar f\u00f6rv\u00e4ntningarna.<\/p>","protected":false},"featured_media":440,"comment_status":"open","ping_status":"closed","template":"","meta":[],"product_brand":[],"product_cat":[22,40,44,45],"product_tag":[],"class_list":{"0":"post-1904","1":"product","2":"type-product","3":"status-publish","4":"has-post-thumbnail","6":"product_cat-electric-scooters","7":"product_cat-electric-scooter-brands","8":"product_cat-electric-scooter-with-seat","9":"product_cat-elektron","10":"product_shipping_class-up-to-40-kg","12":"first","13":"outofstock","14":"taxable","15":"shipping-taxable","16":"purchasable","17":"product-type-simple"},"_links":{"self":[{"href":"https:\/\/electrotraveller.com\/se\/wp-json\/wp\/v2\/product\/1904","targetHints":{"allow":["GET"]}}],"collection":[{"href":"https:\/\/electrotraveller.com\/se\/wp-json\/wp\/v2\/product"}],"about":[{"href":"https:\/\/electrotraveller.com\/se\/wp-json\/wp\/v2\/types\/product"}],"replies":[{"embeddable":true,"href":"https:\/\/electrotraveller.com\/se\/wp-json\/wp\/v2\/comments?post=1904"}],"wp:featuredmedia":[{"embeddable":true,"href":"https:\/\/electrotraveller.com\/se\/wp-json\/wp\/v2\/media\/440"}],"wp:attachment":[{"href":"https:\/\/electrotraveller.com\/se\/wp-json\/wp\/v2\/media?parent=1904"}],"wp:term":[{"taxonomy":"product_brand","embeddable":true,"href":"https:\/\/electrotraveller.com\/se\/wp-json\/wp\/v2\/product_brand?post=1904"},{"taxonomy":"product_cat","embeddable":true,"href":"https:\/\/electrotraveller.com\/se\/wp-json\/wp\/v2\/product_cat?post=1904"},{"taxonomy":"product_tag","embeddable":true,"href":"https:\/\/electrotraveller.com\/se\/wp-json\/wp\/v2\/product_tag?post=1904"}],"curies":[{"name":"wp","href":"https:\/\/api.w.org\/{rel}","templated":true}]}}