{"id":11340,"date":"2026-01-17T16:48:12","date_gmt":"2026-01-17T16:48:12","guid":{"rendered":"https:\/\/electrotraveller.com\/?post_type=product&#038;p=11340"},"modified":"2026-05-05T16:10:58","modified_gmt":"2026-05-05T14:10:58","slug":"8-tum-massivt-dack-ulip-200x50","status":"publish","type":"product","link":"https:\/\/electrotraveller.com\/se\/electric-scooter-spare-parts\/8in-solid-tire-ulip-200x50\/","title":{"rendered":"200\u00d750 D\u00e4ck f\u00f6r elektrisk skoter \/\/ Solid"},"content":{"rendered":"","protected":false},"excerpt":{"rendered":"","protected":false},"featured_media":11341,"comment_status":"open","ping_status":"closed","template":"","meta":[],"product_brand":[],"product_cat":[30,39,78],"product_tag":[],"class_list":{"0":"post-11340","1":"product","2":"type-product","3":"status-publish","4":"has-post-thumbnail","6":"product_cat-electric-scooter-spare-parts","7":"product_cat-electric-scooter-tires","8":"product_cat-electric-scooter-tubeless-tires","9":"product_shipping_class-up-to-2-kg","11":"first","12":"instock","13":"taxable","14":"shipping-taxable","15":"purchasable","16":"product-type-simple"},"_links":{"self":[{"href":"https:\/\/electrotraveller.com\/se\/wp-json\/wp\/v2\/product\/11340","targetHints":{"allow":["GET"]}}],"collection":[{"href":"https:\/\/electrotraveller.com\/se\/wp-json\/wp\/v2\/product"}],"about":[{"href":"https:\/\/electrotraveller.com\/se\/wp-json\/wp\/v2\/types\/product"}],"replies":[{"embeddable":true,"href":"https:\/\/electrotraveller.com\/se\/wp-json\/wp\/v2\/comments?post=11340"}],"wp:featuredmedia":[{"embeddable":true,"href":"https:\/\/electrotraveller.com\/se\/wp-json\/wp\/v2\/media\/11341"}],"wp:attachment":[{"href":"https:\/\/electrotraveller.com\/se\/wp-json\/wp\/v2\/media?parent=11340"}],"wp:term":[{"taxonomy":"product_brand","embeddable":true,"href":"https:\/\/electrotraveller.com\/se\/wp-json\/wp\/v2\/product_brand?post=11340"},{"taxonomy":"product_cat","embeddable":true,"href":"https:\/\/electrotraveller.com\/se\/wp-json\/wp\/v2\/product_cat?post=11340"},{"taxonomy":"product_tag","embeddable":true,"href":"https:\/\/electrotraveller.com\/se\/wp-json\/wp\/v2\/product_tag?post=11340"}],"curies":[{"name":"wp","href":"https:\/\/api.w.org\/{rel}","templated":true}]}}