{"id":7012,"date":"2025-04-15T11:42:07","date_gmt":"2025-04-15T11:42:07","guid":{"rendered":"https:\/\/electrotraveller.com\/?post_type=product&#038;p=7012"},"modified":"2026-03-10T20:55:59","modified_gmt":"2026-03-10T19:55:59","slug":"pneu-sem-camara-de-ar-tuovt-10x3-6-offroad","status":"publish","type":"product","link":"https:\/\/electrotraveller.com\/pt\/electric-scooter-spare-parts\/tubeless-tire-tuovt-10x3-6-offroad\/","title":{"rendered":"Pneu Tubeless Tuovt 10\u00d73-6 (255\u00d780) para Scooter El\u00e9ctrica \/\/ Offroad"},"content":{"rendered":"","protected":false},"excerpt":{"rendered":"","protected":false},"featured_media":7014,"comment_status":"open","ping_status":"closed","template":"","meta":[],"product_brand":[],"product_cat":[30,39,78],"product_tag":[153,154,155,148,150,149,163,165,167,156,119,120,121,122,123,124,125,126,157,158,159,160,161,162],"class_list":{"0":"post-7012","1":"product","2":"type-product","3":"status-publish","4":"has-post-thumbnail","6":"product_cat-electric-scooter-spare-parts","7":"product_cat-electric-scooter-tires","8":"product_cat-electric-scooter-tubeless-tires","9":"product_tag-dualtron-speedway-5-dual-motor-parts","10":"product_tag-dualtron-victor-parts","11":"product_tag-dualtron-victor-luxury-parts","12":"product_tag-elektron-kinetik-parts","13":"product_tag-elektron-kinetik-gtr-parts","14":"product_tag-elektron-kinetik-pro-parts","15":"product_tag-joyor-s10-parts","16":"product_tag-joyor-s5-parts","17":"product_tag-joyor-s8-parts","18":"product_tag-motus-pro-10-parts","19":"product_tag-smartgyro-crossover-dual-parts","20":"product_tag-smartgyro-crossover-dual-pro-parts","21":"product_tag-smartgyro-rockway-parts","22":"product_tag-smartgyro-rockway-pro-v2-0-parts","23":"product_tag-smartgyro-rockway-v2-0-parts","24":"product_tag-smartgyro-speedway-parts","25":"product_tag-smartgyro-speedway-pro-parts","26":"product_tag-smartgyro-speedway-pro-v2-0-parts","27":"product_tag-techlife-x7-parts","28":"product_tag-techlife-x7s-parts","29":"product_tag-techlife-x8-parts","30":"product_tag-techlife-x8s-parts","31":"product_tag-vsett-10-parts","32":"product_tag-zero-10x-parts","33":"product_shipping_class-up-to-2-kg","35":"first","36":"instock","37":"taxable","38":"shipping-taxable","39":"purchasable","40":"product-type-simple"},"_links":{"self":[{"href":"https:\/\/electrotraveller.com\/pt\/wp-json\/wp\/v2\/product\/7012","targetHints":{"allow":["GET"]}}],"collection":[{"href":"https:\/\/electrotraveller.com\/pt\/wp-json\/wp\/v2\/product"}],"about":[{"href":"https:\/\/electrotraveller.com\/pt\/wp-json\/wp\/v2\/types\/product"}],"replies":[{"embeddable":true,"href":"https:\/\/electrotraveller.com\/pt\/wp-json\/wp\/v2\/comments?post=7012"}],"wp:featuredmedia":[{"embeddable":true,"href":"https:\/\/electrotraveller.com\/pt\/wp-json\/wp\/v2\/media\/7014"}],"wp:attachment":[{"href":"https:\/\/electrotraveller.com\/pt\/wp-json\/wp\/v2\/media?parent=7012"}],"wp:term":[{"taxonomy":"product_brand","embeddable":true,"href":"https:\/\/electrotraveller.com\/pt\/wp-json\/wp\/v2\/product_brand?post=7012"},{"taxonomy":"product_cat","embeddable":true,"href":"https:\/\/electrotraveller.com\/pt\/wp-json\/wp\/v2\/product_cat?post=7012"},{"taxonomy":"product_tag","embeddable":true,"href":"https:\/\/electrotraveller.com\/pt\/wp-json\/wp\/v2\/product_tag?post=7012"}],"curies":[{"name":"wp","href":"https:\/\/api.w.org\/{rel}","templated":true}]}}