{"id":287,"date":"2024-05-17T15:27:14","date_gmt":"2024-05-17T15:27:14","guid":{"rendered":"https:\/\/electrotraveller.com\/?post_type=product&#038;p=287"},"modified":"2026-03-20T08:46:45","modified_gmt":"2026-03-20T07:46:45","slug":"elektron-kinetik-gtr","status":"publish","type":"product","link":"https:\/\/electrotraveller.com\/pt\/electric-scooters\/elektron-kinetik-gtr\/","title":{"rendered":"Trotinete El\u00e9trica Elektron Kinetik GTR"},"content":{"rendered":"","protected":false},"excerpt":{"rendered":"<p><span style=\"color: #0000ff;\">Carregamento r\u00e1pido com carregador adicional<\/span><br \/>\n<span style=\"color: #0000ff;\">Op\u00e7\u00e3o de assento dispon\u00edvel<\/span><\/p>\n<p>A trotinete el\u00e9ctrica Elektron Kinetik GTR \u00e9 l\u00edder na sua categoria de mobilidade el\u00e9ctrica, concebida para quem procura um elevado desempenho e fiabilidade. Equipada com dois motores potentes, que fornecem um total de <strong>2800 W de pot\u00eancia nominal<\/strong> e at\u00e9 3800 W de pot\u00eancia m\u00e1xima, o Elektron Kinetik GTR atinge velocidades de <strong>at\u00e9 75 km\/h<\/strong>com um limite de seguran\u00e7a de 25 km\/h. Com capacidade para enfrentar inclina\u00e7\u00f5es at\u00e9 30\u00b0 e um alcance at\u00e9 <strong>90 km<\/strong>Gra\u00e7as a uma bateria com capacidade de 23,4 Ah a 60V, esta scooter estabelece padr\u00f5es elevados.<\/p>\n<p>Os controladores avan\u00e7ados de onda sinusoidal asseguram um funcionamento mais silencioso, uma resposta mais r\u00e1pida e velocidades consistentes, enquanto o <strong>ecr\u00e3 TFT a cores<\/strong> fornece informa\u00e7\u00f5es exaustivas sobre a condu\u00e7\u00e3o, proporcionando uma melhor experi\u00eancia ao utilizador. <strong>Pneus h\u00edbridos Wanda<\/strong> foram concebidas para uma ader\u00eancia \u00f3ptima em todas as superf\u00edcies, assegurando a versatilidade da scooter.<\/p>\n<p>A seguran\u00e7a \u00e9 garantida pelo sistema de travagem com <strong>trav\u00f5es de disco hidr\u00e1ulicos da NUTT<\/strong> e um trav\u00e3o eletr\u00f3nico adicional, aumentando a pot\u00eancia de travagem e prolongando a vida \u00fatil das pastilhas de trav\u00e3o. O design ergon\u00f3mico com um mecanismo de dobragem e <strong>suspens\u00e3o hidr\u00e1ulica regul\u00e1vel<\/strong> permite uma condu\u00e7\u00e3o confort\u00e1vel, enquanto o <strong>Bloqueio NFC e c\u00f3digo PIN<\/strong> fornecem prote\u00e7\u00e3o avan\u00e7ada contra acessos indesejados.<\/p>\n<p>Al\u00e9m disso, o modelo suporta a utiliza\u00e7\u00e3o de uma aplica\u00e7\u00e3o para ajustar a <strong>Ilumina\u00e7\u00e3o ambiente RGB<\/strong>que n\u00e3o s\u00f3 d\u00e1 um toque pessoal \u00e0 scooter, como tamb\u00e9m aumenta a visibilidade e a seguran\u00e7a no tr\u00e2nsito. A op\u00e7\u00e3o de <strong>montagem do banco<\/strong> para passeios mais longos e confort\u00e1veis e um design dobr\u00e1vel para um transporte f\u00e1cil real\u00e7am a adaptabilidade e a funcionalidade. Com uma entrega sem preocupa\u00e7\u00f5es e uma garantia que inclui uma garantia de base de 1 ano com op\u00e7\u00f5es de extens\u00e3o, juntamente com uma assist\u00eancia r\u00e1pida, a Elektron Kinetik GTR proporciona uma experi\u00eancia de condu\u00e7\u00e3o de qualidade superior que excede as expectativas.<\/p>","protected":false},"featured_media":440,"comment_status":"open","ping_status":"closed","template":"","meta":[],"product_brand":[],"product_cat":[22,44,45],"product_tag":[],"class_list":{"0":"post-287","1":"product","2":"type-product","3":"status-publish","4":"has-post-thumbnail","6":"product_cat-electric-scooters","7":"product_cat-electric-scooter-with-seat","8":"product_cat-elektron","10":"first","11":"instock","12":"sale","13":"taxable","14":"shipping-taxable","15":"purchasable","16":"product-type-simple"},"_links":{"self":[{"href":"https:\/\/electrotraveller.com\/pt\/wp-json\/wp\/v2\/product\/287","targetHints":{"allow":["GET"]}}],"collection":[{"href":"https:\/\/electrotraveller.com\/pt\/wp-json\/wp\/v2\/product"}],"about":[{"href":"https:\/\/electrotraveller.com\/pt\/wp-json\/wp\/v2\/types\/product"}],"replies":[{"embeddable":true,"href":"https:\/\/electrotraveller.com\/pt\/wp-json\/wp\/v2\/comments?post=287"}],"wp:featuredmedia":[{"embeddable":true,"href":"https:\/\/electrotraveller.com\/pt\/wp-json\/wp\/v2\/media\/440"}],"wp:attachment":[{"href":"https:\/\/electrotraveller.com\/pt\/wp-json\/wp\/v2\/media?parent=287"}],"wp:term":[{"taxonomy":"product_brand","embeddable":true,"href":"https:\/\/electrotraveller.com\/pt\/wp-json\/wp\/v2\/product_brand?post=287"},{"taxonomy":"product_cat","embeddable":true,"href":"https:\/\/electrotraveller.com\/pt\/wp-json\/wp\/v2\/product_cat?post=287"},{"taxonomy":"product_tag","embeddable":true,"href":"https:\/\/electrotraveller.com\/pt\/wp-json\/wp\/v2\/product_tag?post=287"}],"curies":[{"name":"wp","href":"https:\/\/api.w.org\/{rel}","templated":true}]}}