{"id":10006,"date":"2026-01-17T16:44:00","date_gmt":"2026-01-17T16:44:00","guid":{"rendered":"https:\/\/electrotraveller.com\/?post_type=product&#038;p=10006"},"modified":"2026-03-10T20:55:27","modified_gmt":"2026-03-10T19:55:27","slug":"10in-pneumatico-150mm-id","status":"publish","type":"product","link":"https:\/\/electrotraveller.com\/pt\/electric-scooter-spare-parts\/10in-pneumatic-150mm-id\/","title":{"rendered":"Pneu de v\u00e1cuo 10*6-5.5 com 150mm de di\u00e2metro interior Pneu para trotinete el\u00e9ctrica \/\/ Pneum\u00e1tico"},"content":{"rendered":"","protected":false},"excerpt":{"rendered":"","protected":false},"featured_media":10007,"comment_status":"open","ping_status":"closed","template":"","meta":[],"product_brand":[],"product_cat":[30,79,39],"product_tag":[],"class_list":{"0":"post-10006","1":"product","2":"type-product","3":"status-publish","4":"has-post-thumbnail","6":"product_cat-electric-scooter-spare-parts","7":"product_cat-electric-scooter-pneumatic-tires","8":"product_cat-electric-scooter-tires","9":"product_shipping_class-up-to-2-kg","11":"first","12":"instock","13":"taxable","14":"shipping-taxable","15":"purchasable","16":"product-type-simple"},"_links":{"self":[{"href":"https:\/\/electrotraveller.com\/pt\/wp-json\/wp\/v2\/product\/10006","targetHints":{"allow":["GET"]}}],"collection":[{"href":"https:\/\/electrotraveller.com\/pt\/wp-json\/wp\/v2\/product"}],"about":[{"href":"https:\/\/electrotraveller.com\/pt\/wp-json\/wp\/v2\/types\/product"}],"replies":[{"embeddable":true,"href":"https:\/\/electrotraveller.com\/pt\/wp-json\/wp\/v2\/comments?post=10006"}],"wp:featuredmedia":[{"embeddable":true,"href":"https:\/\/electrotraveller.com\/pt\/wp-json\/wp\/v2\/media\/10007"}],"wp:attachment":[{"href":"https:\/\/electrotraveller.com\/pt\/wp-json\/wp\/v2\/media?parent=10006"}],"wp:term":[{"taxonomy":"product_brand","embeddable":true,"href":"https:\/\/electrotraveller.com\/pt\/wp-json\/wp\/v2\/product_brand?post=10006"},{"taxonomy":"product_cat","embeddable":true,"href":"https:\/\/electrotraveller.com\/pt\/wp-json\/wp\/v2\/product_cat?post=10006"},{"taxonomy":"product_tag","embeddable":true,"href":"https:\/\/electrotraveller.com\/pt\/wp-json\/wp\/v2\/product_tag?post=10006"}],"curies":[{"name":"wp","href":"https:\/\/api.w.org\/{rel}","templated":true}]}}