{"id":1221,"date":"2024-06-18T13:36:55","date_gmt":"2024-06-18T13:36:55","guid":{"rendered":"https:\/\/electrotraveller.com\/?page_id=1221"},"modified":"2025-06-23T10:41:35","modified_gmt":"2025-06-23T10:41:35","slug":"pagamento-de-scooters-electricas-em-prestacoes","status":"publish","type":"page","link":"https:\/\/electrotraveller.com\/pt\/electric-scooter-payment-installments\/","title":{"rendered":"Trotinete El\u00e9trica Pagamento em presta\u00e7\u00f5es"},"content":{"rendered":"<div data-elementor-type=\"wp-page\" data-elementor-id=\"1221\" class=\"elementor elementor-1221\" data-elementor-post-type=\"page\">\n\t\t\t\t<div class=\"elementor-element elementor-element-8dd96c1 e-con-full e-flex e-con e-parent\" data-id=\"8dd96c1\" data-element_type=\"container\" data-settings=\"{&quot;background_background&quot;:&quot;classic&quot;}\">\n\t\t<div class=\"elementor-element elementor-element-1bc427d e-con-full e-flex e-con e-child\" data-id=\"1bc427d\" data-element_type=\"container\">\n\t\t\t\t<div class=\"elementor-element elementor-element-67eb55e elementor-widget elementor-widget-heading\" data-id=\"67eb55e\" data-element_type=\"widget\" data-widget_type=\"heading.default\">\n\t\t\t\t<div class=\"elementor-widget-container\">\n\t\t\t\t\t<h1 class=\"elementor-heading-title elementor-size-default\">Pagamento em presta\u00e7\u00f5es de trotinetes el\u00e9ctricas com a Klarna<\/h1>\t\t\t\t<\/div>\n\t\t\t\t<\/div>\n\t\t\t\t<div class=\"elementor-element elementor-element-08ee0ae elementor-widget__width-initial elementor-widget elementor-widget-text-editor\" data-id=\"08ee0ae\" data-element_type=\"widget\" data-widget_type=\"text-editor.default\">\n\t\t\t\t<div class=\"elementor-widget-container\">\n\t\t\t\t\t\t\t\t\t<p>Experimente flexibilidade e conveni\u00eancia sem paralelo com as solu\u00e7\u00f5es de pagamento da Klarna, agora perfeitamente integradas com o Stripe em ElektronScooters.com. \u00c0 medida que explora a nossa sele\u00e7\u00e3o premium de trotinetes El\u00e9tricas, a Klarna oferece planos de pagamento personalizados para corresponder \u00e0s suas prefer\u00eancias financeiras e necessidades de estilo de vida, todos dispon\u00edveis no ponto de pagamento atrav\u00e9s da plataforma segura do Stripe.<\/p><p><strong>Pagar agora<\/strong>: Para aqueles que preferem a simplicidade e o imediatismo, a op\u00e7\u00e3o \"Pagar agora\" permite-lhe concluir a sua compra instantaneamente. Este m\u00e9todo de pagamento simples garante uma transa\u00e7\u00e3o r\u00e1pida e segura, permitindo-lhe desfrutar da sua nova trotinete el\u00e9ctrica sem demora.<\/p><p><strong>Pagar depois<\/strong>: O nosso plano \"Pay Later\" oferece a m\u00e1xima flexibilidade de compra. Receba primeiro a sua trotinete el\u00e9ctrica e decida sobre a sua adequa\u00e7\u00e3o \u00e0 sua vontade. Com um per\u00edodo de car\u00eancia de 14 a 30 dias, esta op\u00e7\u00e3o oferece uma forma sem riscos de garantir que a sua compra corresponde a todas as suas expectativas, sem qualquer custo adicional.<\/p><p><strong>Financiamento<\/strong>: Concebida para os clientes que planeiam um investimento significativo na sua mobilidade, a nossa op\u00e7\u00e3o de \"Financiamento\" permite-lhe repartir o custo da sua trotinete el\u00e9ctrica em presta\u00e7\u00f5es ger\u00edveis. Esta solu\u00e7\u00e3o econ\u00f3mica permite-lhe beneficiar imediatamente das vantagens da sua nova scooter, com a comodidade de pagar a prazo.<\/p><p class=\"\" data-start=\"97\" data-end=\"327\"><strong data-start=\"97\" data-end=\"128\">Escolher o Klarna no checkout<\/strong><br data-start=\"128\" data-end=\"131\" \/>No checkout, pode agora selecionar <strong data-start=\"163\" data-end=\"182\">Klarna diretamente<\/strong> como m\u00e9todo de pagamento. N\u00e3o \u00e9 necess\u00e1rio criar uma conta Stripe separada. O Klarna d\u00e1-lhe a flexibilidade de escolher como e quando quer pagar.<\/p><p class=\"\" data-start=\"329\" data-end=\"520\">Quer prefira pagar na totalidade ou repartir o custo ao longo do tempo, a Klarna torna-o simples e seguro. Comece hoje mesmo a sua aventura de trotinete el\u00e9ctrica connosco, selecionando <strong data-start=\"493\" data-end=\"503\">Klarna<\/strong> durante o checkout.<\/p>\t\t\t\t\t\t\t\t<\/div>\n\t\t\t\t<\/div>\n\t\t\t\t<div class=\"elementor-element elementor-element-23b7989 elementor-widget elementor-widget-html\" data-id=\"23b7989\" data-element_type=\"widget\" data-widget_type=\"html.default\">\n\t\t\t\t<div class=\"elementor-widget-container\">\n\t\t\t\t\t<table border=\"1\" cellpadding=\"8\" cellspacing=\"0\" style=\"width: 100%; border-collapse: collapse;\">\r\n  <thead>\r\n    <tr style=\"background-color: #f2f2f2;\">\r\n      <th>Pa\u00eds<\/th>\r\n      <th>Op\u00e7\u00e3o de pagamento<\/th>\r\n      <th>Montante Intervalo<\/th>\r\n      <th>Notas<\/th>\r\n    <\/tr>\r\n  <\/thead>\r\n  <tbody>\r\n    <!-- Austria -->\r\n    <tr style=\"background-color: #d9d9d9;\">\r\n      <td>\u00c1ustria<\/td>\r\n      <td>Pagar na totalidade<\/td>\r\n      <td>0 - 10.000 EUR<\/td>\r\n      <td>Pagar o montante total antecipadamente.<\/td>\r\n    <\/tr>\r\n    <tr style=\"background-color: #d9d9d9;\">\r\n      <td><\/td>\r\n      <td>Pagar mais tarde<\/td>\r\n      <td>0,1 - 5 000 EUR<\/td>\r\n      <td>Pagar mais tarde no prazo de 30 dias.<\/td>\r\n    <\/tr>\r\n    <tr style=\"background-color: #d9d9d9;\">\r\n      <td><\/td>\r\n      <td>Pagamento em 3<\/td>\r\n      <td>1 - 5.000 EUR<\/td>\r\n      <td>Dividir o custo em 3 partes.<\/td>\r\n    <\/tr>\r\n    <tr style=\"background-color: #d9d9d9;\">\r\n      <td><\/td>\r\n      <td>Financiamento<\/td>\r\n      <td>25 - 5.000 EUR<\/td>\r\n      <td>Op\u00e7\u00f5es de financiamento mensal dispon\u00edveis.<\/td>\r\n    <\/tr>\r\n\r\n    <!-- Belgium -->\r\n    <tr>\r\n      <td>B\u00e9lgica<\/td>\r\n      <td>Pagar na totalidade<\/td>\r\n      <td>0 - 10.000 EUR<\/td>\r\n      <td>Pagar o montante total antecipadamente.<\/td>\r\n    <\/tr>\r\n    <tr>\r\n      <td><\/td>\r\n      <td>Pagar mais tarde<\/td>\r\n      <td>1 - 1.500 EUR<\/td>\r\n      <td>Pagar mais tarde no prazo de 30 dias.<\/td>\r\n    <\/tr>\r\n\r\n    <!-- Czechia -->\r\n    <tr style=\"background-color: #d9d9d9;\">\r\n      <td>Rep\u00fablica Checa<\/td>\r\n      <td>Pagar na totalidade<\/td>\r\n      <td>0 - 100.000 CZK<\/td>\r\n      <td>Pagar o montante total antecipadamente.<\/td>\r\n    <\/tr>\r\n    <tr style=\"background-color: #d9d9d9;\">\r\n      <td><\/td>\r\n      <td>Pagar mais tarde<\/td>\r\n      <td>0 - 12.250 CZK<\/td>\r\n      <td>Pagar mais tarde no prazo de 30 dias.<\/td>\r\n    <\/tr>\r\n    <tr style=\"background-color: #d9d9d9;\">\r\n      <td><\/td>\r\n      <td>Pagamento em 3<\/td>\r\n      <td>25 - 25.000 CZK<\/td>\r\n      <td>Dividir o custo em 3 partes.<\/td>\r\n    <\/tr>\r\n\r\n    <!-- Denmark -->\r\n    <tr>\r\n      <td>Dinamarca<\/td>\r\n      <td>Pagar na totalidade<\/td>\r\n      <td>1 - 100.000 DKK<\/td>\r\n      <td>Pagar o montante total antecipadamente.<\/td>\r\n    <\/tr>\r\n    <tr>\r\n      <td><\/td>\r\n      <td>Pagar mais tarde<\/td>\r\n      <td>1 - 50.000 DKK<\/td>\r\n      <td>Pagar mais tarde no prazo de 30 dias.<\/td>\r\n    <\/tr>\r\n    <tr>\r\n      <td><\/td>\r\n      <td>Pagamento em 3<\/td>\r\n      <td>10 - 50.000 DKK<\/td>\r\n      <td>Dividir o custo em 3 partes.<\/td>\r\n    <\/tr>\r\n\r\n    <!-- Finland -->\r\n    <tr style=\"background-color: #d9d9d9;\">\r\n      <td>Finl\u00e2ndia<\/td>\r\n      <td>Pagar na totalidade<\/td>\r\n      <td>0 - 10.000 EUR<\/td>\r\n      <td>Pagar o montante total antecipadamente.<\/td>\r\n    <\/tr>\r\n    <tr style=\"background-color: #d9d9d9;\">\r\n      <td><\/td>\r\n      <td>Pagar mais tarde<\/td>\r\n      <td>1 - 3.000 EUR<\/td>\r\n      <td>Pagar mais tarde no prazo de 30 dias.<\/td>\r\n    <\/tr>\r\n    <tr style=\"background-color: #d9d9d9;\">\r\n      <td><\/td>\r\n      <td>Financiamento<\/td>\r\n      <td>25 - 3.000 EUR<\/td>\r\n      <td>Op\u00e7\u00f5es de financiamento mensal dispon\u00edveis.<\/td>\r\n    <\/tr>\r\n\r\n    <!-- France -->\r\n    <tr>\r\n      <td>Fran\u00e7a<\/td>\r\n      <td>Pagar na totalidade<\/td>\r\n      <td>0 - 4.000 EUR<\/td>\r\n      <td>Pagar o montante total antecipadamente.<\/td>\r\n    <\/tr>\r\n    <tr>\r\n      <td><\/td>\r\n      <td>Pagar mais tarde<\/td>\r\n      <td>0 - 500 EUR<\/td>\r\n      <td>Pagar mais tarde no prazo de 30 dias.<\/td>\r\n    <\/tr>\r\n    <tr>\r\n      <td><\/td>\r\n      <td>Pagamento em 3<\/td>\r\n      <td>1 - 1.500 EUR<\/td>\r\n      <td>Dividir o custo em 3 partes.<\/td>\r\n    <\/tr>\r\n\r\n    <!-- Germany -->\r\n    <tr style=\"background-color: #d9d9d9;\">\r\n      <td>Alemanha<\/td>\r\n      <td>Pagar na totalidade<\/td>\r\n      <td>0 - 10.000 EUR<\/td>\r\n      <td>Pagar o montante total antecipadamente.<\/td>\r\n    <\/tr>\r\n    <tr style=\"background-color: #d9d9d9;\">\r\n      <td><\/td>\r\n      <td>Pagar mais tarde<\/td>\r\n      <td>0,1 - 10 000 EUR<\/td>\r\n      <td>Pagar mais tarde no prazo de 30 dias.<\/td>\r\n    <\/tr>\r\n    <tr style=\"background-color: #d9d9d9;\">\r\n      <td><\/td>\r\n      <td>Pagamento em 3<\/td>\r\n      <td>1 - 5.000 EUR<\/td>\r\n      <td>Dividir o custo em 3 partes.<\/td>\r\n    <\/tr>\r\n    <tr style=\"background-color: #d9d9d9;\">\r\n      <td><\/td>\r\n      <td>Financiamento<\/td>\r\n      <td>25 - 10 000 EUR<\/td>\r\n      <td>Op\u00e7\u00f5es de financiamento mensal dispon\u00edveis.<\/td>\r\n    <\/tr>\r\n\r\n    <!-- Greece -->\r\n    <tr>\r\n      <td>Gr\u00e9cia<\/td>\r\n      <td>Pagar na totalidade<\/td>\r\n      <td>0 - 4.000 EUR<\/td>\r\n      <td>Pagar o montante total antecipadamente.<\/td>\r\n    <\/tr>\r\n    <tr>\r\n      <td><\/td>\r\n      <td>Pagar mais tarde<\/td>\r\n      <td>0 - 500 EUR<\/td>\r\n      <td>Pagar mais tarde no prazo de 30 dias.<\/td>\r\n    <\/tr>\r\n    <tr>\r\n      <td><\/td>\r\n      <td>Pagamento em 3<\/td>\r\n      <td>1 - 1.000 EUR<\/td>\r\n      <td>Dividir o custo em 3 partes.<\/td>\r\n    <\/tr>\r\n\r\n    <!-- Hungary -->\r\n    <tr style=\"background-color: #d9d9d9;\">\r\n      <td>Hungria<\/td>\r\n      <td>Pagar na totalidade<\/td>\r\n      <td>0 - 200.000 HUF<\/td>\r\n      <td>Pagar o montante total antecipadamente.<\/td>\r\n    <\/tr>\r\n    <tr style=\"background-color: #d9d9d9;\">\r\n      <td><\/td>\r\n      <td>Pagar mais tarde<\/td>\r\n      <td>0 - 50 000 HUF<\/td>\r\n      <td>Pagar mais tarde no prazo de 30 dias.<\/td>\r\n    <\/tr>\r\n    <tr style=\"background-color: #d9d9d9;\">\r\n      <td><\/td>\r\n      <td>Pagamento em 3<\/td>\r\n      <td>500 - 50.000 HUF<\/td>\r\n      <td>Dividir o custo em 3 partes.<\/td>\r\n    <\/tr>\r\n\r\n    <!-- Ireland -->\r\n    <tr>\r\n      <td>Irlanda<\/td>\r\n      <td>Pagar na totalidade<\/td>\r\n      <td>0 - 4.000 EUR<\/td>\r\n      <td>Pagar o montante total antecipadamente.<\/td>\r\n    <\/tr>\r\n    <tr>\r\n      <td><\/td>\r\n      <td>Pagamento em 3<\/td>\r\n      <td>1 - 1.500 EUR<\/td>\r\n      <td>Dividir o custo em 3 partes.<\/td>\r\n    <\/tr>\r\n\r\n    <!-- Italy -->\r\n    <tr style=\"background-color: #d9d9d9;\">\r\n      <td>It\u00e1lia<\/td>\r\n      <td>Pagar na totalidade<\/td>\r\n      <td>0 - 4.000 EUR<\/td>\r\n      <td>Pagar o montante total antecipadamente.<\/td>\r\n    <\/tr>\r\n    <tr style=\"background-color: #d9d9d9;\">\r\n      <td><\/td>\r\n      <td>Pagar mais tarde<\/td>\r\n      <td>0 - 500 EUR<\/td>\r\n      <td>Pagar mais tarde no prazo de 30 dias.<\/td>\r\n    <\/tr>\r\n    <tr style=\"background-color: #d9d9d9;\">\r\n      <td><\/td>\r\n      <td>Pagamento em 3<\/td>\r\n      <td>1 - 1.500 EUR<\/td>\r\n      <td>Dividir o custo em 3 partes.<\/td>\r\n    <\/tr>\r\n     <!-- Netherlands -->\r\n    <tr>\r\n      <td>Pa\u00edses Baixos<\/td>\r\n      <td>Pagar na totalidade<\/td>\r\n      <td>0 - 10.000 EUR<\/td>\r\n      <td>Pagar o montante total antecipadamente.<\/td>\r\n    <\/tr>\r\n    <tr>\r\n      <td><\/td>\r\n      <td>Pagar mais tarde<\/td>\r\n      <td>1 - 1.500 EUR<\/td>\r\n      <td>Experimente antes de pagar.<\/td>\r\n    <\/tr>\r\n    <tr>\r\n      <td><\/td>\r\n      <td>Pagamento em 3<\/td>\r\n      <td>1 - 5.000 EUR<\/td>\r\n      <td>Dividido em 3 pagamentos.<\/td>\r\n    <\/tr>\r\n\r\n    <!-- Poland -->\r\n    <tr style=\"background-color: #d9d9d9;\">\r\n      <td>Pol\u00f3nia<\/td>\r\n      <td>Pagar na totalidade<\/td>\r\n      <td>0 - 40.000 PLN<\/td>\r\n      <td>Pagar o montante total antecipadamente.<\/td>\r\n    <\/tr>\r\n    <tr style=\"background-color: #d9d9d9;\">\r\n      <td><\/td>\r\n      <td>Pagar mais tarde<\/td>\r\n      <td>0 - 5.000 PLN<\/td>\r\n      <td>Experimente antes de pagar.<\/td>\r\n    <\/tr>\r\n    <tr style=\"background-color: #d9d9d9;\">\r\n      <td><\/td>\r\n      <td>Pagamento em 3<\/td>\r\n      <td>50 - 20.000 PLN<\/td>\r\n      <td>Dividido em 3 pagamentos.<\/td>\r\n    <\/tr>\r\n\r\n    <!-- Portugal -->\r\n    <tr>\r\n      <td>Portugal<\/td>\r\n      <td>Pagar na totalidade<\/td>\r\n      <td>0 - 4.000 EUR<\/td>\r\n      <td>Pagar o montante total antecipadamente.<\/td>\r\n    <\/tr>\r\n    <tr>\r\n      <td><\/td>\r\n      <td>Pagar mais tarde<\/td>\r\n      <td>0 - 500 EUR<\/td>\r\n      <td>Experimente antes de pagar.<\/td>\r\n    <\/tr>\r\n    <tr>\r\n      <td><\/td>\r\n      <td>Pagamento em 3<\/td>\r\n      <td>1 - 1.500 EUR<\/td>\r\n      <td>Dividido em 3 pagamentos.<\/td>\r\n    <\/tr>\r\n\r\n    <!-- Spain -->\r\n    <tr style=\"background-color: #d9d9d9;\">\r\n      <td>Espanha<\/td>\r\n      <td>Pagar na totalidade<\/td>\r\n      <td>0 - 4.000 EUR<\/td>\r\n      <td>Pagar o montante total antecipadamente.<\/td>\r\n    <\/tr>\r\n    <tr style=\"background-color: #d9d9d9;\">\r\n      <td><\/td>\r\n      <td>Pagar mais tarde<\/td>\r\n      <td>0 - 500 EUR<\/td>\r\n      <td>Experimente antes de pagar.<\/td>\r\n    <\/tr>\r\n    <tr style=\"background-color: #d9d9d9;\">\r\n      <td><\/td>\r\n      <td>Pagamento em 3<\/td>\r\n      <td>1 - 1.500 EUR<\/td>\r\n      <td>Dividido em 3 pagamentos.<\/td>\r\n    <\/tr>\r\n\r\n    <!-- Sweden -->\r\n    <tr>\r\n      <td>Su\u00e9cia<\/td>\r\n      <td>Pagar na totalidade<\/td>\r\n      <td>10 - 100.000 SEK<\/td>\r\n      <td>Pagar o montante total antecipadamente.<\/td>\r\n    <\/tr>\r\n    <tr>\r\n      <td><\/td>\r\n      <td>Pagar mais tarde<\/td>\r\n      <td>10 - 50 000 SEK<\/td>\r\n      <td>Experimente antes de pagar.<\/td>\r\n    <\/tr>\r\n    <tr>\r\n      <td><\/td>\r\n      <td>Pagamento em 3<\/td>\r\n      <td>100 - 50.000 SEK<\/td>\r\n      <td>Dividido em 3 pagamentos.<\/td>\r\n    <\/tr>\r\n  <\/tbody>\r\n<\/table>\t\t\t\t<\/div>\n\t\t\t\t<\/div>\n\t\t\t\t<\/div>\n\t\t\t\t<\/div>\n\t\t\t\t<\/div>","protected":false},"excerpt":{"rendered":"<p>Elektri\u010dni romobil na rate Kupnja elektri\u010dnog romobila nikada nije bila jednostavnija! Ako va\u0161a banka omogu\u0107ava opciju obro\u010dnog pla\u0107anja, svoju kupnju mo\u017eete podijeliti na vi\u0161e rata i tako si olak\u0161ati financijsko optere\u0107enje. Obro\u010dna otplata elektri\u010dnog romobila idealno je rje\u0161enje za sve koji \u017eele ravnomjerno rasporediti tro\u0161kove. Na\u0161a internetska trgovina nema izravnu mogu\u0107nost odabira obro\u010dnog pla\u0107anja. Sve [&hellip;]<\/p>\n","protected":false},"author":1,"featured_media":0,"parent":0,"menu_order":0,"comment_status":"closed","ping_status":"closed","template":"elementor_header_footer","meta":{"footnotes":""},"class_list":["post-1221","page","type-page","status-publish","hentry"],"_links":{"self":[{"href":"https:\/\/electrotraveller.com\/pt\/wp-json\/wp\/v2\/pages\/1221","targetHints":{"allow":["GET"]}}],"collection":[{"href":"https:\/\/electrotraveller.com\/pt\/wp-json\/wp\/v2\/pages"}],"about":[{"href":"https:\/\/electrotraveller.com\/pt\/wp-json\/wp\/v2\/types\/page"}],"author":[{"embeddable":true,"href":"https:\/\/electrotraveller.com\/pt\/wp-json\/wp\/v2\/users\/1"}],"replies":[{"embeddable":true,"href":"https:\/\/electrotraveller.com\/pt\/wp-json\/wp\/v2\/comments?post=1221"}],"version-history":[{"count":0,"href":"https:\/\/electrotraveller.com\/pt\/wp-json\/wp\/v2\/pages\/1221\/revisions"}],"wp:attachment":[{"href":"https:\/\/electrotraveller.com\/pt\/wp-json\/wp\/v2\/media?parent=1221"}],"curies":[{"name":"wp","href":"https:\/\/api.w.org\/{rel}","templated":true}]}}