{"id":1214,"date":"2024-06-18T11:05:40","date_gmt":"2024-06-18T11:05:40","guid":{"rendered":"https:\/\/electrotraveller.com\/?page_id=1214"},"modified":"2024-12-23T15:02:38","modified_gmt":"2024-12-23T15:02:38","slug":"calculadora-de-custos-de-carregamento-de-trotinetes-electricas","status":"publish","type":"page","link":"https:\/\/electrotraveller.com\/pt\/electric-scooter-charging-cost-calculator\/","title":{"rendered":"Calculadora de custos de carregamento de trotinetes el\u00e9ctricas"},"content":{"rendered":"<div data-elementor-type=\"wp-page\" data-elementor-id=\"1214\" class=\"elementor elementor-1214\" data-elementor-post-type=\"page\">\n\t\t\t\t<div class=\"elementor-element elementor-element-c28b110 e-con-full e-flex e-con e-parent\" data-id=\"c28b110\" data-element_type=\"container\" data-settings=\"{&quot;background_background&quot;:&quot;classic&quot;}\">\n\t\t<div class=\"elementor-element elementor-element-8bcc0df e-con-full e-flex e-con e-child\" data-id=\"8bcc0df\" data-element_type=\"container\">\n\t\t\t\t<div class=\"elementor-element elementor-element-ffc7056 elementor-widget elementor-widget-heading\" data-id=\"ffc7056\" data-element_type=\"widget\" data-widget_type=\"heading.default\">\n\t\t\t\t<div class=\"elementor-widget-container\">\n\t\t\t\t\t<h1 class=\"elementor-heading-title elementor-size-default\">Calculadora de custos de carregamento de trotinetes el\u00e9ctricas<\/h1>\t\t\t\t<\/div>\n\t\t\t\t<\/div>\n\t\t\t\t<div class=\"elementor-element elementor-element-db63855 elementor-widget__width-initial elementor-widget elementor-widget-shortcode\" data-id=\"db63855\" data-element_type=\"widget\" data-widget_type=\"shortcode.default\">\n\t\t\t\t<div class=\"elementor-widget-container\">\n\t\t\t\t\t\t\t<div class=\"elementor-shortcode\"><div class=\"formbox-wrapper\"><form action=\"https:\/\/electrotraveller.com\/pt\/calculadora-de-custos-de-carregamento-de-trotinetes-electricas\/\" name=\"formbox\" class=\"formbox formbox-3\" id=\"calculator_3\" data-trp-original-action=\"https:\/\/electrotraveller.com\/pt\/electric-scooter-charging-cost-calculator\/\">\n\t\t\t\t\t\t\t\t\t\t\n\t\t\t\t\t\t\t\t\t\t\t\t\t\t\t\t\t\t\t<fieldset class=\"formbox__container\"><div class=\"formbox__title\">Tens\u00e3o da bateria (V)<\/div><div class=\"formbox__body\"><div class=\"formbox__field\"><label class=\"formbox__field-lable\" for=\"formbox-field-1\">Tens\u00e3o da bateria (V)<\/label><input type=\"number\" class=\"formbox__field-input\" value=\"36\" step=\"0.01\" required=\"\" name=\"formbox-field-1\" id=\"formbox-field-1\"><\/div><\/div> <\/fieldset><fieldset class=\"formbox__container\"><div class=\"formbox__title\">Capacidade da bateria (Ah)<\/div><div class=\"formbox__body\"><div class=\"formbox__field\"><label class=\"formbox__field-lable\" for=\"formbox-field-2\">Capacidade da bateria (Ah)<\/label><input type=\"number\" class=\"formbox__field-input\" value=\"7.8\" step=\"0.01\" required=\"\" name=\"formbox-field-2\" id=\"formbox-field-2\"><\/div><\/div> <\/fieldset><fieldset class=\"formbox__container\"><div class=\"formbox__title\">Pre\u00e7o da eletricidade (na sua moeda\/kWh)<\/div><div class=\"formbox__body\"><div class=\"formbox__field\"><label class=\"formbox__field-lable\" for=\"formbox-field-3\">Pre\u00e7o da eletricidade (na sua moeda\/kWh)<\/label><input type=\"number\" class=\"formbox__field-input\" value=\"\" step=\"0.01\" required=\"\" name=\"formbox-field-3\" id=\"formbox-field-3\"><\/div><\/div> <\/fieldset><fieldset class=\"formbox__container\"><div class=\"formbox__title\">Ciclo de carga<\/div><div class=\"formbox__body\"><div class=\"formbox__field\"><label class=\"formbox__field-lable\" for=\"formbox-field-4\">Ciclo de carga<\/label><input type=\"number\" class=\"formbox__field-input\" value=\"1\" step=\"1\" required=\"\" name=\"formbox-field-4\" id=\"formbox-field-4\"><\/div><\/div> <\/fieldset><fieldset class=\"formbox__container\"><div class=\"formbox__title\"><\/div><div class=\"formbox__body\"><div class=\"formbox__btn\"><button class=\"formbox__btn-calc\">Calcular<\/button><button type=\"reset\" class=\"formbox__btn-reset\">Reiniciar<\/button><\/div><\/div> <\/fieldset><fieldset class=\"formbox__container has-result is-hidden\"><div class=\"formbox__title\"><\/div><div class=\"formbox__body\"><div class=\"formbox__field is-result has-addon is-right\"><span class=\"formbox__field-addon\">A sua moeda<\/span><label class=\"formbox__field-lable\" for=\"formbox-field-5\"><\/label><input type=\"text\" class=\"formbox__field-result\" readonly=\"\" name=\"formbox-field-5\" id=\"formbox-field-5\"><\/div><\/div> <\/fieldset>\t\t\t\t\t\t\t\t\t<input type=\"hidden\" class=\"calc-not-change\"><input type=\"hidden\" name=\"trp-form-language\" value=\"pt\"\/><\/form><\/div><\/div>\n\t\t\t\t\t\t<\/div>\n\t\t\t\t<\/div>\n\t\t\t\t<\/div>\n\t\t\t\t<\/div>\n\t\t<div class=\"elementor-element elementor-element-50c7ee9 e-con-full e-flex e-con e-parent\" data-id=\"50c7ee9\" data-element_type=\"container\" data-settings=\"{&quot;background_background&quot;:&quot;classic&quot;}\">\n\t\t<div class=\"elementor-element elementor-element-3d7c995 e-con-full e-flex e-con e-child\" data-id=\"3d7c995\" data-element_type=\"container\">\n\t\t\t\t<div class=\"elementor-element elementor-element-56810c7 elementor-widget elementor-widget-heading\" data-id=\"56810c7\" data-element_type=\"widget\" data-widget_type=\"heading.default\">\n\t\t\t\t<div class=\"elementor-widget-container\">\n\t\t\t\t\t<div class=\"elementor-heading-title elementor-size-default\">Declara\u00e7\u00e3o de exonera\u00e7\u00e3o de responsabilidade<\/div>\t\t\t\t<\/div>\n\t\t\t\t<\/div>\n\t\t\t\t<div class=\"elementor-element elementor-element-8ceb7fc elementor-widget__width-initial elementor-widget elementor-widget-text-editor\" data-id=\"8ceb7fc\" data-element_type=\"widget\" data-widget_type=\"text-editor.default\">\n\t\t\t\t<div class=\"elementor-widget-container\">\n\t\t\t\t\t\t\t\t\t<p>Uma trotinete el\u00e9ctrica \u00e9 um dos meios de transporte mais ecol\u00f3gicos e financeiramente acess\u00edveis. Uma das principais vantagens das trotinetes El\u00e9tricas \u00e9 o facto de poderem ser carregadas r\u00e1pida e facilmente. Embora as trotinetes El\u00e9tricas tenham algumas limita\u00e7\u00f5es em termos de autonomia, os custos de carregamento mais baixos podem levar a poupan\u00e7as significativas nas desloca\u00e7\u00f5es di\u00e1rias. Ao comparar os custos de carregamento com outros meios de transporte, como carros, transportes p\u00fablicos ou t\u00e1xis, torna-se claro que o custo de carregamento de uma trotinete el\u00e9ctrica \u00e9 significativamente mais baixo.<\/p><p>Para ajudar os utilizadores a estimar os custos de carregamento, prepar\u00e1mos uma calculadora que calcula as despesas de carregamento aproximadas. No entanto, \u00e9 importante notar que os resultados s\u00e3o apenas para fins informativos e podem diferir dos custos reais. A calculadora de carregamento de trotinetes el\u00e9ctricas parte do princ\u00edpio de que uma bateria totalmente descarregada est\u00e1 a ser carregada at\u00e9 \u00e0 capacidade m\u00e1xima. Na vida real, a bateria nem sempre est\u00e1 completamente descarregada, nem precisa de estar sempre totalmente carregada.<\/p><p>O custo de carregamento de uma trotinete el\u00e9ctrica depende de v\u00e1rios factores, como a voltagem da bateria, a capacidade da bateria e o custo da eletricidade. Infelizmente, n\u00e3o existe uma resposta \u00fanica para a quest\u00e3o de quanto custa carregar uma trotinete el\u00e9ctrica, uma vez que os custos podem variar consoante o fornecedor de eletricidade. Por isso, recomenda-se que os utilizadores consultem o seu fornecedor de eletricidade para obterem informa\u00e7\u00f5es mais precisas sobre os pre\u00e7os da eletricidade. Para reduzir os custos de carregamento, \u00e9 aconselh\u00e1vel carregar a sua scooter durante as horas de vazio (tarifas mais baixas) sempre que poss\u00edvel e se tiver essa op\u00e7\u00e3o.<\/p>\t\t\t\t\t\t\t\t<\/div>\n\t\t\t\t<\/div>\n\t\t\t\t<\/div>\n\t\t\t\t<\/div>\n\t\t<div class=\"elementor-element elementor-element-511ea6d e-con-full e-flex e-con e-child\" data-id=\"511ea6d\" data-element_type=\"container\" data-settings=\"{&quot;background_background&quot;:&quot;classic&quot;}\">\n\t\t\t\t<div class=\"elementor-element elementor-element-b73a05a elementor-widget elementor-widget-image\" data-id=\"b73a05a\" data-element_type=\"widget\" data-widget_type=\"image.default\">\n\t\t\t\t<div class=\"elementor-widget-container\">\n\t\t\t\t\t\t\t\t\t\t\t\t\t\t\t<img decoding=\"async\" width=\"340\" height=\"45\" src=\"https:\/\/electrotraveller.com\/wp-content\/uploads\/2024\/06\/elektron-scooters-logo-.svg\" class=\"attachment-large size-large wp-image-1275\" alt=\"\" \/>\t\t\t\t\t\t\t\t\t\t\t\t\t\t\t<\/div>\n\t\t\t\t<\/div>\n\t\t\t\t<div class=\"elementor-element elementor-element-3d1675b elementor-widget elementor-widget-text-editor\" data-id=\"3d1675b\" data-element_type=\"widget\" data-widget_type=\"text-editor.default\">\n\t\t\t\t<div class=\"elementor-widget-container\">\n\t\t\t\t\t\t\t\t\t<p>ELEKTRON KINETIK \/ <span style=\"color: #3366ff;\">PRO<\/span> \/ <span style=\"color: #ff0000;\">GTR<\/span>\u00a0<\/p><p>As trotinetes el\u00e9ctricas Elektron oferecem um elevado desempenho, um car\u00e1cter pr\u00e1tico excecional e uma durabilidade not\u00e1vel. S\u00e3o concebidas para serem vers\u00e1teis em qualquer condi\u00e7\u00e3o.<\/p>\t\t\t\t\t\t\t\t<\/div>\n\t\t\t\t<\/div>\n\t\t\t\t<div class=\"elementor-element elementor-element-f7b87af elementor-widget elementor-widget-text-editor\" data-id=\"f7b87af\" data-element_type=\"widget\" data-widget_type=\"text-editor.default\">\n\t\t\t\t<div class=\"elementor-widget-container\">\n\t\t\t\t\t\t\t\t\tA partir de <span class=\"woocs_price_code\" data-currency=\"\" data-redraw-id=\"69f538e9e97f0\"  data-product-id=\"1898\"><del aria-hidden=\"true\"><span class=\"woocommerce-Price-amount amount\"><bdi>1.549,00<span class=\"woocommerce-Price-currencySymbol\">\u20ac<\/span><\/bdi><\/span><\/del> <span class=\"screen-reader-text\">O pre\u00e7o original era: 1.549,00\u20ac.<\/span><ins aria-hidden=\"true\"><span class=\"woocommerce-Price-amount amount\"><bdi>999,00<span class=\"woocommerce-Price-currencySymbol\">\u20ac<\/span><\/bdi><\/span><\/ins><span class=\"screen-reader-text\">O pre\u00e7o atual \u00e9: 999,00\u20ac.<\/span><\/span>\t\t\t\t\t\t\t\t<\/div>\n\t\t\t\t<\/div>\n\t\t<div class=\"elementor-element elementor-element-80f8869 e-con-full e-flex e-con e-child\" data-id=\"80f8869\" data-element_type=\"container\">\n\t\t\t\t<div class=\"elementor-element elementor-element-b46ccf8 elementor-align-center animated-gradient elementor-hidden-desktop elementor-hidden-tablet elementor-hidden-mobile elementor-widget elementor-widget-button\" data-id=\"b46ccf8\" data-element_type=\"widget\" data-widget_type=\"button.default\">\n\t\t\t\t<div class=\"elementor-widget-container\">\n\t\t\t\t\t\t\t\t\t<div class=\"elementor-button-wrapper\">\n\t\t\t\t\t<a class=\"elementor-button elementor-button-link elementor-size-sm\" href=\"http:\/\/elektronscooters.com\" target=\"_blank\" rel=\"noopener\">\n\t\t\t\t\t\t<span class=\"elementor-button-content-wrapper\">\n\t\t\t\t\t\t<span class=\"elementor-button-icon\">\n\t\t\t\t<svg aria-hidden=\"true\" class=\"e-font-icon-svg e-fas-link\" viewbox=\"0 0 512 512\" xmlns=\"http:\/\/www.w3.org\/2000\/svg\"><path d=\"M326.612 185.391c59.747 59.809 58.927 155.698.36 214.59-.11.12-.24.25-.36.37l-67.2 67.2c-59.27 59.27-155.699 59.262-214.96 0-59.27-59.26-59.27-155.7 0-214.96l37.106-37.106c9.84-9.84 26.786-3.3 27.294 10.606.648 17.722 3.826 35.527 9.69 52.721 1.986 5.822.567 12.262-3.783 16.612l-13.087 13.087c-28.026 28.026-28.905 73.66-1.155 101.96 28.024 28.579 74.086 28.749 102.325.51l67.2-67.19c28.191-28.191 28.073-73.757 0-101.83-3.701-3.694-7.429-6.564-10.341-8.569a16.037 16.037 0 0 1-6.947-12.606c-.396-10.567 3.348-21.456 11.698-29.806l21.054-21.055c5.521-5.521 14.182-6.199 20.584-1.731a152.482 152.482 0 0 1 20.522 17.197zM467.547 44.449c-59.261-59.262-155.69-59.27-214.96 0l-67.2 67.2c-.12.12-.25.25-.36.37-58.566 58.892-59.387 154.781.36 214.59a152.454 152.454 0 0 0 20.521 17.196c6.402 4.468 15.064 3.789 20.584-1.731l21.054-21.055c8.35-8.35 12.094-19.239 11.698-29.806a16.037 16.037 0 0 0-6.947-12.606c-2.912-2.005-6.64-4.875-10.341-8.569-28.073-28.073-28.191-73.639 0-101.83l67.2-67.19c28.239-28.239 74.3-28.069 102.325.51 27.75 28.3 26.872 73.934-1.155 101.96l-13.087 13.087c-4.35 4.35-5.769 10.79-3.783 16.612 5.864 17.194 9.042 34.999 9.69 52.721.509 13.906 17.454 20.446 27.294 10.606l37.106-37.106c59.271-59.259 59.271-155.699.001-214.959z\"><\/path><\/svg>\t\t\t<\/span>\n\t\t\t\t\t\t\t\t\t<span class=\"elementor-button-text\">Visite elektronscooters.com <\/span>\n\t\t\t\t\t<\/span>\n\t\t\t\t\t<\/a>\n\t\t\t\t<\/div>\n\t\t\t\t\t\t\t\t<\/div>\n\t\t\t\t<\/div>\n\t\t\t\t<div class=\"elementor-element elementor-element-a3a7b32 elementor-align-center animated-gradient elementor-widget elementor-widget-button\" data-id=\"a3a7b32\" data-element_type=\"widget\" data-widget_type=\"button.default\">\n\t\t\t\t<div class=\"elementor-widget-container\">\n\t\t\t\t\t\t\t\t\t<div class=\"elementor-button-wrapper\">\n\t\t\t\t\t<a class=\"elementor-button elementor-button-link elementor-size-sm\" href=\"https:\/\/electrotraveller.com\/pt\/dev\/categoria-produto\/trotinetas-electricas\/brands\/elektrao\/\">\n\t\t\t\t\t\t<span class=\"elementor-button-content-wrapper\">\n\t\t\t\t\t\t<span class=\"elementor-button-icon\">\n\t\t\t\t<svg aria-hidden=\"true\" class=\"e-font-icon-svg e-far-hand-point-up\" viewbox=\"0 0 448 512\" xmlns=\"http:\/\/www.w3.org\/2000\/svg\"><path d=\"M105.6 83.2v86.177a115.52 115.52 0 0 0-22.4-2.176c-47.914 0-83.2 35.072-83.2 92 0 45.314 48.537 57.002 78.784 75.707 12.413 7.735 23.317 16.994 33.253 25.851l.146.131.148.129C129.807 376.338 136 384.236 136 391.2v2.679c-4.952 5.747-8 13.536-8 22.12v64c0 17.673 12.894 32 28.8 32h230.4c15.906 0 28.8-14.327 28.8-32v-64c0-8.584-3.048-16.373-8-22.12V391.2c0-28.688 40-67.137 40-127.2v-21.299c0-62.542-38.658-98.8-91.145-99.94-17.813-12.482-40.785-18.491-62.791-15.985A93.148 93.148 0 0 0 272 118.847V83.2C272 37.765 234.416 0 188.8 0c-45.099 0-83.2 38.101-83.2 83.2zm118.4 0v91.026c14.669-12.837 42.825-14.415 61.05 4.95 19.646-11.227 45.624-1.687 53.625 12.925 39.128-6.524 61.325 10.076 61.325 50.6V264c0 45.491-35.913 77.21-39.676 120H183.571c-2.964-25.239-21.222-42.966-39.596-59.075-12.65-11.275-25.3-21.725-39.875-30.799C80.712 279.645 48 267.994 48 259.2c0-23.375 8.8-44 35.2-44 35.2 0 53.075 26.4 70.4 26.4V83.2c0-18.425 16.5-35.2 35.2-35.2 18.975 0 35.2 16.225 35.2 35.2zM352 424c13.255 0 24 10.745 24 24s-10.745 24-24 24-24-10.745-24-24 10.745-24 24-24z\"><\/path><\/svg>\t\t\t<\/span>\n\t\t\t\t\t\t\t\t\t<span class=\"elementor-button-text\">Ver Elektron<\/span>\n\t\t\t\t\t<\/span>\n\t\t\t\t\t<\/a>\n\t\t\t\t<\/div>\n\t\t\t\t\t\t\t\t<\/div>\n\t\t\t\t<\/div>\n\t\t\t\t<\/div>\n\t\t\t\t<\/div>\n\t\t\t\t<\/div>","protected":false},"excerpt":{"rendered":"<p>Electric Scooter Charging Cost Calculator Disclaimer An electric scooter is one of the most environmentally friendly and financially accessible forms of transportation. One of the main advantages of electric scooters is that they can be charged quickly and easily. Although electric scooters have some limitations in terms of range, the lower charging costs can lead [&hellip;]<\/p>\n","protected":false},"author":1,"featured_media":0,"parent":0,"menu_order":0,"comment_status":"closed","ping_status":"closed","template":"elementor_header_footer","meta":{"footnotes":""},"class_list":["post-1214","page","type-page","status-publish","hentry"],"_links":{"self":[{"href":"https:\/\/electrotraveller.com\/pt\/wp-json\/wp\/v2\/pages\/1214","targetHints":{"allow":["GET"]}}],"collection":[{"href":"https:\/\/electrotraveller.com\/pt\/wp-json\/wp\/v2\/pages"}],"about":[{"href":"https:\/\/electrotraveller.com\/pt\/wp-json\/wp\/v2\/types\/page"}],"author":[{"embeddable":true,"href":"https:\/\/electrotraveller.com\/pt\/wp-json\/wp\/v2\/users\/1"}],"replies":[{"embeddable":true,"href":"https:\/\/electrotraveller.com\/pt\/wp-json\/wp\/v2\/comments?post=1214"}],"version-history":[{"count":0,"href":"https:\/\/electrotraveller.com\/pt\/wp-json\/wp\/v2\/pages\/1214\/revisions"}],"wp:attachment":[{"href":"https:\/\/electrotraveller.com\/pt\/wp-json\/wp\/v2\/media?parent=1214"}],"curies":[{"name":"wp","href":"https:\/\/api.w.org\/{rel}","templated":true}]}}