{"id":287,"date":"2024-05-17T15:27:14","date_gmt":"2024-05-17T15:27:14","guid":{"rendered":"https:\/\/electrotraveller.com\/?post_type=product&#038;p=287"},"modified":"2026-03-20T08:46:45","modified_gmt":"2026-03-20T07:46:45","slug":"elektron-kinetik-gtr","status":"publish","type":"product","link":"https:\/\/electrotraveller.com\/pl\/electric-scooters\/elektron-kinetik-gtr\/","title":{"rendered":"Hulajnoga elektryczna Elektron Kinetik GTR"},"content":{"rendered":"","protected":false},"excerpt":{"rendered":"<p><span style=\"color: #0000ff;\">Szybkie \u0142adowanie za pomoc\u0105 dodatkowej \u0142adowarki<\/span><br \/>\n<span style=\"color: #0000ff;\">Dost\u0119pna opcja siedzenia<\/span><\/p>\n<p>Hulajnoga elektryczna Elektron Kinetik GTR jest liderem w swojej kategorii mobilno\u015bci elektrycznej, zaprojektowanym dla os\u00f3b poszukuj\u0105cych wysokiej wydajno\u015bci i niezawodno\u015bci. Wyposa\u017cony w dwa mocne silniki, zapewniaj\u0105ce \u0142\u0105cznie <strong>Moc nominalna 2800 W<\/strong> i maksymalnej mocy do 3800 W, Elektron Kinetik GTR osi\u0105ga pr\u0119dko\u015bci rz\u0119du <strong>do 75 km\/h<\/strong>z ograniczeniem pr\u0119dko\u015bci do 25 km\/h. Dzi\u0119ki mo\u017cliwo\u015bci pokonywania wzniesie\u0144 o nachyleniu do 30\u00b0 i zasi\u0119gowi do <strong>90 km<\/strong>Dzi\u0119ki akumulatorowi o pojemno\u015bci 23,4 Ah i napi\u0119ciu 60 V hulajnoga ta wyznacza wysokie standardy.<\/p>\n<p>Zaawansowane kontrolery Sine Wave zapewniaj\u0105 cichsz\u0105 prac\u0119, szybsz\u0105 reakcj\u0119 i sta\u0142\u0105 pr\u0119dko\u015b\u0107, podczas gdy <strong>kolorowy wy\u015bwietlacz TFT<\/strong> zapewnia obszerne informacje o je\u017adzie, razem zapewniaj\u0105c lepsze wra\u017cenia u\u017cytkownika. <strong>Hybrydowe opony Wanda<\/strong> zosta\u0142y zaprojektowane z my\u015bl\u0105 o optymalnej przyczepno\u015bci na wszystkich powierzchniach, zapewniaj\u0105c wszechstronno\u015b\u0107 hulajnogi.<\/p>\n<p>Bezpiecze\u0144stwo zapewnia uk\u0142ad hamulcowy z <strong>hydrauliczne hamulce tarczowe firmy NUTT<\/strong> oraz dodatkowy hamulec elektroniczny, zwi\u0119kszaj\u0105cy si\u0142\u0119 hamowania i wyd\u0142u\u017caj\u0105cy \u017cywotno\u015b\u0107 klock\u00f3w hamulcowych. Ergonomiczna konstrukcja z mechanizmem sk\u0142adania i <strong>regulowane zawieszenie hydrauliczne<\/strong> umo\u017cliwia wygodn\u0105 jazd\u0119, podczas gdy <strong>Blokada NFC i kod PIN<\/strong> zapewniaj\u0105 zaawansowan\u0105 ochron\u0119 przed niepo\u017c\u0105danym dost\u0119pem.<\/p>\n<p>Dodatkowo, model obs\u0142uguje korzystanie z aplikacji w celu dostosowania <strong>O\u015bwietlenie otoczenia RGB<\/strong>kt\u00f3re nie tylko dodaj\u0105 skuterowi osobistego charakteru, ale tak\u017ce poprawiaj\u0105 widoczno\u015b\u0107 i bezpiecze\u0144stwo w ruchu drogowym. Opcja dla <strong>monta\u017c siedzenia<\/strong> dla bardziej komfortowych d\u0142u\u017cszych przeja\u017cd\u017cek i sk\u0142adana konstrukcja u\u0142atwiaj\u0105ca transport podkre\u015blaj\u0105 mo\u017cliwo\u015bci adaptacyjne i funkcjonalno\u015b\u0107. Dzi\u0119ki bezproblemowej dostawie i gwarancji obejmuj\u0105cej roczn\u0105 gwarancj\u0119 podstawow\u0105 z opcjami przed\u0142u\u017cenia, a tak\u017ce szybkiemu serwisowi, Elektron Kinetik GTR zapewnia najwy\u017cszej jako\u015bci wra\u017cenia z jazdy, kt\u00f3re przekraczaj\u0105 oczekiwania.<\/p>","protected":false},"featured_media":440,"comment_status":"open","ping_status":"closed","template":"","meta":[],"product_brand":[],"product_cat":[22,44,45],"product_tag":[],"class_list":{"0":"post-287","1":"product","2":"type-product","3":"status-publish","4":"has-post-thumbnail","6":"product_cat-electric-scooters","7":"product_cat-electric-scooter-with-seat","8":"product_cat-elektron","10":"first","11":"instock","12":"sale","13":"taxable","14":"shipping-taxable","15":"purchasable","16":"product-type-simple"},"_links":{"self":[{"href":"https:\/\/electrotraveller.com\/pl\/wp-json\/wp\/v2\/product\/287","targetHints":{"allow":["GET"]}}],"collection":[{"href":"https:\/\/electrotraveller.com\/pl\/wp-json\/wp\/v2\/product"}],"about":[{"href":"https:\/\/electrotraveller.com\/pl\/wp-json\/wp\/v2\/types\/product"}],"replies":[{"embeddable":true,"href":"https:\/\/electrotraveller.com\/pl\/wp-json\/wp\/v2\/comments?post=287"}],"wp:featuredmedia":[{"embeddable":true,"href":"https:\/\/electrotraveller.com\/pl\/wp-json\/wp\/v2\/media\/440"}],"wp:attachment":[{"href":"https:\/\/electrotraveller.com\/pl\/wp-json\/wp\/v2\/media?parent=287"}],"wp:term":[{"taxonomy":"product_brand","embeddable":true,"href":"https:\/\/electrotraveller.com\/pl\/wp-json\/wp\/v2\/product_brand?post=287"},{"taxonomy":"product_cat","embeddable":true,"href":"https:\/\/electrotraveller.com\/pl\/wp-json\/wp\/v2\/product_cat?post=287"},{"taxonomy":"product_tag","embeddable":true,"href":"https:\/\/electrotraveller.com\/pl\/wp-json\/wp\/v2\/product_tag?post=287"}],"curies":[{"name":"wp","href":"https:\/\/api.w.org\/{rel}","templated":true}]}}