{"id":13149,"date":"2026-05-05T11:42:08","date_gmt":"2026-05-05T09:42:08","guid":{"rendered":"https:\/\/electrotraveller.com\/?post_type=product&#038;p=13149"},"modified":"2026-05-05T11:42:09","modified_gmt":"2026-05-05T09:42:09","slug":"lozysko-tylnego-kola-kukirin-g2-pro","status":"publish","type":"product","link":"https:\/\/electrotraveller.com\/pl\/electric-scooter-spare-parts\/kukirin-g2-pro-rear-wheel-bearing\/","title":{"rendered":"\u0141o\u017cysko tylnego ko\u0142a Kukirin G2 Pro"},"content":{"rendered":"","protected":false},"excerpt":{"rendered":"","protected":false},"featured_media":13153,"comment_status":"open","ping_status":"closed","template":"","meta":[],"product_brand":[],"product_cat":[30,404],"product_tag":[],"class_list":{"0":"post-13149","1":"product","2":"type-product","3":"status-publish","4":"has-post-thumbnail","6":"product_cat-electric-scooter-spare-parts","7":"product_cat-kukirin-spare-parts","8":"product_shipping_class-up-to-2-kg","10":"first","11":"instock","12":"taxable","13":"shipping-taxable","14":"purchasable","15":"product-type-simple"},"_links":{"self":[{"href":"https:\/\/electrotraveller.com\/pl\/wp-json\/wp\/v2\/product\/13149","targetHints":{"allow":["GET"]}}],"collection":[{"href":"https:\/\/electrotraveller.com\/pl\/wp-json\/wp\/v2\/product"}],"about":[{"href":"https:\/\/electrotraveller.com\/pl\/wp-json\/wp\/v2\/types\/product"}],"replies":[{"embeddable":true,"href":"https:\/\/electrotraveller.com\/pl\/wp-json\/wp\/v2\/comments?post=13149"}],"wp:featuredmedia":[{"embeddable":true,"href":"https:\/\/electrotraveller.com\/pl\/wp-json\/wp\/v2\/media\/13153"}],"wp:attachment":[{"href":"https:\/\/electrotraveller.com\/pl\/wp-json\/wp\/v2\/media?parent=13149"}],"wp:term":[{"taxonomy":"product_brand","embeddable":true,"href":"https:\/\/electrotraveller.com\/pl\/wp-json\/wp\/v2\/product_brand?post=13149"},{"taxonomy":"product_cat","embeddable":true,"href":"https:\/\/electrotraveller.com\/pl\/wp-json\/wp\/v2\/product_cat?post=13149"},{"taxonomy":"product_tag","embeddable":true,"href":"https:\/\/electrotraveller.com\/pl\/wp-json\/wp\/v2\/product_tag?post=13149"}],"curies":[{"name":"wp","href":"https:\/\/api.w.org\/{rel}","templated":true}]}}