{"id":7349,"date":"2025-04-30T14:32:04","date_gmt":"2025-04-30T14:32:04","guid":{"rendered":"https:\/\/electrotraveller.com\/?page_id=7349"},"modified":"2025-12-06T11:46:24","modified_gmt":"2025-12-06T11:46:24","slug":"business-to-business-b2b-zamowienia-fakturowanie-vat","status":"publish","type":"page","link":"https:\/\/electrotraveller.com\/pl\/business-to-business-b2b-orders-vat-invoicing\/","title":{"rendered":"Zam\u00f3wienia mi\u0119dzy firmami (B2B) i fakturowanie VAT"},"content":{"rendered":"<div data-elementor-type=\"wp-page\" data-elementor-id=\"7349\" class=\"elementor elementor-7349\" data-elementor-post-type=\"page\">\n\t\t\t\t<div class=\"elementor-element elementor-element-16b46de e-con-full e-flex e-con e-parent\" data-id=\"16b46de\" data-element_type=\"container\" data-settings=\"{&quot;background_background&quot;:&quot;classic&quot;}\">\n\t\t<div class=\"elementor-element elementor-element-b25752f e-con-full e-flex e-con e-child\" data-id=\"b25752f\" data-element_type=\"container\">\n\t\t\t\t<div class=\"elementor-element elementor-element-40602dc elementor-widget elementor-widget-heading\" data-id=\"40602dc\" data-element_type=\"widget\" data-widget_type=\"heading.default\">\n\t\t\t\t<div class=\"elementor-widget-container\">\n\t\t\t\t\t<h1 class=\"elementor-heading-title elementor-size-default\">Zam\u00f3wienia B2B na skutery elektryczne i rowery elektryczne - \u0142atwe fakturowanie VAT\n\n<\/h1>\t\t\t\t<\/div>\n\t\t\t\t<\/div>\n\t\t\t\t<div class=\"elementor-element elementor-element-d4c1244 elementor-widget__width-initial elementor-widget elementor-widget-text-editor\" data-id=\"d4c1244\" data-element_type=\"widget\" data-widget_type=\"text-editor.default\">\n\t\t\t\t<div class=\"elementor-widget-container\">\n\t\t\t\t\t\t\t\t\t<p>W ElectroTraveller u\u0142atwiamy firmom zakup skuter\u00f3w elektrycznych i rower\u00f3w elektrycznych z VAT lub zwolnionych z VAT. Niezale\u017cnie od tego, czy dokonujesz zakupu dla swojej floty, sprzeda\u017cy detalicznej czy korporacyjnych rozwi\u0105za\u0144 w zakresie mobilno\u015bci, nasz program B2B zapewnia p\u0142ynne transakcje w ca\u0142ej UE.<\/p><h2>Zakup skuter\u00f3w elektrycznych i rower\u00f3w elektrycznych z VAT lub zwolnieniem z VAT<\/h2><p>Je\u015bli Twoja firma jest zarejestrowana w Unii Europejskiej (ale poza naszym krajem rejestracji), mo\u017cesz kupowa\u0107 skutery elektryczne i rowery elektryczne bez podatku VAT w ramach unijnego mechanizmu odwrotnego obci\u0105\u017cenia. Jest to idealne rozwi\u0105zanie dla firm, kt\u00f3re chc\u0105 obni\u017cy\u0107 koszty, jednocze\u015bnie inwestuj\u0105c w zr\u00f3wnowa\u017con\u0105 mobilno\u015b\u0107.<\/p><p><br \/><strong>Jak dzia\u0142a zwolnienie z VAT?<\/strong><\/p><ol><li><span style=\"color: #0000ff;\"><strong>Wprowad\u017a wa\u017cny numer VAT UE przy kasie.<\/strong><\/span><\/li><li><span style=\"color: #0000ff;\"><strong>Nasz system weryfikuje numer VAT za pomoc\u0105 bazy danych VIES UE.<\/strong><\/span><\/li><li><span style=\"color: #0000ff;\"><strong>Po potwierdzeniu VAT zostanie wy\u0142\u0105czony z \u0142\u0105cznej kwoty.<\/strong><\/span><\/li><\/ol><p>\u00a0<\/p><p>W przypadku firm w naszym kraju rejestracji podatek VAT b\u0119dzie naliczany zgodnie z lokalnymi przepisami, zapewniaj\u0105c zgodno\u015b\u0107 i przejrzysto\u015b\u0107.<\/p><h2>Faktury Proforma (B2B) dla skuter\u00f3w elektrycznych i rower\u00f3w elektrycznych<\/h2><p class=\"translation-block\">Potrzebujesz faktury proforma przed z\u0142o\u017ceniem zam\u00f3wienia? Dostarczamy szczeg\u00f3\u0142owe faktury za skutery elektryczne i rowery elektryczne, u\u0142atwiaj\u0105c zakup zespo\u0142owi ksi\u0119gowemu.<br>Wystarczy wys\u0142a\u0107 wiadomo\u015b\u0107 e-mail na adres info@electrotraveller.com z adresem:<\/p><ul><li>Nazwa i adres firmy<\/li><li>Numer VAT (je\u015bli dotyczy)<\/li><li>Lista przedmiot\u00f3w, kt\u00f3re chcesz zam\u00f3wi\u0107<\/li><\/ul><p><br \/>Niezw\u0142ocznie prze\u015blemy faktur\u0119 proforma.<\/p><h2><strong>Dlaczego warto wybra\u0107 ElectroTraveller dla zam\u00f3wie\u0144 B2B skuter\u00f3w elektrycznych i rower\u00f3w elektrycznych?<br \/><\/strong><\/h2><ul><li>Szeroka gama skuter\u00f3w elektrycznych i rower\u00f3w elektrycznych dla potrzeb biznesowych.<\/li><li>Elastyczna obs\u0142uga podatku VAT dla firm z UE.<\/li><li>Dedykowane wsparcie w zakresie fakturowania i zgodno\u015bci z przepisami.<\/li><\/ul><p><strong>Skontaktuj si\u0119 z nami ju\u017c dzi\u015b pod adresem info@electrotraveller.com, aby om\u00f3wi\u0107 swoje wymagania B2B dotycz\u0105ce skuter\u00f3w elektrycznych i rower\u00f3w elektrycznych.<\/strong><\/p>\t\t\t\t\t\t\t\t<\/div>\n\t\t\t\t<\/div>\n\t\t\t\t<\/div>\n\t\t\t\t<\/div>\n\t\t\t\t<\/div>","protected":false},"excerpt":{"rendered":"<p>Business-to-Business (B2B) Orders for Electric Scooters &amp; E-Bikes \u2013 VAT Invoicing Made Easy At ElectroTraveller, we make it simple for businesses to buy electric scooters and e-bikes with VAT or VAT-exempt options. Whether you\u2019re purchasing for your fleet, retail, or corporate mobility solutions, our B2B program ensures smooth transactions across the EU. Buying Electric Scooters [&hellip;]<\/p>\n","protected":false},"author":1,"featured_media":0,"parent":0,"menu_order":0,"comment_status":"closed","ping_status":"closed","template":"elementor_header_footer","meta":{"footnotes":""},"class_list":["post-7349","page","type-page","status-publish","hentry"],"_links":{"self":[{"href":"https:\/\/electrotraveller.com\/pl\/wp-json\/wp\/v2\/pages\/7349","targetHints":{"allow":["GET"]}}],"collection":[{"href":"https:\/\/electrotraveller.com\/pl\/wp-json\/wp\/v2\/pages"}],"about":[{"href":"https:\/\/electrotraveller.com\/pl\/wp-json\/wp\/v2\/types\/page"}],"author":[{"embeddable":true,"href":"https:\/\/electrotraveller.com\/pl\/wp-json\/wp\/v2\/users\/1"}],"replies":[{"embeddable":true,"href":"https:\/\/electrotraveller.com\/pl\/wp-json\/wp\/v2\/comments?post=7349"}],"version-history":[{"count":0,"href":"https:\/\/electrotraveller.com\/pl\/wp-json\/wp\/v2\/pages\/7349\/revisions"}],"wp:attachment":[{"href":"https:\/\/electrotraveller.com\/pl\/wp-json\/wp\/v2\/media?parent=7349"}],"curies":[{"name":"wp","href":"https:\/\/api.w.org\/{rel}","templated":true}]}}