{"id":1221,"date":"2024-06-18T13:36:55","date_gmt":"2024-06-18T13:36:55","guid":{"rendered":"https:\/\/electrotraveller.com\/?page_id=1221"},"modified":"2025-06-23T10:41:35","modified_gmt":"2025-06-23T10:41:35","slug":"elektrische-scooter-betalen-in-termijnen","status":"publish","type":"page","link":"https:\/\/electrotraveller.com\/nl\/electric-scooter-payment-installments\/","title":{"rendered":"Elektrische step betalen in termijnen"},"content":{"rendered":"<div data-elementor-type=\"wp-page\" data-elementor-id=\"1221\" class=\"elementor elementor-1221\" data-elementor-post-type=\"page\">\n\t\t\t\t<div class=\"elementor-element elementor-element-8dd96c1 e-con-full e-flex e-con e-parent\" data-id=\"8dd96c1\" data-element_type=\"container\" data-settings=\"{&quot;background_background&quot;:&quot;classic&quot;}\">\n\t\t<div class=\"elementor-element elementor-element-1bc427d e-con-full e-flex e-con e-child\" data-id=\"1bc427d\" data-element_type=\"container\">\n\t\t\t\t<div class=\"elementor-element elementor-element-67eb55e elementor-widget elementor-widget-heading\" data-id=\"67eb55e\" data-element_type=\"widget\" data-widget_type=\"heading.default\">\n\t\t\t\t<div class=\"elementor-widget-container\">\n\t\t\t\t\t<h1 class=\"elementor-heading-title elementor-size-default\">Elektrische step betalen in termijnen met Klarna<\/h1>\t\t\t\t<\/div>\n\t\t\t\t<\/div>\n\t\t\t\t<div class=\"elementor-element elementor-element-08ee0ae elementor-widget__width-initial elementor-widget elementor-widget-text-editor\" data-id=\"08ee0ae\" data-element_type=\"widget\" data-widget_type=\"text-editor.default\">\n\t\t\t\t<div class=\"elementor-widget-container\">\n\t\t\t\t\t\t\t\t\t<p>Ervaar onge\u00ebvenaarde flexibiliteit en gemak met de betaaloplossingen van Klarna, nu naadloos ge\u00efntegreerd met Stripe op ElektronScooters.com. Terwijl u onze eersteklas selectie van elektrische steps verkent, biedt Klarna gepersonaliseerde betalingsplannen die passen bij uw financi\u00eble voorkeuren en levensstijlbehoeften, allemaal beschikbaar bij de kassa via het beveiligde platform van Stripe.<\/p><p><strong>Nu betalen<\/strong>: Voor degenen die de voorkeur geven aan eenvoud en directheid, biedt de optie \"Nu betalen\" de mogelijkheid om je aankoop direct te voltooien. Deze eenvoudige betaalmethode zorgt voor een snelle en veilige transactie, zodat je zonder vertraging van je nieuwe elektrische step kunt genieten.<\/p><p><strong>Later betalen<\/strong>: Ons \"Pay Later\" plan biedt de ultieme flexibiliteit bij het winkelen. Ontvang je elektrische step eerst en beslis op je gemak over zijn geschiktheid. Met een aflossingsvrije periode van 14 tot 30 dagen biedt deze optie een risicovrije manier om ervoor te zorgen dat je aankoop aan al je verwachtingen voldoet, zonder extra kosten.<\/p><p><strong>Financiering<\/strong>: Onze \"Financieringsoptie\" is speciaal bedoeld voor klanten die van plan zijn een aanzienlijke investering in hun mobiliteit te doen, en stelt je in staat de kosten van je elektrische step te spreiden over beheersbare termijnen. Met deze budgetvriendelijke oplossing kunt u direct genieten van de voordelen van uw nieuwe scooter, met het gemak van betalen na verloop van tijd.<\/p><p class=\"\" data-start=\"97\" data-end=\"327\"><strong data-start=\"97\" data-end=\"128\">Klarna kiezen bij het afrekenen<\/strong><br data-start=\"128\" data-end=\"131\" \/>Bij het afrekenen kun je nu het volgende selecteren <strong data-start=\"163\" data-end=\"182\">Klarna direct<\/strong> als je betaalmethode. Je hebt geen aparte Stripe-account nodig. Klarna geeft je de flexibiliteit om te kiezen hoe en wanneer je wilt betalen.<\/p><p class=\"\" data-start=\"329\" data-end=\"520\">Of je nu volledig wilt betalen of de kosten wilt spreiden, Klarna maakt het eenvoudig en veilig. Start vandaag nog je elektrische scooter avontuur met ons door te kiezen voor <strong data-start=\"493\" data-end=\"503\">Klarna<\/strong> tijdens het afrekenen.<\/p>\t\t\t\t\t\t\t\t<\/div>\n\t\t\t\t<\/div>\n\t\t\t\t<div class=\"elementor-element elementor-element-23b7989 elementor-widget elementor-widget-html\" data-id=\"23b7989\" data-element_type=\"widget\" data-widget_type=\"html.default\">\n\t\t\t\t<div class=\"elementor-widget-container\">\n\t\t\t\t\t<table border=\"1\" cellpadding=\"8\" cellspacing=\"0\" style=\"width: 100%; border-collapse: collapse;\">\r\n  <thead>\r\n    <tr style=\"background-color: #f2f2f2;\">\r\n      <th>Land<\/th>\r\n      <th>Betalingsoptie<\/th>\r\n      <th>Bedrag Bereik<\/th>\r\n      <th>Opmerkingen<\/th>\r\n    <\/tr>\r\n  <\/thead>\r\n  <tbody>\r\n    <!-- Austria -->\r\n    <tr style=\"background-color: #d9d9d9;\">\r\n      <td>Oostenrijk<\/td>\r\n      <td>Volledig betalen<\/td>\r\n      <td>0 - 10.000 EUR<\/td>\r\n      <td>Betaal het volledige bedrag vooraf.<\/td>\r\n    <\/tr>\r\n    <tr style=\"background-color: #d9d9d9;\">\r\n      <td><\/td>\r\n      <td>Betaal later<\/td>\r\n      <td>0,1 - 5.000 EUR<\/td>\r\n      <td>Betaal later binnen 30 dagen.<\/td>\r\n    <\/tr>\r\n    <tr style=\"background-color: #d9d9d9;\">\r\n      <td><\/td>\r\n      <td>Betalen in 3<\/td>\r\n      <td>1 - 5.000 EUR<\/td>\r\n      <td>Splits de kosten in 3 delen.<\/td>\r\n    <\/tr>\r\n    <tr style=\"background-color: #d9d9d9;\">\r\n      <td><\/td>\r\n      <td>Financiering<\/td>\r\n      <td>25 - 5.000 EUR<\/td>\r\n      <td>Maandelijkse financieringsopties beschikbaar.<\/td>\r\n    <\/tr>\r\n\r\n    <!-- Belgium -->\r\n    <tr>\r\n      <td>Belgi\u00eb<\/td>\r\n      <td>Volledig betalen<\/td>\r\n      <td>0 - 10.000 EUR<\/td>\r\n      <td>Betaal het volledige bedrag vooraf.<\/td>\r\n    <\/tr>\r\n    <tr>\r\n      <td><\/td>\r\n      <td>Betaal later<\/td>\r\n      <td>1 - 1.500 EUR<\/td>\r\n      <td>Betaal later binnen 30 dagen.<\/td>\r\n    <\/tr>\r\n\r\n    <!-- Czechia -->\r\n    <tr style=\"background-color: #d9d9d9;\">\r\n      <td>Tsjechi\u00eb<\/td>\r\n      <td>Volledig betalen<\/td>\r\n      <td>0 - 100.000 CZK<\/td>\r\n      <td>Betaal het volledige bedrag vooraf.<\/td>\r\n    <\/tr>\r\n    <tr style=\"background-color: #d9d9d9;\">\r\n      <td><\/td>\r\n      <td>Betaal later<\/td>\r\n      <td>0 - 12.250 CZK<\/td>\r\n      <td>Betaal later binnen 30 dagen.<\/td>\r\n    <\/tr>\r\n    <tr style=\"background-color: #d9d9d9;\">\r\n      <td><\/td>\r\n      <td>Betalen in 3<\/td>\r\n      <td>25 - 25.000 CZK<\/td>\r\n      <td>Splits de kosten in 3 delen.<\/td>\r\n    <\/tr>\r\n\r\n    <!-- Denmark -->\r\n    <tr>\r\n      <td>Denemarken<\/td>\r\n      <td>Volledig betalen<\/td>\r\n      <td>1 - 100.000 DKK<\/td>\r\n      <td>Betaal het volledige bedrag vooraf.<\/td>\r\n    <\/tr>\r\n    <tr>\r\n      <td><\/td>\r\n      <td>Betaal later<\/td>\r\n      <td>1 - 50.000 DKK<\/td>\r\n      <td>Betaal later binnen 30 dagen.<\/td>\r\n    <\/tr>\r\n    <tr>\r\n      <td><\/td>\r\n      <td>Betalen in 3<\/td>\r\n      <td>10 - 50.000 DKK<\/td>\r\n      <td>Splits de kosten in 3 delen.<\/td>\r\n    <\/tr>\r\n\r\n    <!-- Finland -->\r\n    <tr style=\"background-color: #d9d9d9;\">\r\n      <td>Finland<\/td>\r\n      <td>Volledig betalen<\/td>\r\n      <td>0 - 10.000 EUR<\/td>\r\n      <td>Betaal het volledige bedrag vooraf.<\/td>\r\n    <\/tr>\r\n    <tr style=\"background-color: #d9d9d9;\">\r\n      <td><\/td>\r\n      <td>Betaal later<\/td>\r\n      <td>1 - 3.000 EUR<\/td>\r\n      <td>Betaal later binnen 30 dagen.<\/td>\r\n    <\/tr>\r\n    <tr style=\"background-color: #d9d9d9;\">\r\n      <td><\/td>\r\n      <td>Financiering<\/td>\r\n      <td>25 - 3.000 EUR<\/td>\r\n      <td>Maandelijkse financieringsopties beschikbaar.<\/td>\r\n    <\/tr>\r\n\r\n    <!-- France -->\r\n    <tr>\r\n      <td>Frankrijk<\/td>\r\n      <td>Volledig betalen<\/td>\r\n      <td>0 - 4.000 EUR<\/td>\r\n      <td>Betaal het volledige bedrag vooraf.<\/td>\r\n    <\/tr>\r\n    <tr>\r\n      <td><\/td>\r\n      <td>Betaal later<\/td>\r\n      <td>0 - 500 EUR<\/td>\r\n      <td>Betaal later binnen 30 dagen.<\/td>\r\n    <\/tr>\r\n    <tr>\r\n      <td><\/td>\r\n      <td>Betalen in 3<\/td>\r\n      <td>1 - 1.500 EUR<\/td>\r\n      <td>Splits de kosten in 3 delen.<\/td>\r\n    <\/tr>\r\n\r\n    <!-- Germany -->\r\n    <tr style=\"background-color: #d9d9d9;\">\r\n      <td>Duitsland<\/td>\r\n      <td>Volledig betalen<\/td>\r\n      <td>0 - 10.000 EUR<\/td>\r\n      <td>Betaal het volledige bedrag vooraf.<\/td>\r\n    <\/tr>\r\n    <tr style=\"background-color: #d9d9d9;\">\r\n      <td><\/td>\r\n      <td>Betaal later<\/td>\r\n      <td>0,1 - 10.000 EUR<\/td>\r\n      <td>Betaal later binnen 30 dagen.<\/td>\r\n    <\/tr>\r\n    <tr style=\"background-color: #d9d9d9;\">\r\n      <td><\/td>\r\n      <td>Betalen in 3<\/td>\r\n      <td>1 - 5.000 EUR<\/td>\r\n      <td>Splits de kosten in 3 delen.<\/td>\r\n    <\/tr>\r\n    <tr style=\"background-color: #d9d9d9;\">\r\n      <td><\/td>\r\n      <td>Financiering<\/td>\r\n      <td>25 - 10.000 EUR<\/td>\r\n      <td>Maandelijkse financieringsopties beschikbaar.<\/td>\r\n    <\/tr>\r\n\r\n    <!-- Greece -->\r\n    <tr>\r\n      <td>Griekenland<\/td>\r\n      <td>Volledig betalen<\/td>\r\n      <td>0 - 4.000 EUR<\/td>\r\n      <td>Betaal het volledige bedrag vooraf.<\/td>\r\n    <\/tr>\r\n    <tr>\r\n      <td><\/td>\r\n      <td>Betaal later<\/td>\r\n      <td>0 - 500 EUR<\/td>\r\n      <td>Betaal later binnen 30 dagen.<\/td>\r\n    <\/tr>\r\n    <tr>\r\n      <td><\/td>\r\n      <td>Betalen in 3<\/td>\r\n      <td>1 - 1.000 EUR<\/td>\r\n      <td>Splits de kosten in 3 delen.<\/td>\r\n    <\/tr>\r\n\r\n    <!-- Hungary -->\r\n    <tr style=\"background-color: #d9d9d9;\">\r\n      <td>Hongarije<\/td>\r\n      <td>Volledig betalen<\/td>\r\n      <td>0 - 200.000 HUF<\/td>\r\n      <td>Betaal het volledige bedrag vooraf.<\/td>\r\n    <\/tr>\r\n    <tr style=\"background-color: #d9d9d9;\">\r\n      <td><\/td>\r\n      <td>Betaal later<\/td>\r\n      <td>0 - 50.000 HUF<\/td>\r\n      <td>Betaal later binnen 30 dagen.<\/td>\r\n    <\/tr>\r\n    <tr style=\"background-color: #d9d9d9;\">\r\n      <td><\/td>\r\n      <td>Betalen in 3<\/td>\r\n      <td>500 - 50.000 HUF<\/td>\r\n      <td>Splits de kosten in 3 delen.<\/td>\r\n    <\/tr>\r\n\r\n    <!-- Ireland -->\r\n    <tr>\r\n      <td>Ierland<\/td>\r\n      <td>Volledig betalen<\/td>\r\n      <td>0 - 4.000 EUR<\/td>\r\n      <td>Betaal het volledige bedrag vooraf.<\/td>\r\n    <\/tr>\r\n    <tr>\r\n      <td><\/td>\r\n      <td>Betalen in 3<\/td>\r\n      <td>1 - 1.500 EUR<\/td>\r\n      <td>Splits de kosten in 3 delen.<\/td>\r\n    <\/tr>\r\n\r\n    <!-- Italy -->\r\n    <tr style=\"background-color: #d9d9d9;\">\r\n      <td>Itali\u00eb<\/td>\r\n      <td>Volledig betalen<\/td>\r\n      <td>0 - 4.000 EUR<\/td>\r\n      <td>Betaal het volledige bedrag vooraf.<\/td>\r\n    <\/tr>\r\n    <tr style=\"background-color: #d9d9d9;\">\r\n      <td><\/td>\r\n      <td>Betaal later<\/td>\r\n      <td>0 - 500 EUR<\/td>\r\n      <td>Betaal later binnen 30 dagen.<\/td>\r\n    <\/tr>\r\n    <tr style=\"background-color: #d9d9d9;\">\r\n      <td><\/td>\r\n      <td>Betalen in 3<\/td>\r\n      <td>1 - 1.500 EUR<\/td>\r\n      <td>Splits de kosten in 3 delen.<\/td>\r\n    <\/tr>\r\n     <!-- Netherlands -->\r\n    <tr>\r\n      <td>Nederland<\/td>\r\n      <td>Volledig betalen<\/td>\r\n      <td>0 - 10.000 EUR<\/td>\r\n      <td>Betaal het volledige bedrag vooraf.<\/td>\r\n    <\/tr>\r\n    <tr>\r\n      <td><\/td>\r\n      <td>Betaal later<\/td>\r\n      <td>1 - 1.500 EUR<\/td>\r\n      <td>Probeer voordat je betaalt.<\/td>\r\n    <\/tr>\r\n    <tr>\r\n      <td><\/td>\r\n      <td>Betalen in 3<\/td>\r\n      <td>1 - 5.000 EUR<\/td>\r\n      <td>Opgesplitst in 3 betalingen.<\/td>\r\n    <\/tr>\r\n\r\n    <!-- Poland -->\r\n    <tr style=\"background-color: #d9d9d9;\">\r\n      <td>Polen<\/td>\r\n      <td>Volledig betalen<\/td>\r\n      <td>0 - 40.000 PLN<\/td>\r\n      <td>Betaal het volledige bedrag vooraf.<\/td>\r\n    <\/tr>\r\n    <tr style=\"background-color: #d9d9d9;\">\r\n      <td><\/td>\r\n      <td>Betaal later<\/td>\r\n      <td>0 - 5.000 PLN<\/td>\r\n      <td>Probeer voordat je betaalt.<\/td>\r\n    <\/tr>\r\n    <tr style=\"background-color: #d9d9d9;\">\r\n      <td><\/td>\r\n      <td>Betalen in 3<\/td>\r\n      <td>50 - 20.000 PLN<\/td>\r\n      <td>Opgesplitst in 3 betalingen.<\/td>\r\n    <\/tr>\r\n\r\n    <!-- Portugal -->\r\n    <tr>\r\n      <td>Portugal<\/td>\r\n      <td>Volledig betalen<\/td>\r\n      <td>0 - 4.000 EUR<\/td>\r\n      <td>Betaal het volledige bedrag vooraf.<\/td>\r\n    <\/tr>\r\n    <tr>\r\n      <td><\/td>\r\n      <td>Betaal later<\/td>\r\n      <td>0 - 500 EUR<\/td>\r\n      <td>Probeer voordat je betaalt.<\/td>\r\n    <\/tr>\r\n    <tr>\r\n      <td><\/td>\r\n      <td>Betalen in 3<\/td>\r\n      <td>1 - 1.500 EUR<\/td>\r\n      <td>Opgesplitst in 3 betalingen.<\/td>\r\n    <\/tr>\r\n\r\n    <!-- Spain -->\r\n    <tr style=\"background-color: #d9d9d9;\">\r\n      <td>Spanje<\/td>\r\n      <td>Volledig betalen<\/td>\r\n      <td>0 - 4.000 EUR<\/td>\r\n      <td>Betaal het volledige bedrag vooraf.<\/td>\r\n    <\/tr>\r\n    <tr style=\"background-color: #d9d9d9;\">\r\n      <td><\/td>\r\n      <td>Betaal later<\/td>\r\n      <td>0 - 500 EUR<\/td>\r\n      <td>Probeer voordat je betaalt.<\/td>\r\n    <\/tr>\r\n    <tr style=\"background-color: #d9d9d9;\">\r\n      <td><\/td>\r\n      <td>Betalen in 3<\/td>\r\n      <td>1 - 1.500 EUR<\/td>\r\n      <td>Opgesplitst in 3 betalingen.<\/td>\r\n    <\/tr>\r\n\r\n    <!-- Sweden -->\r\n    <tr>\r\n      <td>Zweden<\/td>\r\n      <td>Volledig betalen<\/td>\r\n      <td>10 - 100.000 SEK<\/td>\r\n      <td>Betaal het volledige bedrag vooraf.<\/td>\r\n    <\/tr>\r\n    <tr>\r\n      <td><\/td>\r\n      <td>Betaal later<\/td>\r\n      <td>10 - 50.000 SEK<\/td>\r\n      <td>Probeer voordat je betaalt.<\/td>\r\n    <\/tr>\r\n    <tr>\r\n      <td><\/td>\r\n      <td>Betalen in 3<\/td>\r\n      <td>100 - 50.000 SEK<\/td>\r\n      <td>Opgesplitst in 3 betalingen.<\/td>\r\n    <\/tr>\r\n  <\/tbody>\r\n<\/table>\t\t\t\t<\/div>\n\t\t\t\t<\/div>\n\t\t\t\t<\/div>\n\t\t\t\t<\/div>\n\t\t\t\t<\/div>","protected":false},"excerpt":{"rendered":"<p>Elektri\u010dni romobil na rate Kupnja elektri\u010dnog romobila nikada nije bila jednostavnija! Ako va\u0161a banka omogu\u0107ava opciju obro\u010dnog pla\u0107anja, svoju kupnju mo\u017eete podijeliti na vi\u0161e rata i tako si olak\u0161ati financijsko optere\u0107enje. Obro\u010dna otplata elektri\u010dnog romobila idealno je rje\u0161enje za sve koji \u017eele ravnomjerno rasporediti tro\u0161kove. Na\u0161a internetska trgovina nema izravnu mogu\u0107nost odabira obro\u010dnog pla\u0107anja. Sve [&hellip;]<\/p>\n","protected":false},"author":1,"featured_media":0,"parent":0,"menu_order":0,"comment_status":"closed","ping_status":"closed","template":"elementor_header_footer","meta":{"footnotes":""},"class_list":["post-1221","page","type-page","status-publish","hentry"],"_links":{"self":[{"href":"https:\/\/electrotraveller.com\/nl\/wp-json\/wp\/v2\/pages\/1221","targetHints":{"allow":["GET"]}}],"collection":[{"href":"https:\/\/electrotraveller.com\/nl\/wp-json\/wp\/v2\/pages"}],"about":[{"href":"https:\/\/electrotraveller.com\/nl\/wp-json\/wp\/v2\/types\/page"}],"author":[{"embeddable":true,"href":"https:\/\/electrotraveller.com\/nl\/wp-json\/wp\/v2\/users\/1"}],"replies":[{"embeddable":true,"href":"https:\/\/electrotraveller.com\/nl\/wp-json\/wp\/v2\/comments?post=1221"}],"version-history":[{"count":0,"href":"https:\/\/electrotraveller.com\/nl\/wp-json\/wp\/v2\/pages\/1221\/revisions"}],"wp:attachment":[{"href":"https:\/\/electrotraveller.com\/nl\/wp-json\/wp\/v2\/media?parent=1221"}],"curies":[{"name":"wp","href":"https:\/\/api.w.org\/{rel}","templated":true}]}}