{"id":1904,"date":"2024-06-26T18:41:03","date_gmt":"2024-06-26T18:41:03","guid":{"rendered":"https:\/\/electrotraveller.com\/?post_type=product&#038;p=1904"},"modified":"2025-07-17T07:38:18","modified_gmt":"2025-07-17T07:38:18","slug":"elektron-kinetik-pro","status":"publish","type":"product","link":"https:\/\/electrotraveller.com\/it\/electric-scooters\/elektron-kinetik-pro\/","title":{"rendered":"Monopattino elettrico  Elektron Kinetik PRO"},"content":{"rendered":"","protected":false},"excerpt":{"rendered":"<p><span style=\"color: #0000ff;\">Ricarica rapida con caricatore supplementare<\/span><br \/>\n<span style=\"color: #0000ff;\">Opzione sedile disponibile<\/span><\/p>\n<p>Lo scooter elettrico Elektron Kinetik GTR \u00e8 leader nella sua categoria di mobilit\u00e0 elettrica, progettato per chi cerca alte prestazioni e affidabilit\u00e0. Dotato di due potenti motori, che forniscono un totale di <strong>2800 W di potenza nominale<\/strong> e fino a 3800 W di potenza massima, l'Elektron Kinetik GTR raggiunge velocit\u00e0 di <strong>fino a 75 km\/h<\/strong>con un limite di sicurezza di 25 km\/h. Con la capacit\u00e0 di affrontare pendenze fino a 30\u00b0 e un raggio d'azione fino a <strong>90 km<\/strong>Grazie alla batteria da 23,4 Ah a 60 V, questo scooter stabilisce standard elevati.<\/p>\n<p>I controllori avanzati a onda sinusoidale assicurano un funzionamento pi\u00f9 silenzioso, una risposta pi\u00f9 rapida e velocit\u00e0 costanti, mentre il <strong>display TFT a colori<\/strong> fornisce ampie informazioni sull'equitazione, offrendo un'esperienza d'uso migliorata. <strong>Pneumatici ibridi Wanda<\/strong> sono progettati per garantire una presa ottimale su tutte le superfici, assicurando la versatilit\u00e0 dello scooter.<\/p>\n<p>La sicurezza \u00e8 garantita dal sistema di frenata con <strong>freni a disco idraulici di NUTT<\/strong> e un freno elettronico supplementare, che aumenta la potenza di frenata e prolunga la durata delle pastiglie dei freni. Il design ergonomico, con meccanismo di ripiegamento e <strong>sospensione idraulica regolabile<\/strong> consente una guida confortevole, mentre il <strong>Blocco NFC e codice PIN<\/strong> forniscono una protezione avanzata contro gli accessi indesiderati.<\/p>\n<p>Inoltre, il modello supporta l'uso di un'applicazione per regolare la <strong>Illuminazione ambientale RGB<\/strong>che non solo aggiunge un tocco personale allo scooter, ma migliora anche la visibilit\u00e0 e la sicurezza nel traffico. L'opzione per <strong>montaggio del sedile<\/strong> per un maggiore comfort durante le corse pi\u00f9 lunghe e un design pieghevole per un facile trasporto sottolineano l'adattabilit\u00e0 e la funzionalit\u00e0. Con una consegna senza preoccupazioni e una garanzia che comprende una garanzia di base di 1 anno con opzioni di estensione, oltre a un'assistenza rapida, Elektron Kinetik GTR offre un'esperienza di guida superiore alle aspettative.<\/p>","protected":false},"featured_media":440,"comment_status":"open","ping_status":"closed","template":"","meta":[],"product_brand":[],"product_cat":[22,40,44,45],"product_tag":[],"class_list":{"0":"post-1904","1":"product","2":"type-product","3":"status-publish","4":"has-post-thumbnail","6":"product_cat-electric-scooters","7":"product_cat-electric-scooter-brands","8":"product_cat-electric-scooter-with-seat","9":"product_cat-elektron","10":"product_shipping_class-up-to-40-kg","12":"first","13":"outofstock","14":"taxable","15":"shipping-taxable","16":"purchasable","17":"product-type-simple"},"_links":{"self":[{"href":"https:\/\/electrotraveller.com\/it\/wp-json\/wp\/v2\/product\/1904","targetHints":{"allow":["GET"]}}],"collection":[{"href":"https:\/\/electrotraveller.com\/it\/wp-json\/wp\/v2\/product"}],"about":[{"href":"https:\/\/electrotraveller.com\/it\/wp-json\/wp\/v2\/types\/product"}],"replies":[{"embeddable":true,"href":"https:\/\/electrotraveller.com\/it\/wp-json\/wp\/v2\/comments?post=1904"}],"wp:featuredmedia":[{"embeddable":true,"href":"https:\/\/electrotraveller.com\/it\/wp-json\/wp\/v2\/media\/440"}],"wp:attachment":[{"href":"https:\/\/electrotraveller.com\/it\/wp-json\/wp\/v2\/media?parent=1904"}],"wp:term":[{"taxonomy":"product_brand","embeddable":true,"href":"https:\/\/electrotraveller.com\/it\/wp-json\/wp\/v2\/product_brand?post=1904"},{"taxonomy":"product_cat","embeddable":true,"href":"https:\/\/electrotraveller.com\/it\/wp-json\/wp\/v2\/product_cat?post=1904"},{"taxonomy":"product_tag","embeddable":true,"href":"https:\/\/electrotraveller.com\/it\/wp-json\/wp\/v2\/product_tag?post=1904"}],"curies":[{"name":"wp","href":"https:\/\/api.w.org\/{rel}","templated":true}]}}