{"id":3202,"date":"2024-10-23T18:33:45","date_gmt":"2024-10-23T18:33:45","guid":{"rendered":"https:\/\/electrotraveller.com\/?page_id=3202"},"modified":"2026-02-07T09:32:49","modified_gmt":"2026-02-07T09:32:49","slug":"chi-siamo","status":"publish","type":"page","link":"https:\/\/electrotraveller.com\/it\/about-us\/","title":{"rendered":"Chi siamo"},"content":{"rendered":"<div data-elementor-type=\"wp-page\" data-elementor-id=\"3202\" class=\"elementor elementor-3202\" data-elementor-post-type=\"page\">\n\t\t\t\t<div class=\"elementor-element elementor-element-4d8a2b9c e-con-full e-flex e-con e-parent\" data-id=\"4d8a2b9c\" data-element_type=\"container\" data-settings=\"{&quot;background_background&quot;:&quot;classic&quot;}\">\n\t\t<div class=\"elementor-element elementor-element-1191dbd7 e-con-full e-flex e-con e-child\" data-id=\"1191dbd7\" data-element_type=\"container\">\n\t\t\t\t<div class=\"elementor-element elementor-element-2498f6f3 elementor-widget elementor-widget-heading\" data-id=\"2498f6f3\" data-element_type=\"widget\" data-widget_type=\"heading.default\">\n\t\t\t\t<div class=\"elementor-widget-container\">\n\t\t\t\t\t<h1 class=\"elementor-heading-title elementor-size-default\">Chi siamo<\/h1>\t\t\t\t<\/div>\n\t\t\t\t<\/div>\n\t\t\t\t<div class=\"elementor-element elementor-element-7e0c5871 elementor-widget__width-initial elementor-widget elementor-widget-text-editor\" data-id=\"7e0c5871\" data-element_type=\"widget\" data-widget_type=\"text-editor.default\">\n\t\t\t\t<div class=\"elementor-widget-container\">\n\t\t\t\t\t\t\t\t\t<div data-id=\"588206c\" data-element_type=\"widget\" data-widget_type=\"text-editor.default\"><p>Benvenuti nel mondo dell'elettromobilit\u00e0, dove passione e innovazione superano i confini. Con un'esperienza di 8 anni nel settore, noi di ELECTROTRAVELLER ci siamo dedicati non solo alla rivoluzione, ma anche a guidarla. Abbiamo intrapreso il nostro viaggio con la visione di creare non solo prodotti, ma soluzioni che si integrino perfettamente nella vita dei nostri clienti come uno stile di vita.<\/p><h3>La nostra esperienza<\/h3><p>Siamo esperti nella vendita e nella produzione di monopattini elettrici. In ELECTROVELLER crediamo che la qualit\u00e0 non sia solo una caratteristica, ma il fondamento di tutto ci\u00f2 che facciamo. I nostri scooter sono sottoposti a test rigorosi per garantire che ogni corsa non sia solo un viaggio, ma un'esperienza.<\/p><h3>La nostra promessa<\/h3><p>Noi di ELECTROVELLER siamo orgogliosi di fornire un'assistenza di livello mondiale nel servizio post-vendita, rendendo il nostro supporto ai clienti davvero eccezionale. La nostra strategia di assistenza \u00e8 incentrata sulla rapidit\u00e0, in particolare per quanto riguarda le risoluzioni delle garanzie e la fornitura dei pezzi di ricambio. Siamo consapevoli che il tempo \u00e8 essenziale e che la mobilit\u00e0 non \u00e8 sempre facile per tutti, quindi ci proponiamo di risolvere i vostri problemi nel modo pi\u00f9 rapido ed efficiente possibile, con il minimo disturbo alla vostra routine quotidiana.<\/p><h3>Vi ascoltiamo<\/h3><p>Il nostro pi\u00f9 grande punto di forza \u00e8 la capacit\u00e0 di ascoltare. In ELECTROVELLER, ogni commento e suggerimento \u00e8 visto come un'opportunit\u00e0 per migliorare e innovare. Prendiamo sul serio il feedback di ogni cliente, ascoltando attentamente ogni richiesta e raccomandazione. Questo approccio ci permette di offrire prodotti e servizi che non solo sono rilevanti, ma superano le aspettative della nostra comunit\u00e0.<\/p><p>Eppure, il nostro viaggio nel mondo dell'elettromobilit\u00e0 diventa sempre pi\u00f9 emozionante a ogni passo. La missione di ELECTROVELLER \u00e8 semplice: offrire solo il meglio. Sia che si tratti di progettare scooter di alta qualit\u00e0, sia che si tratti di fornire un'eccellente assistenza ai clienti, sia che si tratti di garantire una risoluzione rapida ed efficiente della garanzia, ci impegniamo al massimo per migliorare la vostra esperienza con ELECTROTRAVELLER. Ora, pedaliamo insieme verso un futuro verde e sostenibile.<\/p><p><b>Informazioni sulla societ\u00e0<\/b><\/p><p>Amplytic O\u00dc<br \/>L\u00f5\u00f5tsa tn 5<br \/>11415 Tallinn<br \/>Estonia<\/p><p>Telefono: +386 40 654 339<br \/>E-Mail: info@electrotraveller.com<br \/><br \/>Numero di partita IVA: EE102950359<br \/>Codice di registro: 17420491<\/p><div class=\"row mt-4\">\u00a0<\/div><div class=\"row mt-4\">\u00a0<\/div><\/div>\t\t\t\t\t\t\t\t<\/div>\n\t\t\t\t<\/div>\n\t\t\t\t<\/div>\n\t\t\t\t<\/div>\n\t\t<div class=\"elementor-element elementor-element-1ff85977 e-con-full e-flex e-con e-parent\" data-id=\"1ff85977\" data-element_type=\"container\" data-settings=\"{&quot;background_background&quot;:&quot;classic&quot;}\">\n\t\t\t\t<div class=\"elementor-element elementor-element-23febf89 elementor-widget elementor-widget-image\" data-id=\"23febf89\" data-element_type=\"widget\" data-widget_type=\"image.default\">\n\t\t\t\t<div class=\"elementor-widget-container\">\n\t\t\t\t\t\t\t\t\t\t\t\t\t\t\t<img decoding=\"async\" width=\"340\" height=\"45\" src=\"https:\/\/electrotraveller.com\/wp-content\/uploads\/2024\/06\/elektron-scooters-logo-.svg\" class=\"attachment-large size-large wp-image-1275\" alt=\"\" \/>\t\t\t\t\t\t\t\t\t\t\t\t\t\t\t<\/div>\n\t\t\t\t<\/div>\n\t\t\t\t<div class=\"elementor-element elementor-element-36877c5b elementor-widget elementor-widget-text-editor\" data-id=\"36877c5b\" data-element_type=\"widget\" data-widget_type=\"text-editor.default\">\n\t\t\t\t<div class=\"elementor-widget-container\">\n\t\t\t\t\t\t\t\t\t<p>ELEKTRON KINETIK \/ <span style=\"color: #3366ff;\">PRO<\/span> \/ <span style=\"color: #ff0000;\">GTR<\/span>\u00a0<\/p><p>Gli monopattini elettrici Elektron offrono elevate prestazioni, eccezionale praticit\u00e0 e notevole durata. Sono progettati per essere versatili in qualsiasi condizione.<\/p><p>A partire da 1.349,00 \u20ac<\/p>\t\t\t\t\t\t\t\t<\/div>\n\t\t\t\t<\/div>\n\t\t<div class=\"elementor-element elementor-element-398b2c28 e-con-full e-flex e-con e-child\" data-id=\"398b2c28\" data-element_type=\"container\">\n\t\t\t\t<div class=\"elementor-element elementor-element-1bf56716 elementor-align-center animated-gradient elementor-widget elementor-widget-button\" data-id=\"1bf56716\" data-element_type=\"widget\" data-widget_type=\"button.default\">\n\t\t\t\t<div class=\"elementor-widget-container\">\n\t\t\t\t\t\t\t\t\t<div class=\"elementor-button-wrapper\">\n\t\t\t\t\t<a class=\"elementor-button elementor-button-link elementor-size-sm\" href=\"http:\/\/elektronscooters.com\" target=\"_blank\" rel=\"noopener\">\n\t\t\t\t\t\t<span class=\"elementor-button-content-wrapper\">\n\t\t\t\t\t\t<span class=\"elementor-button-icon\">\n\t\t\t\t<svg aria-hidden=\"true\" class=\"e-font-icon-svg e-fas-link\" viewbox=\"0 0 512 512\" xmlns=\"http:\/\/www.w3.org\/2000\/svg\"><path d=\"M326.612 185.391c59.747 59.809 58.927 155.698.36 214.59-.11.12-.24.25-.36.37l-67.2 67.2c-59.27 59.27-155.699 59.262-214.96 0-59.27-59.26-59.27-155.7 0-214.96l37.106-37.106c9.84-9.84 26.786-3.3 27.294 10.606.648 17.722 3.826 35.527 9.69 52.721 1.986 5.822.567 12.262-3.783 16.612l-13.087 13.087c-28.026 28.026-28.905 73.66-1.155 101.96 28.024 28.579 74.086 28.749 102.325.51l67.2-67.19c28.191-28.191 28.073-73.757 0-101.83-3.701-3.694-7.429-6.564-10.341-8.569a16.037 16.037 0 0 1-6.947-12.606c-.396-10.567 3.348-21.456 11.698-29.806l21.054-21.055c5.521-5.521 14.182-6.199 20.584-1.731a152.482 152.482 0 0 1 20.522 17.197zM467.547 44.449c-59.261-59.262-155.69-59.27-214.96 0l-67.2 67.2c-.12.12-.25.25-.36.37-58.566 58.892-59.387 154.781.36 214.59a152.454 152.454 0 0 0 20.521 17.196c6.402 4.468 15.064 3.789 20.584-1.731l21.054-21.055c8.35-8.35 12.094-19.239 11.698-29.806a16.037 16.037 0 0 0-6.947-12.606c-2.912-2.005-6.64-4.875-10.341-8.569-28.073-28.073-28.191-73.639 0-101.83l67.2-67.19c28.239-28.239 74.3-28.069 102.325.51 27.75 28.3 26.872 73.934-1.155 101.96l-13.087 13.087c-4.35 4.35-5.769 10.79-3.783 16.612 5.864 17.194 9.042 34.999 9.69 52.721.509 13.906 17.454 20.446 27.294 10.606l37.106-37.106c59.271-59.259 59.271-155.699.001-214.959z\"><\/path><\/svg>\t\t\t<\/span>\n\t\t\t\t\t\t\t\t\t<span class=\"elementor-button-text\">Visita il sito elektronscooters.com <\/span>\n\t\t\t\t\t<\/span>\n\t\t\t\t\t<\/a>\n\t\t\t\t<\/div>\n\t\t\t\t\t\t\t\t<\/div>\n\t\t\t\t<\/div>\n\t\t\t\t<div class=\"elementor-element elementor-element-706da9f5 elementor-align-center elementor-widget elementor-widget-button\" data-id=\"706da9f5\" data-element_type=\"widget\" data-widget_type=\"button.default\">\n\t\t\t\t<div class=\"elementor-widget-container\">\n\t\t\t\t\t\t\t\t\t<div class=\"elementor-button-wrapper\">\n\t\t\t\t\t<a class=\"elementor-button elementor-button-link elementor-size-sm\" href=\"https:\/\/electrotraveller.com\/it\/dev\/categoria-prodotto\/monopattini-elettrici\/brands\/elektron\/\">\n\t\t\t\t\t\t<span class=\"elementor-button-content-wrapper\">\n\t\t\t\t\t\t<span class=\"elementor-button-icon\">\n\t\t\t\t<svg aria-hidden=\"true\" class=\"e-font-icon-svg e-far-hand-point-up\" viewbox=\"0 0 448 512\" xmlns=\"http:\/\/www.w3.org\/2000\/svg\"><path d=\"M105.6 83.2v86.177a115.52 115.52 0 0 0-22.4-2.176c-47.914 0-83.2 35.072-83.2 92 0 45.314 48.537 57.002 78.784 75.707 12.413 7.735 23.317 16.994 33.253 25.851l.146.131.148.129C129.807 376.338 136 384.236 136 391.2v2.679c-4.952 5.747-8 13.536-8 22.12v64c0 17.673 12.894 32 28.8 32h230.4c15.906 0 28.8-14.327 28.8-32v-64c0-8.584-3.048-16.373-8-22.12V391.2c0-28.688 40-67.137 40-127.2v-21.299c0-62.542-38.658-98.8-91.145-99.94-17.813-12.482-40.785-18.491-62.791-15.985A93.148 93.148 0 0 0 272 118.847V83.2C272 37.765 234.416 0 188.8 0c-45.099 0-83.2 38.101-83.2 83.2zm118.4 0v91.026c14.669-12.837 42.825-14.415 61.05 4.95 19.646-11.227 45.624-1.687 53.625 12.925 39.128-6.524 61.325 10.076 61.325 50.6V264c0 45.491-35.913 77.21-39.676 120H183.571c-2.964-25.239-21.222-42.966-39.596-59.075-12.65-11.275-25.3-21.725-39.875-30.799C80.712 279.645 48 267.994 48 259.2c0-23.375 8.8-44 35.2-44 35.2 0 53.075 26.4 70.4 26.4V83.2c0-18.425 16.5-35.2 35.2-35.2 18.975 0 35.2 16.225 35.2 35.2zM352 424c13.255 0 24 10.745 24 24s-10.745 24-24 24-24-10.745-24-24 10.745-24 24-24z\"><\/path><\/svg>\t\t\t<\/span>\n\t\t\t\t\t\t\t\t\t<span class=\"elementor-button-text\">Scopri Elektron<\/span>\n\t\t\t\t\t<\/span>\n\t\t\t\t\t<\/a>\n\t\t\t\t<\/div>\n\t\t\t\t\t\t\t\t<\/div>\n\t\t\t\t<\/div>\n\t\t\t\t<\/div>\n\t\t\t\t<\/div>\n\t\t\t\t<\/div>","protected":false},"excerpt":{"rendered":"<p>About Us Welcome to the world of electromobility, where passion and innovation push boundaries. With industry experience of 8 years, we at ELECTROTRAVELLER have devoted ourselves not just to the revolution, but to leading it. We embarked on our journey with the vision of creating not just products but solutions that integrate seamlessly into the [&hellip;]<\/p>\n","protected":false},"author":1,"featured_media":0,"parent":0,"menu_order":0,"comment_status":"closed","ping_status":"closed","template":"elementor_header_footer","meta":{"footnotes":""},"class_list":["post-3202","page","type-page","status-publish","hentry"],"_links":{"self":[{"href":"https:\/\/electrotraveller.com\/it\/wp-json\/wp\/v2\/pages\/3202","targetHints":{"allow":["GET"]}}],"collection":[{"href":"https:\/\/electrotraveller.com\/it\/wp-json\/wp\/v2\/pages"}],"about":[{"href":"https:\/\/electrotraveller.com\/it\/wp-json\/wp\/v2\/types\/page"}],"author":[{"embeddable":true,"href":"https:\/\/electrotraveller.com\/it\/wp-json\/wp\/v2\/users\/1"}],"replies":[{"embeddable":true,"href":"https:\/\/electrotraveller.com\/it\/wp-json\/wp\/v2\/comments?post=3202"}],"version-history":[{"count":0,"href":"https:\/\/electrotraveller.com\/it\/wp-json\/wp\/v2\/pages\/3202\/revisions"}],"wp:attachment":[{"href":"https:\/\/electrotraveller.com\/it\/wp-json\/wp\/v2\/media?parent=3202"}],"curies":[{"name":"wp","href":"https:\/\/api.w.org\/{rel}","templated":true}]}}