{"id":1221,"date":"2024-06-18T13:36:55","date_gmt":"2024-06-18T13:36:55","guid":{"rendered":"https:\/\/electrotraveller.com\/?page_id=1221"},"modified":"2025-06-23T10:41:35","modified_gmt":"2025-06-23T10:41:35","slug":"rateizzazione-degli-scooter-elettrici","status":"publish","type":"page","link":"https:\/\/electrotraveller.com\/it\/electric-scooter-payment-installments\/","title":{"rendered":"Monopattino elettrico a rate"},"content":{"rendered":"<div data-elementor-type=\"wp-page\" data-elementor-id=\"1221\" class=\"elementor elementor-1221\" data-elementor-post-type=\"page\">\n\t\t\t\t<div class=\"elementor-element elementor-element-8dd96c1 e-con-full e-flex e-con e-parent\" data-id=\"8dd96c1\" data-element_type=\"container\" data-settings=\"{&quot;background_background&quot;:&quot;classic&quot;}\">\n\t\t<div class=\"elementor-element elementor-element-1bc427d e-con-full e-flex e-con e-child\" data-id=\"1bc427d\" data-element_type=\"container\">\n\t\t\t\t<div class=\"elementor-element elementor-element-67eb55e elementor-widget elementor-widget-heading\" data-id=\"67eb55e\" data-element_type=\"widget\" data-widget_type=\"heading.default\">\n\t\t\t\t<div class=\"elementor-widget-container\">\n\t\t\t\t\t<h1 class=\"elementor-heading-title elementor-size-default\">Pagamenti rateali per scooter elettrici con Klarna<\/h1>\t\t\t\t<\/div>\n\t\t\t\t<\/div>\n\t\t\t\t<div class=\"elementor-element elementor-element-08ee0ae elementor-widget__width-initial elementor-widget elementor-widget-text-editor\" data-id=\"08ee0ae\" data-element_type=\"widget\" data-widget_type=\"text-editor.default\">\n\t\t\t\t<div class=\"elementor-widget-container\">\n\t\t\t\t\t\t\t\t\t<p>Provate la flessibilit\u00e0 e la convenienza senza pari delle soluzioni di pagamento di Klarna, ora perfettamente integrate con Stripe su ElektronScooters.com. Mentre esplorate la nostra selezione premium di scooter elettrici, Klarna vi offre piani di pagamento personalizzati per soddisfare le vostre preferenze finanziarie e le vostre esigenze di stile di vita, tutti disponibili al momento del checkout attraverso la piattaforma sicura di Stripe.<\/p><p><strong>Paga ora<\/strong>: Per chi preferisce la semplicit\u00e0 e l'immediatezza, l'opzione \"Paga ora\" consente di completare l'acquisto all'istante. Questo metodo di pagamento diretto assicura una transazione rapida e sicura, consentendovi di godervi il vostro nuovo monopattino elettrico senza ritardi.<\/p><p><strong>Pagare dopo<\/strong>: Il nostro piano \"Pay Later\" offre la massima flessibilit\u00e0 di acquisto. Ricevete prima il vostro monopattino elettrico e decidete a vostro piacimento sulla sua idoneit\u00e0. Con un periodo di tolleranza da 14 a 30 giorni, questa opzione offre un modo privo di rischi per assicurarsi che il vostro acquisto soddisfi tutte le vostre aspettative, senza alcun costo aggiuntivo.<\/p><p><strong>Finanziamento<\/strong>: Pensata per i clienti che hanno in programma un investimento significativo per la loro mobilit\u00e0, la nostra opzione \"Finanziamento\" vi permette di distribuire il costo del vostro monopattino elettrico in rate gestibili. Questa soluzione conveniente vi permette di godere immediatamente dei vantaggi del vostro nuovo scooter, con la comodit\u00e0 di pagare nel tempo.<\/p><p class=\"\" data-start=\"97\" data-end=\"327\"><strong data-start=\"97\" data-end=\"128\">Scegliere Klarna alla cassa<\/strong><br data-start=\"128\" data-end=\"131\" \/>Al momento del pagamento, \u00e8 possibile selezionare <strong data-start=\"163\" data-end=\"182\">Klarna direttamente<\/strong> come metodo di pagamento. Non \u00e8 necessario avere un account Stripe separato. Klarna vi offre la flessibilit\u00e0 di scegliere come e quando pagare.<\/p><p class=\"\" data-start=\"329\" data-end=\"520\">Sia che preferiate pagare per intero o distribuire il costo nel tempo, Klarna lo rende semplice e sicuro. Iniziate oggi stesso la vostra avventura con lo scooter elettrico selezionando <strong data-start=\"493\" data-end=\"503\">Klarna<\/strong> durante il checkout.<\/p>\t\t\t\t\t\t\t\t<\/div>\n\t\t\t\t<\/div>\n\t\t\t\t<div class=\"elementor-element elementor-element-23b7989 elementor-widget elementor-widget-html\" data-id=\"23b7989\" data-element_type=\"widget\" data-widget_type=\"html.default\">\n\t\t\t\t<div class=\"elementor-widget-container\">\n\t\t\t\t\t<table border=\"1\" cellpadding=\"8\" cellspacing=\"0\" style=\"width: 100%; border-collapse: collapse;\">\r\n  <thead>\r\n    <tr style=\"background-color: #f2f2f2;\">\r\n      <th>Paese<\/th>\r\n      <th>Opzione di pagamento<\/th>\r\n      <th>Importo Intervallo<\/th>\r\n      <th>Note<\/th>\r\n    <\/tr>\r\n  <\/thead>\r\n  <tbody>\r\n    <!-- Austria -->\r\n    <tr style=\"background-color: #d9d9d9;\">\r\n      <td>Austria<\/td>\r\n      <td>Pagare per intero<\/td>\r\n      <td>0 - 10.000 EUR<\/td>\r\n      <td>Pagare l'intero importo in anticipo.<\/td>\r\n    <\/tr>\r\n    <tr style=\"background-color: #d9d9d9;\">\r\n      <td><\/td>\r\n      <td>Pagare pi\u00f9 tardi<\/td>\r\n      <td>0,1 - 5.000 EUR<\/td>\r\n      <td>Pagare in seguito entro 30 giorni.<\/td>\r\n    <\/tr>\r\n    <tr style=\"background-color: #d9d9d9;\">\r\n      <td><\/td>\r\n      <td>Pagamenti in 3<\/td>\r\n      <td>1 - 5.000 EUR<\/td>\r\n      <td>Dividere il costo in 3 parti.<\/td>\r\n    <\/tr>\r\n    <tr style=\"background-color: #d9d9d9;\">\r\n      <td><\/td>\r\n      <td>Finanziamento<\/td>\r\n      <td>25 - 5.000 EUR<\/td>\r\n      <td>Possibilit\u00e0 di finanziamento mensile.<\/td>\r\n    <\/tr>\r\n\r\n    <!-- Belgium -->\r\n    <tr>\r\n      <td>Belgio<\/td>\r\n      <td>Pagare per intero<\/td>\r\n      <td>0 - 10.000 EUR<\/td>\r\n      <td>Pagare l'intero importo in anticipo.<\/td>\r\n    <\/tr>\r\n    <tr>\r\n      <td><\/td>\r\n      <td>Pagare pi\u00f9 tardi<\/td>\r\n      <td>1 - 1.500 EUR<\/td>\r\n      <td>Pagare in seguito entro 30 giorni.<\/td>\r\n    <\/tr>\r\n\r\n    <!-- Czechia -->\r\n    <tr style=\"background-color: #d9d9d9;\">\r\n      <td>Cechia<\/td>\r\n      <td>Pagare per intero<\/td>\r\n      <td>0 - 100.000 CZK<\/td>\r\n      <td>Pagare l'intero importo in anticipo.<\/td>\r\n    <\/tr>\r\n    <tr style=\"background-color: #d9d9d9;\">\r\n      <td><\/td>\r\n      <td>Pagare pi\u00f9 tardi<\/td>\r\n      <td>0 - 12.250 CZK<\/td>\r\n      <td>Pagare in seguito entro 30 giorni.<\/td>\r\n    <\/tr>\r\n    <tr style=\"background-color: #d9d9d9;\">\r\n      <td><\/td>\r\n      <td>Pagamenti in 3<\/td>\r\n      <td>25 - 25.000 CZK<\/td>\r\n      <td>Dividere il costo in 3 parti.<\/td>\r\n    <\/tr>\r\n\r\n    <!-- Denmark -->\r\n    <tr>\r\n      <td>Danimarca<\/td>\r\n      <td>Pagare per intero<\/td>\r\n      <td>1 - 100.000 DKK<\/td>\r\n      <td>Pagare l'intero importo in anticipo.<\/td>\r\n    <\/tr>\r\n    <tr>\r\n      <td><\/td>\r\n      <td>Pagare pi\u00f9 tardi<\/td>\r\n      <td>1 - 50.000 DKK<\/td>\r\n      <td>Pagare in seguito entro 30 giorni.<\/td>\r\n    <\/tr>\r\n    <tr>\r\n      <td><\/td>\r\n      <td>Pagamenti in 3<\/td>\r\n      <td>10 - 50.000 DKK<\/td>\r\n      <td>Dividere il costo in 3 parti.<\/td>\r\n    <\/tr>\r\n\r\n    <!-- Finland -->\r\n    <tr style=\"background-color: #d9d9d9;\">\r\n      <td>Finlandia<\/td>\r\n      <td>Pagare per intero<\/td>\r\n      <td>0 - 10.000 EUR<\/td>\r\n      <td>Pagare l'intero importo in anticipo.<\/td>\r\n    <\/tr>\r\n    <tr style=\"background-color: #d9d9d9;\">\r\n      <td><\/td>\r\n      <td>Pagare pi\u00f9 tardi<\/td>\r\n      <td>1 - 3.000 EUR<\/td>\r\n      <td>Pagare in seguito entro 30 giorni.<\/td>\r\n    <\/tr>\r\n    <tr style=\"background-color: #d9d9d9;\">\r\n      <td><\/td>\r\n      <td>Finanziamento<\/td>\r\n      <td>25 - 3.000 EUR<\/td>\r\n      <td>Possibilit\u00e0 di finanziamento mensile.<\/td>\r\n    <\/tr>\r\n\r\n    <!-- France -->\r\n    <tr>\r\n      <td>Francia<\/td>\r\n      <td>Pagare per intero<\/td>\r\n      <td>0 - 4.000 EUR<\/td>\r\n      <td>Pagare l'intero importo in anticipo.<\/td>\r\n    <\/tr>\r\n    <tr>\r\n      <td><\/td>\r\n      <td>Pagare pi\u00f9 tardi<\/td>\r\n      <td>0 - 500 EUR<\/td>\r\n      <td>Pagare in seguito entro 30 giorni.<\/td>\r\n    <\/tr>\r\n    <tr>\r\n      <td><\/td>\r\n      <td>Pagamenti in 3<\/td>\r\n      <td>1 - 1.500 EUR<\/td>\r\n      <td>Dividere il costo in 3 parti.<\/td>\r\n    <\/tr>\r\n\r\n    <!-- Germany -->\r\n    <tr style=\"background-color: #d9d9d9;\">\r\n      <td>Germania<\/td>\r\n      <td>Pagare per intero<\/td>\r\n      <td>0 - 10.000 EUR<\/td>\r\n      <td>Pagare l'intero importo in anticipo.<\/td>\r\n    <\/tr>\r\n    <tr style=\"background-color: #d9d9d9;\">\r\n      <td><\/td>\r\n      <td>Pagare pi\u00f9 tardi<\/td>\r\n      <td>0,1 - 10.000 EUR<\/td>\r\n      <td>Pagare in seguito entro 30 giorni.<\/td>\r\n    <\/tr>\r\n    <tr style=\"background-color: #d9d9d9;\">\r\n      <td><\/td>\r\n      <td>Pagamenti in 3<\/td>\r\n      <td>1 - 5.000 EUR<\/td>\r\n      <td>Dividere il costo in 3 parti.<\/td>\r\n    <\/tr>\r\n    <tr style=\"background-color: #d9d9d9;\">\r\n      <td><\/td>\r\n      <td>Finanziamento<\/td>\r\n      <td>25 - 10.000 EUR<\/td>\r\n      <td>Possibilit\u00e0 di finanziamento mensile.<\/td>\r\n    <\/tr>\r\n\r\n    <!-- Greece -->\r\n    <tr>\r\n      <td>Grecia<\/td>\r\n      <td>Pagare per intero<\/td>\r\n      <td>0 - 4.000 EUR<\/td>\r\n      <td>Pagare l'intero importo in anticipo.<\/td>\r\n    <\/tr>\r\n    <tr>\r\n      <td><\/td>\r\n      <td>Pagare pi\u00f9 tardi<\/td>\r\n      <td>0 - 500 EUR<\/td>\r\n      <td>Pagare in seguito entro 30 giorni.<\/td>\r\n    <\/tr>\r\n    <tr>\r\n      <td><\/td>\r\n      <td>Pagamenti in 3<\/td>\r\n      <td>1 - 1.000 EUR<\/td>\r\n      <td>Dividere il costo in 3 parti.<\/td>\r\n    <\/tr>\r\n\r\n    <!-- Hungary -->\r\n    <tr style=\"background-color: #d9d9d9;\">\r\n      <td>Ungheria<\/td>\r\n      <td>Pagare per intero<\/td>\r\n      <td>0 - 200.000 HUF<\/td>\r\n      <td>Pagare l'intero importo in anticipo.<\/td>\r\n    <\/tr>\r\n    <tr style=\"background-color: #d9d9d9;\">\r\n      <td><\/td>\r\n      <td>Pagare pi\u00f9 tardi<\/td>\r\n      <td>0 - 50.000 HUF<\/td>\r\n      <td>Pagare in seguito entro 30 giorni.<\/td>\r\n    <\/tr>\r\n    <tr style=\"background-color: #d9d9d9;\">\r\n      <td><\/td>\r\n      <td>Pagamenti in 3<\/td>\r\n      <td>500 - 50.000 HUF<\/td>\r\n      <td>Dividere il costo in 3 parti.<\/td>\r\n    <\/tr>\r\n\r\n    <!-- Ireland -->\r\n    <tr>\r\n      <td>Irlanda<\/td>\r\n      <td>Pagare per intero<\/td>\r\n      <td>0 - 4.000 EUR<\/td>\r\n      <td>Pagare l'intero importo in anticipo.<\/td>\r\n    <\/tr>\r\n    <tr>\r\n      <td><\/td>\r\n      <td>Pagamenti in 3<\/td>\r\n      <td>1 - 1.500 EUR<\/td>\r\n      <td>Dividere il costo in 3 parti.<\/td>\r\n    <\/tr>\r\n\r\n    <!-- Italy -->\r\n    <tr style=\"background-color: #d9d9d9;\">\r\n      <td>Italia<\/td>\r\n      <td>Pagare per intero<\/td>\r\n      <td>0 - 4.000 EUR<\/td>\r\n      <td>Pagare l'intero importo in anticipo.<\/td>\r\n    <\/tr>\r\n    <tr style=\"background-color: #d9d9d9;\">\r\n      <td><\/td>\r\n      <td>Pagare pi\u00f9 tardi<\/td>\r\n      <td>0 - 500 EUR<\/td>\r\n      <td>Pagare in seguito entro 30 giorni.<\/td>\r\n    <\/tr>\r\n    <tr style=\"background-color: #d9d9d9;\">\r\n      <td><\/td>\r\n      <td>Pagamenti in 3<\/td>\r\n      <td>1 - 1.500 EUR<\/td>\r\n      <td>Dividere il costo in 3 parti.<\/td>\r\n    <\/tr>\r\n     <!-- Netherlands -->\r\n    <tr>\r\n      <td>Paesi Bassi<\/td>\r\n      <td>Pagare per intero<\/td>\r\n      <td>0 - 10.000 EUR<\/td>\r\n      <td>Pagare l'intero importo in anticipo.<\/td>\r\n    <\/tr>\r\n    <tr>\r\n      <td><\/td>\r\n      <td>Pagare pi\u00f9 tardi<\/td>\r\n      <td>1 - 1.500 EUR<\/td>\r\n      <td>Provate prima di pagare.<\/td>\r\n    <\/tr>\r\n    <tr>\r\n      <td><\/td>\r\n      <td>Pagamenti in 3<\/td>\r\n      <td>1 - 5.000 EUR<\/td>\r\n      <td>Diviso in 3 pagamenti.<\/td>\r\n    <\/tr>\r\n\r\n    <!-- Poland -->\r\n    <tr style=\"background-color: #d9d9d9;\">\r\n      <td>Polonia<\/td>\r\n      <td>Pagare per intero<\/td>\r\n      <td>0 - 40.000 PLN<\/td>\r\n      <td>Pagare l'intero importo in anticipo.<\/td>\r\n    <\/tr>\r\n    <tr style=\"background-color: #d9d9d9;\">\r\n      <td><\/td>\r\n      <td>Pagare pi\u00f9 tardi<\/td>\r\n      <td>0 - 5.000 PLN<\/td>\r\n      <td>Provate prima di pagare.<\/td>\r\n    <\/tr>\r\n    <tr style=\"background-color: #d9d9d9;\">\r\n      <td><\/td>\r\n      <td>Pagamenti in 3<\/td>\r\n      <td>50 - 20.000 PLN<\/td>\r\n      <td>Diviso in 3 pagamenti.<\/td>\r\n    <\/tr>\r\n\r\n    <!-- Portugal -->\r\n    <tr>\r\n      <td>Portogallo<\/td>\r\n      <td>Pagare per intero<\/td>\r\n      <td>0 - 4.000 EUR<\/td>\r\n      <td>Pagare l'intero importo in anticipo.<\/td>\r\n    <\/tr>\r\n    <tr>\r\n      <td><\/td>\r\n      <td>Pagare pi\u00f9 tardi<\/td>\r\n      <td>0 - 500 EUR<\/td>\r\n      <td>Provate prima di pagare.<\/td>\r\n    <\/tr>\r\n    <tr>\r\n      <td><\/td>\r\n      <td>Pagamenti in 3<\/td>\r\n      <td>1 - 1.500 EUR<\/td>\r\n      <td>Diviso in 3 pagamenti.<\/td>\r\n    <\/tr>\r\n\r\n    <!-- Spain -->\r\n    <tr style=\"background-color: #d9d9d9;\">\r\n      <td>Spagna<\/td>\r\n      <td>Pagare per intero<\/td>\r\n      <td>0 - 4.000 EUR<\/td>\r\n      <td>Pagare l'intero importo in anticipo.<\/td>\r\n    <\/tr>\r\n    <tr style=\"background-color: #d9d9d9;\">\r\n      <td><\/td>\r\n      <td>Pagare pi\u00f9 tardi<\/td>\r\n      <td>0 - 500 EUR<\/td>\r\n      <td>Provate prima di pagare.<\/td>\r\n    <\/tr>\r\n    <tr style=\"background-color: #d9d9d9;\">\r\n      <td><\/td>\r\n      <td>Pagamenti in 3<\/td>\r\n      <td>1 - 1.500 EUR<\/td>\r\n      <td>Diviso in 3 pagamenti.<\/td>\r\n    <\/tr>\r\n\r\n    <!-- Sweden -->\r\n    <tr>\r\n      <td>Svezia<\/td>\r\n      <td>Pagare per intero<\/td>\r\n      <td>10 - 100.000 SEK<\/td>\r\n      <td>Pagare l'intero importo in anticipo.<\/td>\r\n    <\/tr>\r\n    <tr>\r\n      <td><\/td>\r\n      <td>Pagare pi\u00f9 tardi<\/td>\r\n      <td>10 - 50.000 SEK<\/td>\r\n      <td>Provate prima di pagare.<\/td>\r\n    <\/tr>\r\n    <tr>\r\n      <td><\/td>\r\n      <td>Pagamenti in 3<\/td>\r\n      <td>100 - 50.000 SEK<\/td>\r\n      <td>Diviso in 3 pagamenti.<\/td>\r\n    <\/tr>\r\n  <\/tbody>\r\n<\/table>\t\t\t\t<\/div>\n\t\t\t\t<\/div>\n\t\t\t\t<\/div>\n\t\t\t\t<\/div>\n\t\t\t\t<\/div>","protected":false},"excerpt":{"rendered":"<p>Elektri\u010dni romobil na rate Kupnja elektri\u010dnog romobila nikada nije bila jednostavnija! Ako va\u0161a banka omogu\u0107ava opciju obro\u010dnog pla\u0107anja, svoju kupnju mo\u017eete podijeliti na vi\u0161e rata i tako si olak\u0161ati financijsko optere\u0107enje. Obro\u010dna otplata elektri\u010dnog romobila idealno je rje\u0161enje za sve koji \u017eele ravnomjerno rasporediti tro\u0161kove. Na\u0161a internetska trgovina nema izravnu mogu\u0107nost odabira obro\u010dnog pla\u0107anja. Sve [&hellip;]<\/p>\n","protected":false},"author":1,"featured_media":0,"parent":0,"menu_order":0,"comment_status":"closed","ping_status":"closed","template":"elementor_header_footer","meta":{"footnotes":""},"class_list":["post-1221","page","type-page","status-publish","hentry"],"_links":{"self":[{"href":"https:\/\/electrotraveller.com\/it\/wp-json\/wp\/v2\/pages\/1221","targetHints":{"allow":["GET"]}}],"collection":[{"href":"https:\/\/electrotraveller.com\/it\/wp-json\/wp\/v2\/pages"}],"about":[{"href":"https:\/\/electrotraveller.com\/it\/wp-json\/wp\/v2\/types\/page"}],"author":[{"embeddable":true,"href":"https:\/\/electrotraveller.com\/it\/wp-json\/wp\/v2\/users\/1"}],"replies":[{"embeddable":true,"href":"https:\/\/electrotraveller.com\/it\/wp-json\/wp\/v2\/comments?post=1221"}],"version-history":[{"count":0,"href":"https:\/\/electrotraveller.com\/it\/wp-json\/wp\/v2\/pages\/1221\/revisions"}],"wp:attachment":[{"href":"https:\/\/electrotraveller.com\/it\/wp-json\/wp\/v2\/media?parent=1221"}],"curies":[{"name":"wp","href":"https:\/\/api.w.org\/{rel}","templated":true}]}}