{"id":9972,"date":"2026-01-15T14:59:24","date_gmt":"2026-01-15T14:59:24","guid":{"rendered":"https:\/\/electrotraveller.com\/?post_type=product&#038;p=9972"},"modified":"2026-01-15T15:09:24","modified_gmt":"2026-01-15T15:09:24","slug":"seat-gspace-mars-kit","status":"publish","type":"product","link":"https:\/\/electrotraveller.com\/hu\/electric-scooter-accessories\/seat-gspace-mars-kit\/","title":{"rendered":"\u00dcl\u00e9s, l\u00e1btart\u00f3k, t\u00fckr\u00f6k, doboz a Gspace MARS-hoz \/\/ Upgrade Kit"},"content":{"rendered":"","protected":false},"excerpt":{"rendered":"","protected":false},"featured_media":9973,"comment_status":"open","ping_status":"closed","template":"","meta":[],"product_brand":[],"product_cat":[29,37],"product_tag":[],"class_list":{"0":"post-9972","1":"product","2":"type-product","3":"status-publish","4":"has-post-thumbnail","6":"product_cat-electric-scooter-accessories","7":"product_cat-other-electric-scooter-accessories","8":"product_shipping_class-up-to-10-kg","10":"first","11":"instock","12":"taxable","13":"shipping-taxable","14":"purchasable","15":"product-type-simple"},"_links":{"self":[{"href":"https:\/\/electrotraveller.com\/hu\/wp-json\/wp\/v2\/product\/9972","targetHints":{"allow":["GET"]}}],"collection":[{"href":"https:\/\/electrotraveller.com\/hu\/wp-json\/wp\/v2\/product"}],"about":[{"href":"https:\/\/electrotraveller.com\/hu\/wp-json\/wp\/v2\/types\/product"}],"replies":[{"embeddable":true,"href":"https:\/\/electrotraveller.com\/hu\/wp-json\/wp\/v2\/comments?post=9972"}],"wp:featuredmedia":[{"embeddable":true,"href":"https:\/\/electrotraveller.com\/hu\/wp-json\/wp\/v2\/media\/9973"}],"wp:attachment":[{"href":"https:\/\/electrotraveller.com\/hu\/wp-json\/wp\/v2\/media?parent=9972"}],"wp:term":[{"taxonomy":"product_brand","embeddable":true,"href":"https:\/\/electrotraveller.com\/hu\/wp-json\/wp\/v2\/product_brand?post=9972"},{"taxonomy":"product_cat","embeddable":true,"href":"https:\/\/electrotraveller.com\/hu\/wp-json\/wp\/v2\/product_cat?post=9972"},{"taxonomy":"product_tag","embeddable":true,"href":"https:\/\/electrotraveller.com\/hu\/wp-json\/wp\/v2\/product_tag?post=9972"}],"curies":[{"name":"wp","href":"https:\/\/api.w.org\/{rel}","templated":true}]}}