{"id":7690,"date":"2025-06-04T11:53:48","date_gmt":"2025-06-04T11:53:48","guid":{"rendered":"https:\/\/electrotraveller.com\/?post_type=product&#038;p=7690"},"modified":"2026-03-08T14:47:49","modified_gmt":"2026-03-08T13:47:49","slug":"11-huvelykes-gumiabroncs-cst","status":"publish","type":"product","link":"https:\/\/electrotraveller.com\/hu\/electric-scooter-spare-parts\/11-inch-tire-cst\/","title":{"rendered":"11 h\u00fcvelykes CST n\u00e9lk\u00fcli gumiabroncs elektromos robog\u00f3hoz 100\/55-6.5 \/\/ Hibrid"},"content":{"rendered":"","protected":false},"excerpt":{"rendered":"","protected":false},"featured_media":7691,"comment_status":"open","ping_status":"closed","template":"","meta":[],"product_brand":[],"product_cat":[30,39,78],"product_tag":[],"class_list":{"0":"post-7690","1":"product","2":"type-product","3":"status-publish","4":"has-post-thumbnail","6":"product_cat-electric-scooter-spare-parts","7":"product_cat-electric-scooter-tires","8":"product_cat-electric-scooter-tubeless-tires","9":"product_shipping_class-up-to-2-kg","11":"first","12":"instock","13":"taxable","14":"shipping-taxable","15":"purchasable","16":"product-type-simple"},"_links":{"self":[{"href":"https:\/\/electrotraveller.com\/hu\/wp-json\/wp\/v2\/product\/7690","targetHints":{"allow":["GET"]}}],"collection":[{"href":"https:\/\/electrotraveller.com\/hu\/wp-json\/wp\/v2\/product"}],"about":[{"href":"https:\/\/electrotraveller.com\/hu\/wp-json\/wp\/v2\/types\/product"}],"replies":[{"embeddable":true,"href":"https:\/\/electrotraveller.com\/hu\/wp-json\/wp\/v2\/comments?post=7690"}],"wp:featuredmedia":[{"embeddable":true,"href":"https:\/\/electrotraveller.com\/hu\/wp-json\/wp\/v2\/media\/7691"}],"wp:attachment":[{"href":"https:\/\/electrotraveller.com\/hu\/wp-json\/wp\/v2\/media?parent=7690"}],"wp:term":[{"taxonomy":"product_brand","embeddable":true,"href":"https:\/\/electrotraveller.com\/hu\/wp-json\/wp\/v2\/product_brand?post=7690"},{"taxonomy":"product_cat","embeddable":true,"href":"https:\/\/electrotraveller.com\/hu\/wp-json\/wp\/v2\/product_cat?post=7690"},{"taxonomy":"product_tag","embeddable":true,"href":"https:\/\/electrotraveller.com\/hu\/wp-json\/wp\/v2\/product_tag?post=7690"}],"curies":[{"name":"wp","href":"https:\/\/api.w.org\/{rel}","templated":true}]}}