{"id":1898,"date":"2024-06-26T17:54:11","date_gmt":"2024-06-26T17:54:11","guid":{"rendered":"https:\/\/electrotraveller.com\/?post_type=product&#038;p=1898"},"modified":"2026-04-01T15:24:03","modified_gmt":"2026-04-01T13:24:03","slug":"elektron-kinetika","status":"publish","type":"product","link":"https:\/\/electrotraveller.com\/hu\/electric-scooters\/elektron-kinetik\/","title":{"rendered":"Elektron Kinetik elektromos roller"},"content":{"rendered":"","protected":false},"excerpt":{"rendered":"<p><span style=\"color: #0000ff;\">Gyorst\u00f6lt\u00e9s kieg\u00e9sz\u00edt\u0151 t\u00f6lt\u0151vel<\/span><br \/>\n<span style=\"color: #0000ff;\">\u00dcl\u00e9s opci\u00f3 el\u00e9rhet\u0151<\/span><\/p>\n<p>Az Elektron Kinetik GTR elektromos roller az elektromos mobilit\u00e1s kateg\u00f3ri\u00e1j\u00e1nak vezet\u0151je, a nagy teljes\u00edtm\u00e9nyt \u00e9s megb\u00edzhat\u00f3s\u00e1got keres\u0151k sz\u00e1m\u00e1ra tervezt\u00e9k. K\u00e9t nagy teljes\u00edtm\u00e9ny\u0171 motorral felszerelve, amelyek \u00f6sszesen <strong>2800 W n\u00e9vleges teljes\u00edtm\u00e9ny<\/strong> \u00e9s ak\u00e1r 3800 W maxim\u00e1lis teljes\u00edtm\u00e9ny mellett az Elektron Kinetik GTR a k\u00f6vetkez\u0151 sebess\u00e9geket \u00e9ri el <strong>75 km\/h sebess\u00e9gig<\/strong>, 25 km\/h-s biztons\u00e1gi hat\u00e1r\u00e9rt\u00e9kkel. Ak\u00e1r 30\u00b0-os lejt\u0151k\u00f6n is k\u00e9pes megbirk\u00f3zni, \u00e9s a hat\u00f3t\u00e1vols\u00e1ga ak\u00e1r <strong>90 km<\/strong>, amelyet a 23,4 Ah kapacit\u00e1s\u00fa akkumul\u00e1tor 60 V-os fesz\u00fclts\u00e9g mellett tesz lehet\u0151v\u00e9, ez a robog\u00f3 magas m\u00e9rc\u00e9t \u00e1ll\u00edt fel.<\/p>\n<p>A fejlett szinuszhull\u00e1mos vez\u00e9rl\u0151k csendesebb m\u0171k\u00f6d\u00e9st, gyorsabb reakci\u00f3t \u00e9s egyenletes sebess\u00e9get biztos\u00edtanak, m\u00edg a <strong>sz\u00ednes TFT kijelz\u0151<\/strong> sz\u00e9lesk\u00f6r\u0171 lovas inform\u00e1ci\u00f3kat ny\u00fajt, amelyek egy\u00fcttesen tov\u00e1bbfejlesztett felhaszn\u00e1l\u00f3i \u00e9lm\u00e9nyt ny\u00fajtanak. <strong>Hibrid Wanda gumiabroncsok<\/strong> \u00fagy tervezt\u00e9k, hogy minden fel\u00fcleten optim\u00e1lis tapad\u00e1st biztos\u00edtson, \u00edgy biztos\u00edtva a robog\u00f3 sokoldal\u00fas\u00e1g\u00e1t.<\/p>\n<p>A biztons\u00e1gr\u00f3l a f\u00e9krendszer gondoskodik a <strong>NUTT hidraulikus t\u00e1rcsaf\u00e9kek<\/strong> \u00e9s egy tov\u00e1bbi elektronikus f\u00e9k, amely n\u00f6veli a f\u00e9ker\u0151t \u00e9s meghosszabb\u00edtja a f\u00e9kbet\u00e9tek \u00e9lettartam\u00e1t. Az \u00f6sszecsukhat\u00f3 mechanizmussal ell\u00e1tott ergonomikus kialak\u00edt\u00e1s \u00e9s a <strong>\u00e1ll\u00edthat\u00f3 hidraulikus felf\u00fcggeszt\u00e9s<\/strong> k\u00e9nyelmes vezet\u00e9st tesz lehet\u0151v\u00e9, m\u00edg a <strong>NFC z\u00e1r \u00e9s PIN k\u00f3d<\/strong> fejlett v\u00e9delmet ny\u00fajtanak a nem k\u00edv\u00e1nt hozz\u00e1f\u00e9r\u00e9ssel szemben.<\/p>\n<p>A modell emellett t\u00e1mogatja egy alkalmaz\u00e1s haszn\u00e1lat\u00e1t a <strong>RGB k\u00f6rnyezeti vil\u00e1g\u00edt\u00e1s<\/strong>, ami nemcsak szem\u00e9lyes jelleget k\u00f6lcs\u00f6n\u00f6z a robog\u00f3nak, hanem n\u00f6veli a l\u00e1that\u00f3s\u00e1got \u00e9s a biztons\u00e1got is a forgalomban. Az opci\u00f3 a <strong>\u00fcl\u00e9s r\u00f6gz\u00edt\u00e9se<\/strong> a k\u00e9nyelmesebb hosszabb utaz\u00e1sokhoz \u00e9s az \u00f6sszecsukhat\u00f3 kialak\u00edt\u00e1s a k\u00f6nny\u0171 sz\u00e1ll\u00edt\u00e1shoz hangs\u00falyozza az alkalmazkod\u00f3k\u00e9pess\u00e9get \u00e9s a funkcionalit\u00e1st. A gondtalan sz\u00e1ll\u00edt\u00e1ssal \u00e9s a gyors szervizel\u00e9ssel egy\u00fctt 1 \u00e9v alapgaranci\u00e1t tartalmaz\u00f3, meghosszabb\u00edt\u00e1si lehet\u0151s\u00e9ggel ell\u00e1tott garanci\u00e1val az Elektron Kinetik GTR olyan pr\u00e9mium szint\u0171 vezet\u00e9si \u00e9lm\u00e9nyt ny\u00fajt, amely fel\u00fclm\u00falja az elv\u00e1r\u00e1sokat.<\/p>","protected":false},"featured_media":440,"comment_status":"open","ping_status":"closed","template":"","meta":[],"product_brand":[],"product_cat":[22,40,44,45],"product_tag":[],"class_list":{"0":"post-1898","1":"product","2":"type-product","3":"status-publish","4":"has-post-thumbnail","6":"product_cat-electric-scooters","7":"product_cat-electric-scooter-brands","8":"product_cat-electric-scooter-with-seat","9":"product_cat-elektron","11":"first","12":"instock","13":"sale","14":"taxable","15":"shipping-taxable","16":"purchasable","17":"product-type-simple"},"_links":{"self":[{"href":"https:\/\/electrotraveller.com\/hu\/wp-json\/wp\/v2\/product\/1898","targetHints":{"allow":["GET"]}}],"collection":[{"href":"https:\/\/electrotraveller.com\/hu\/wp-json\/wp\/v2\/product"}],"about":[{"href":"https:\/\/electrotraveller.com\/hu\/wp-json\/wp\/v2\/types\/product"}],"replies":[{"embeddable":true,"href":"https:\/\/electrotraveller.com\/hu\/wp-json\/wp\/v2\/comments?post=1898"}],"wp:featuredmedia":[{"embeddable":true,"href":"https:\/\/electrotraveller.com\/hu\/wp-json\/wp\/v2\/media\/440"}],"wp:attachment":[{"href":"https:\/\/electrotraveller.com\/hu\/wp-json\/wp\/v2\/media?parent=1898"}],"wp:term":[{"taxonomy":"product_brand","embeddable":true,"href":"https:\/\/electrotraveller.com\/hu\/wp-json\/wp\/v2\/product_brand?post=1898"},{"taxonomy":"product_cat","embeddable":true,"href":"https:\/\/electrotraveller.com\/hu\/wp-json\/wp\/v2\/product_cat?post=1898"},{"taxonomy":"product_tag","embeddable":true,"href":"https:\/\/electrotraveller.com\/hu\/wp-json\/wp\/v2\/product_tag?post=1898"}],"curies":[{"name":"wp","href":"https:\/\/api.w.org\/{rel}","templated":true}]}}