{"id":10361,"date":"2026-01-17T16:45:05","date_gmt":"2026-01-17T16:45:05","guid":{"rendered":"https:\/\/electrotraveller.com\/?post_type=product&#038;p=10361"},"modified":"2026-03-10T20:55:44","modified_gmt":"2026-03-10T19:55:44","slug":"10in-tomor-gumiabroncs-ulip-tricolor","status":"publish","type":"product","link":"https:\/\/electrotraveller.com\/hu\/electric-scooter-spare-parts\/10in-solid-tire-ulip-tricolor\/","title":{"rendered":"10*2.70-6.5(10*2.75) gumiabroncs elektromos robog\u00f3hoz \/\/ Solid (h\u00e1rom sz\u00edn\u0171 k\u00f6r)"},"content":{"rendered":"","protected":false},"excerpt":{"rendered":"","protected":false},"featured_media":10362,"comment_status":"open","ping_status":"closed","template":"","meta":[],"product_brand":[],"product_cat":[30,77,39],"product_tag":[],"class_list":{"0":"post-10361","1":"product","2":"type-product","3":"status-publish","4":"has-post-thumbnail","6":"product_cat-electric-scooter-spare-parts","7":"product_cat-electric-scooter-solid-tires","8":"product_cat-electric-scooter-tires","9":"product_shipping_class-up-to-2-kg","11":"first","12":"instock","13":"taxable","14":"shipping-taxable","15":"purchasable","16":"product-type-simple"},"_links":{"self":[{"href":"https:\/\/electrotraveller.com\/hu\/wp-json\/wp\/v2\/product\/10361","targetHints":{"allow":["GET"]}}],"collection":[{"href":"https:\/\/electrotraveller.com\/hu\/wp-json\/wp\/v2\/product"}],"about":[{"href":"https:\/\/electrotraveller.com\/hu\/wp-json\/wp\/v2\/types\/product"}],"replies":[{"embeddable":true,"href":"https:\/\/electrotraveller.com\/hu\/wp-json\/wp\/v2\/comments?post=10361"}],"wp:featuredmedia":[{"embeddable":true,"href":"https:\/\/electrotraveller.com\/hu\/wp-json\/wp\/v2\/media\/10362"}],"wp:attachment":[{"href":"https:\/\/electrotraveller.com\/hu\/wp-json\/wp\/v2\/media?parent=10361"}],"wp:term":[{"taxonomy":"product_brand","embeddable":true,"href":"https:\/\/electrotraveller.com\/hu\/wp-json\/wp\/v2\/product_brand?post=10361"},{"taxonomy":"product_cat","embeddable":true,"href":"https:\/\/electrotraveller.com\/hu\/wp-json\/wp\/v2\/product_cat?post=10361"},{"taxonomy":"product_tag","embeddable":true,"href":"https:\/\/electrotraveller.com\/hu\/wp-json\/wp\/v2\/product_tag?post=10361"}],"curies":[{"name":"wp","href":"https:\/\/api.w.org\/{rel}","templated":true}]}}