{"id":7349,"date":"2025-04-30T14:32:04","date_gmt":"2025-04-30T14:32:04","guid":{"rendered":"https:\/\/electrotraveller.com\/?page_id=7349"},"modified":"2025-12-06T11:46:24","modified_gmt":"2025-12-06T11:46:24","slug":"business-to-business-b2b-megrendelesek-afas-szamlazas","status":"publish","type":"page","link":"https:\/\/electrotraveller.com\/hu\/business-to-business-b2b-orders-vat-invoicing\/","title":{"rendered":"Business-to-Business (B2B) megrendel\u00e9sek \u00e9s \u00e1f\u00e1s sz\u00e1ml\u00e1z\u00e1s"},"content":{"rendered":"<div data-elementor-type=\"wp-page\" data-elementor-id=\"7349\" class=\"elementor elementor-7349\" data-elementor-post-type=\"page\">\n\t\t\t\t<div class=\"elementor-element elementor-element-16b46de e-con-full e-flex e-con e-parent\" data-id=\"16b46de\" data-element_type=\"container\" data-settings=\"{&quot;background_background&quot;:&quot;classic&quot;}\">\n\t\t<div class=\"elementor-element elementor-element-b25752f e-con-full e-flex e-con e-child\" data-id=\"b25752f\" data-element_type=\"container\">\n\t\t\t\t<div class=\"elementor-element elementor-element-40602dc elementor-widget elementor-widget-heading\" data-id=\"40602dc\" data-element_type=\"widget\" data-widget_type=\"heading.default\">\n\t\t\t\t<div class=\"elementor-widget-container\">\n\t\t\t\t\t<h1 class=\"elementor-heading-title elementor-size-default\">Business-to-Business (B2B) megrendel\u00e9sek elektromos robog\u00f3k \u00e9s e-ker\u00e9kp\u00e1rok sz\u00e1m\u00e1ra - H\u00c9A-sz\u00e1ml\u00e1z\u00e1s k\u00f6nnyen kezelhet\u0151v\u00e9 t\u00e9ve\n\n<\/h1>\t\t\t\t<\/div>\n\t\t\t\t<\/div>\n\t\t\t\t<div class=\"elementor-element elementor-element-d4c1244 elementor-widget__width-initial elementor-widget elementor-widget-text-editor\" data-id=\"d4c1244\" data-element_type=\"widget\" data-widget_type=\"text-editor.default\">\n\t\t\t\t<div class=\"elementor-widget-container\">\n\t\t\t\t\t\t\t\t\t<p>Az ElectroTravellern\u00e9l megk\u00f6nny\u00edtj\u00fck a v\u00e1llalkoz\u00e1sok sz\u00e1m\u00e1ra az elektromos robog\u00f3k \u00e9s e-ker\u00e9kp\u00e1rok beszerz\u00e9s\u00e9t, H\u00c9A vagy H\u00c9A-mentes opci\u00f3kkal. Ak\u00e1r flott\u00e1ja, ak\u00e1r kiskereskedelme vagy v\u00e1llalati mobilit\u00e1si megold\u00e1sai sz\u00e1m\u00e1ra v\u00e1s\u00e1rol, B2B programunk z\u00f6kken\u0151mentes tranzakci\u00f3kat biztos\u00edt az EU-ban.<\/p><h2>Elektromos robog\u00f3k \u00e9s elektromos ker\u00e9kp\u00e1rok v\u00e1s\u00e1rl\u00e1sa H\u00c9A-val vagy H\u00c9A-mentess\u00e9ggel<\/h2><p>Ha az \u00d6n c\u00e9ge az Eur\u00f3pai Uni\u00f3ban van bejegyezve (de a mi bejegyz\u00e9si orsz\u00e1gunkon k\u00edv\u00fcl), akkor az EU ford\u00edtott ad\u00f3z\u00e1si mechanizmusa alapj\u00e1n H\u00c9A n\u00e9lk\u00fcl is v\u00e1s\u00e1rolhat elektromos robog\u00f3kat \u00e9s e-ker\u00e9kp\u00e1rokat. Ez ide\u00e1lis azon v\u00e1llalkoz\u00e1sok sz\u00e1m\u00e1ra, amelyek cs\u00f6kkenteni szeretn\u00e9k k\u00f6lts\u00e9geiket, mik\u00f6zben a fenntarthat\u00f3 mobilit\u00e1sba fektetnek be.<\/p><p><br \/><strong>Hogyan m\u0171k\u00f6dik a H\u00c9A-mentess\u00e9g:<\/strong><\/p><ol><li><span style=\"color: #0000ff;\"><strong>A p\u00e9nzt\u00e1rn\u00e1l adja meg az \u00e9rv\u00e9nyes uni\u00f3s \u00e1fasz\u00e1mot.<\/strong><\/span><\/li><li><span style=\"color: #0000ff;\"><strong>Rendszer\u00fcnk az EU VIES adatb\u00e1zis\u00e1nak seg\u00edts\u00e9g\u00e9vel \u00e9rv\u00e9nyes\u00edti az \u00d6n H\u00c9A-sz\u00e1m\u00e1t.<\/strong><\/span><\/li><li><span style=\"color: #0000ff;\"><strong>A visszaigazol\u00e1st k\u00f6vet\u0151en az \u00c1FA-t nem sz\u00e1m\u00edtjuk bele a teljes \u00f6sszegbe.<\/strong><\/span><\/li><\/ol><p>\u00a0<\/p><p>A regisztr\u00e1ci\u00f3s orsz\u00e1gunkban m\u0171k\u00f6d\u0151 v\u00e1llalkoz\u00e1sok eset\u00e9ben az \u00e1f\u00e1t a helyi el\u0151\u00edr\u00e1soknak megfelel\u0151en alkalmazzuk, biztos\u00edtva a megfelel\u0151s\u00e9get \u00e9s az \u00e1tl\u00e1that\u00f3s\u00e1got.<\/p><h2>Proforma sz\u00e1ml\u00e1k (B2B) elektromos robog\u00f3k \u00e9s elektromos ker\u00e9kp\u00e1rok sz\u00e1m\u00e1ra<\/h2><p class=\"translation-block\">Proforma sz\u00e1ml\u00e1ra van sz\u00fcks\u00e9ge a megrendel\u00e9s lead\u00e1sa el\u0151tt? R\u00e9szletes sz\u00e1ml\u00e1kat biztos\u00edtunk az elektromos robog\u00f3kr\u00f3l \u00e9s e-ker\u00e9kp\u00e1rokr\u00f3l, megk\u00f6nny\u00edtve ezzel a beszerz\u00e9st k\u00f6nyvel\u0151csapata sz\u00e1m\u00e1ra.<br>Elk\u00fcldje egyszer\u0171en a info@electrotraveller.com e-mail c\u00edmre:<\/p><ul><li>A v\u00e1llalat neve \u00e9s c\u00edme<\/li><li>H\u00c9A-sz\u00e1m (ha van)<\/li><li>A megrendelni k\u00edv\u00e1nt term\u00e9kek list\u00e1ja<\/li><\/ul><p><br \/>Azonnal elk\u00fcldj\u00fck \u00d6nnek a proforma sz\u00e1ml\u00e1t.<\/p><h2><strong>Mi\u00e9rt v\u00e1lassza az ElectroTravellert az elektromos robog\u00f3k \u00e9s elektromos ker\u00e9kp\u00e1rok B2B megrendel\u00e9seihez?<br \/><\/strong><\/h2><ul><li>Elektromos robog\u00f3k \u00e9s e-ker\u00e9kp\u00e1rok sz\u00e9les v\u00e1laszt\u00e9ka \u00fczleti ig\u00e9nyekre.<\/li><li>Rugalmas h\u00e9akezel\u00e9s az uni\u00f3s v\u00e1llalatok sz\u00e1m\u00e1ra.<\/li><li>Dedik\u00e1lt t\u00e1mogat\u00e1s a sz\u00e1ml\u00e1z\u00e1shoz \u00e9s a megfelel\u00e9shez.<\/li><\/ul><p><strong>Vegye fel vel\u00fcnk a kapcsolatot m\u00e9g ma a info@electrotraveller.com c\u00edmen, hogy megbesz\u00e9lj\u00fck az elektromos robog\u00f3kra \u00e9s e-ker\u00e9kp\u00e1rokra vonatkoz\u00f3 B2B k\u00f6vetelm\u00e9nyeit.<\/strong><\/p>\t\t\t\t\t\t\t\t<\/div>\n\t\t\t\t<\/div>\n\t\t\t\t<\/div>\n\t\t\t\t<\/div>\n\t\t\t\t<\/div>","protected":false},"excerpt":{"rendered":"<p>Business-to-Business (B2B) Orders for Electric Scooters &amp; E-Bikes \u2013 VAT Invoicing Made Easy At ElectroTraveller, we make it simple for businesses to buy electric scooters and e-bikes with VAT or VAT-exempt options. Whether you\u2019re purchasing for your fleet, retail, or corporate mobility solutions, our B2B program ensures smooth transactions across the EU. Buying Electric Scooters [&hellip;]<\/p>\n","protected":false},"author":1,"featured_media":0,"parent":0,"menu_order":0,"comment_status":"closed","ping_status":"closed","template":"elementor_header_footer","meta":{"footnotes":""},"class_list":["post-7349","page","type-page","status-publish","hentry"],"_links":{"self":[{"href":"https:\/\/electrotraveller.com\/hu\/wp-json\/wp\/v2\/pages\/7349","targetHints":{"allow":["GET"]}}],"collection":[{"href":"https:\/\/electrotraveller.com\/hu\/wp-json\/wp\/v2\/pages"}],"about":[{"href":"https:\/\/electrotraveller.com\/hu\/wp-json\/wp\/v2\/types\/page"}],"author":[{"embeddable":true,"href":"https:\/\/electrotraveller.com\/hu\/wp-json\/wp\/v2\/users\/1"}],"replies":[{"embeddable":true,"href":"https:\/\/electrotraveller.com\/hu\/wp-json\/wp\/v2\/comments?post=7349"}],"version-history":[{"count":0,"href":"https:\/\/electrotraveller.com\/hu\/wp-json\/wp\/v2\/pages\/7349\/revisions"}],"wp:attachment":[{"href":"https:\/\/electrotraveller.com\/hu\/wp-json\/wp\/v2\/media?parent=7349"}],"curies":[{"name":"wp","href":"https:\/\/api.w.org\/{rel}","templated":true}]}}