{"id":3202,"date":"2024-10-23T18:33:45","date_gmt":"2024-10-23T18:33:45","guid":{"rendered":"https:\/\/electrotraveller.com\/?page_id=3202"},"modified":"2026-02-07T09:32:49","modified_gmt":"2026-02-07T09:32:49","slug":"rolunk","status":"publish","type":"page","link":"https:\/\/electrotraveller.com\/hu\/about-us\/","title":{"rendered":"R\u00f3lunk"},"content":{"rendered":"<div data-elementor-type=\"wp-page\" data-elementor-id=\"3202\" class=\"elementor elementor-3202\" data-elementor-post-type=\"page\">\n\t\t\t\t<div class=\"elementor-element elementor-element-4d8a2b9c e-con-full e-flex e-con e-parent\" data-id=\"4d8a2b9c\" data-element_type=\"container\" data-settings=\"{&quot;background_background&quot;:&quot;classic&quot;}\">\n\t\t<div class=\"elementor-element elementor-element-1191dbd7 e-con-full e-flex e-con e-child\" data-id=\"1191dbd7\" data-element_type=\"container\">\n\t\t\t\t<div class=\"elementor-element elementor-element-2498f6f3 elementor-widget elementor-widget-heading\" data-id=\"2498f6f3\" data-element_type=\"widget\" data-widget_type=\"heading.default\">\n\t\t\t\t<div class=\"elementor-widget-container\">\n\t\t\t\t\t<h1 class=\"elementor-heading-title elementor-size-default\">R\u00f3lunk<\/h1>\t\t\t\t<\/div>\n\t\t\t\t<\/div>\n\t\t\t\t<div class=\"elementor-element elementor-element-7e0c5871 elementor-widget__width-initial elementor-widget elementor-widget-text-editor\" data-id=\"7e0c5871\" data-element_type=\"widget\" data-widget_type=\"text-editor.default\">\n\t\t\t\t<div class=\"elementor-widget-container\">\n\t\t\t\t\t\t\t\t\t<div data-id=\"588206c\" data-element_type=\"widget\" data-widget_type=\"text-editor.default\"><p>\u00dcdv\u00f6z\u00f6lj\u00fck az elektromobilit\u00e1s vil\u00e1g\u00e1ban, ahol a szenved\u00e9ly \u00e9s az innov\u00e1ci\u00f3 hat\u00e1rokat feszeget. Az ELECTROTRAVELLER-n\u00e9l 8 \u00e9ves ipar\u00e1gi tapasztalattal nem csak a forradalomnak szentelt\u00fck magunkat, hanem annak vezet\u00e9s\u00e9nek is. Azzal az elk\u00e9pzel\u00e9ssel indultunk \u00fatnak, hogy nem csup\u00e1n term\u00e9keket, hanem olyan megold\u00e1sokat hozunk l\u00e9tre, amelyek z\u00f6kken\u0151mentesen, \u00e9letm\u00f3dk\u00e9nt illeszkednek \u00fcgyfeleink \u00e9let\u00e9be.<\/p><h3>Szak\u00e9rtelm\u00fcnk<\/h3><p>Szak\u00e9rt\u0151k vagyunk az elektromos rollerek \u00e9rt\u00e9kes\u00edt\u00e9s\u00e9ben \u00e9s gy\u00e1rt\u00e1s\u00e1ban. Az ELECTROTRAVELLER-n\u00e9l hisz\u00fcnk abban, hogy a min\u0151s\u00e9g nem csak egy tulajdons\u00e1g, hanem minden tev\u00e9kenys\u00e9g\u00fcnk alapja. Robog\u00f3inkat szigor\u00fa teszteknek vetj\u00fck al\u00e1, hogy minden utaz\u00e1s ne csak egy utaz\u00e1s, hanem egy \u00e9lm\u00e9ny legyen.<\/p><h3>\u00cdg\u00e9ret\u00fcnk<\/h3><p>Az ELECTROTRAVELLER-n\u00e9l b\u00fcszk\u00e9k vagyunk arra, hogy vil\u00e1gsz\u00ednvonal\u00fa t\u00e1mogat\u00e1st ny\u00fajtunk az \u00e9rt\u00e9kes\u00edt\u00e9s ut\u00e1ni szolg\u00e1ltat\u00e1sban, \u00edgy \u00fcgyf\u00e9lszolg\u00e1latunk val\u00f3ban kiemelked\u0151. Szervizstrat\u00e9gi\u00e1nk a gyorsas\u00e1g k\u00f6r\u00fcl forog, k\u00fcl\u00f6n\u00f6sen a garanci\u00e1lis megold\u00e1sok \u00e9s a p\u00f3talkatr\u00e9sz-ell\u00e1t\u00e1s ter\u00e9n. Tiszt\u00e1ban vagyunk azzal, hogy az id\u0151 a legfontosabb, \u00e9s hogy a mobilit\u00e1s nem mindig k\u00f6nny\u0171 mindenki sz\u00e1m\u00e1ra, ez\u00e9rt arra t\u00f6reksz\u00fcnk, hogy a lehet\u0151 leggyorsabban \u00e9s leghat\u00e9konyabban kezelj\u00fck az \u00d6n probl\u00e9m\u00e1it, az \u00d6n napi rutinj\u00e1nak minim\u00e1lis megzavar\u00e1s\u00e1val.<\/p><h3>Meghallgatjuk \u00d6nt<\/h3><p>A legnagyobb er\u0151ss\u00e9g\u00fcnk a meghallgat\u00e1s k\u00e9pess\u00e9ge. Az ELECTROTRAVELLER-n\u00e9l minden \u00e9szrev\u00e9telt \u00e9s javaslatot lehet\u0151s\u00e9gnek tekint\u00fcnk a jav\u00edt\u00e1sra \u00e9s az innov\u00e1ci\u00f3ra. Minden \u00fcgyf\u00e9l visszajelz\u00e9s\u00e9t komolyan vessz\u00fck, minden egyes ig\u00e9nyt \u00e9s javaslatot figyelmesen meghallgatunk. Ez a megk\u00f6zel\u00edt\u00e9s lehet\u0151v\u00e9 teszi sz\u00e1munkra, hogy olyan term\u00e9keket \u00e9s szolg\u00e1ltat\u00e1sokat k\u00edn\u00e1ljunk, amelyek nem csak relev\u00e1nsak, hanem t\u00fal is sz\u00e1rnyalj\u00e1k k\u00f6z\u00f6ss\u00e9g\u00fcnk elv\u00e1r\u00e1sait.<\/p><p>\u00c9s m\u00e9gis, az elektromobilit\u00e1s vil\u00e1g\u00e1ba vezet\u0151 utunk minden egyes l\u00e9p\u00e9ssel egyre izgalmasabb\u00e1 v\u00e1lik. Az ELECTROTRAVELLER-n\u00e9l a k\u00fcldet\u00e9s\u00fcnk egyszer\u0171: csak a legjobbat k\u00edn\u00e1ljuk. Ak\u00e1r a kiv\u00e1l\u00f3 min\u0151s\u00e9g\u0171 robog\u00f3k tervez\u00e9s\u00e9ben, ak\u00e1r a kiv\u00e1l\u00f3 \u00fcgyf\u00e9lszolg\u00e1lat biztos\u00edt\u00e1s\u00e1ban, ak\u00e1r a gyors \u00e9s hat\u00e9kony garanci\u00e1lis megold\u00e1sok biztos\u00edt\u00e1s\u00e1ban, teljes m\u00e9rt\u00e9kben elk\u00f6telezettek vagyunk az ELECTROTRAVELLERrel kapcsolatos \u00e9lm\u00e9nyeinek fokoz\u00e1sa mellett. Most pedig tekerj\u00fcnk egy\u00fctt egy z\u00f6ld \u00e9s fenntarthat\u00f3 j\u00f6v\u0151 fel\u00e9.<\/p><p><b>V\u00e1llalati inform\u00e1ci\u00f3k<\/b><\/p><p>Amplytic O\u00dc<br \/>L\u0151\u0151tsa tn 5<br \/>11415 Tallinn<br \/>\u00c9sztorsz\u00e1g<\/p><p>Telefon: +386 40 654 339<br \/>E-mail: info@electrotraveller.com<br \/><br \/>\u00c1FA sz\u00e1m: EE102950359<br \/>Nyilv\u00e1ntart\u00e1si k\u00f3d:17420491<\/p><div class=\"row mt-4\">\u00a0<\/div><div class=\"row mt-4\">\u00a0<\/div><\/div>\t\t\t\t\t\t\t\t<\/div>\n\t\t\t\t<\/div>\n\t\t\t\t<\/div>\n\t\t\t\t<\/div>\n\t\t<div class=\"elementor-element elementor-element-1ff85977 e-con-full e-flex e-con e-parent\" data-id=\"1ff85977\" data-element_type=\"container\" data-settings=\"{&quot;background_background&quot;:&quot;classic&quot;}\">\n\t\t\t\t<div class=\"elementor-element elementor-element-23febf89 elementor-widget elementor-widget-image\" data-id=\"23febf89\" data-element_type=\"widget\" data-widget_type=\"image.default\">\n\t\t\t\t<div class=\"elementor-widget-container\">\n\t\t\t\t\t\t\t\t\t\t\t\t\t\t\t<img decoding=\"async\" width=\"340\" height=\"45\" src=\"https:\/\/electrotraveller.com\/wp-content\/uploads\/2024\/06\/elektron-scooters-logo-.svg\" class=\"attachment-large size-large wp-image-1275\" alt=\"\" \/>\t\t\t\t\t\t\t\t\t\t\t\t\t\t\t<\/div>\n\t\t\t\t<\/div>\n\t\t\t\t<div class=\"elementor-element elementor-element-36877c5b elementor-widget elementor-widget-text-editor\" data-id=\"36877c5b\" data-element_type=\"widget\" data-widget_type=\"text-editor.default\">\n\t\t\t\t<div class=\"elementor-widget-container\">\n\t\t\t\t\t\t\t\t\t<p>ELEKTRON KINETIKA \/ <span style=\"color: #3366ff;\">PRO<\/span> \/ <span style=\"color: #ff0000;\">GTR<\/span>\u00a0<\/p><p>Az Elektron elektromos rollerek nagy teljes\u00edtm\u00e9nyt, kiv\u00e9teles praktikumot \u00e9s figyelemre m\u00e9lt\u00f3 tart\u00f3ss\u00e1got k\u00edn\u00e1lnak. \u00dagy tervezt\u00e9k \u0151ket, hogy minden k\u00f6r\u00fclm\u00e9nyek k\u00f6z\u00f6tt sokoldal\u00faan haszn\u00e1lhat\u00f3ak legyenek.<\/p><p>1.349,00 \u20ac-t\u00f3l kezd\u0151d\u0151en<\/p>\t\t\t\t\t\t\t\t<\/div>\n\t\t\t\t<\/div>\n\t\t<div class=\"elementor-element elementor-element-398b2c28 e-con-full e-flex e-con e-child\" data-id=\"398b2c28\" data-element_type=\"container\">\n\t\t\t\t<div class=\"elementor-element elementor-element-1bf56716 elementor-align-center animated-gradient elementor-widget elementor-widget-button\" data-id=\"1bf56716\" data-element_type=\"widget\" data-widget_type=\"button.default\">\n\t\t\t\t<div class=\"elementor-widget-container\">\n\t\t\t\t\t\t\t\t\t<div class=\"elementor-button-wrapper\">\n\t\t\t\t\t<a class=\"elementor-button elementor-button-link elementor-size-sm\" href=\"http:\/\/elektronscooters.com\" target=\"_blank\" rel=\"noopener\">\n\t\t\t\t\t\t<span class=\"elementor-button-content-wrapper\">\n\t\t\t\t\t\t<span class=\"elementor-button-icon\">\n\t\t\t\t<svg aria-hidden=\"true\" class=\"e-font-icon-svg e-fas-link\" viewbox=\"0 0 512 512\" xmlns=\"http:\/\/www.w3.org\/2000\/svg\"><path d=\"M326.612 185.391c59.747 59.809 58.927 155.698.36 214.59-.11.12-.24.25-.36.37l-67.2 67.2c-59.27 59.27-155.699 59.262-214.96 0-59.27-59.26-59.27-155.7 0-214.96l37.106-37.106c9.84-9.84 26.786-3.3 27.294 10.606.648 17.722 3.826 35.527 9.69 52.721 1.986 5.822.567 12.262-3.783 16.612l-13.087 13.087c-28.026 28.026-28.905 73.66-1.155 101.96 28.024 28.579 74.086 28.749 102.325.51l67.2-67.19c28.191-28.191 28.073-73.757 0-101.83-3.701-3.694-7.429-6.564-10.341-8.569a16.037 16.037 0 0 1-6.947-12.606c-.396-10.567 3.348-21.456 11.698-29.806l21.054-21.055c5.521-5.521 14.182-6.199 20.584-1.731a152.482 152.482 0 0 1 20.522 17.197zM467.547 44.449c-59.261-59.262-155.69-59.27-214.96 0l-67.2 67.2c-.12.12-.25.25-.36.37-58.566 58.892-59.387 154.781.36 214.59a152.454 152.454 0 0 0 20.521 17.196c6.402 4.468 15.064 3.789 20.584-1.731l21.054-21.055c8.35-8.35 12.094-19.239 11.698-29.806a16.037 16.037 0 0 0-6.947-12.606c-2.912-2.005-6.64-4.875-10.341-8.569-28.073-28.073-28.191-73.639 0-101.83l67.2-67.19c28.239-28.239 74.3-28.069 102.325.51 27.75 28.3 26.872 73.934-1.155 101.96l-13.087 13.087c-4.35 4.35-5.769 10.79-3.783 16.612 5.864 17.194 9.042 34.999 9.69 52.721.509 13.906 17.454 20.446 27.294 10.606l37.106-37.106c59.271-59.259 59.271-155.699.001-214.959z\"><\/path><\/svg>\t\t\t<\/span>\n\t\t\t\t\t\t\t\t\t<span class=\"elementor-button-text\">L\u00e1togasson el az elektronscooters.com weboldalra <\/span>\n\t\t\t\t\t<\/span>\n\t\t\t\t\t<\/a>\n\t\t\t\t<\/div>\n\t\t\t\t\t\t\t\t<\/div>\n\t\t\t\t<\/div>\n\t\t\t\t<div class=\"elementor-element elementor-element-706da9f5 elementor-align-center elementor-widget elementor-widget-button\" data-id=\"706da9f5\" data-element_type=\"widget\" data-widget_type=\"button.default\">\n\t\t\t\t<div class=\"elementor-widget-container\">\n\t\t\t\t\t\t\t\t\t<div class=\"elementor-button-wrapper\">\n\t\t\t\t\t<a class=\"elementor-button elementor-button-link elementor-size-sm\" href=\"https:\/\/electrotraveller.com\/hu\/dev\/termekkategoria\/elektromos-robogok-4\/brands\/elektron\/\">\n\t\t\t\t\t\t<span class=\"elementor-button-content-wrapper\">\n\t\t\t\t\t\t<span class=\"elementor-button-icon\">\n\t\t\t\t<svg aria-hidden=\"true\" class=\"e-font-icon-svg e-far-hand-point-up\" viewbox=\"0 0 448 512\" xmlns=\"http:\/\/www.w3.org\/2000\/svg\"><path d=\"M105.6 83.2v86.177a115.52 115.52 0 0 0-22.4-2.176c-47.914 0-83.2 35.072-83.2 92 0 45.314 48.537 57.002 78.784 75.707 12.413 7.735 23.317 16.994 33.253 25.851l.146.131.148.129C129.807 376.338 136 384.236 136 391.2v2.679c-4.952 5.747-8 13.536-8 22.12v64c0 17.673 12.894 32 28.8 32h230.4c15.906 0 28.8-14.327 28.8-32v-64c0-8.584-3.048-16.373-8-22.12V391.2c0-28.688 40-67.137 40-127.2v-21.299c0-62.542-38.658-98.8-91.145-99.94-17.813-12.482-40.785-18.491-62.791-15.985A93.148 93.148 0 0 0 272 118.847V83.2C272 37.765 234.416 0 188.8 0c-45.099 0-83.2 38.101-83.2 83.2zm118.4 0v91.026c14.669-12.837 42.825-14.415 61.05 4.95 19.646-11.227 45.624-1.687 53.625 12.925 39.128-6.524 61.325 10.076 61.325 50.6V264c0 45.491-35.913 77.21-39.676 120H183.571c-2.964-25.239-21.222-42.966-39.596-59.075-12.65-11.275-25.3-21.725-39.875-30.799C80.712 279.645 48 267.994 48 259.2c0-23.375 8.8-44 35.2-44 35.2 0 53.075 26.4 70.4 26.4V83.2c0-18.425 16.5-35.2 35.2-35.2 18.975 0 35.2 16.225 35.2 35.2zM352 424c13.255 0 24 10.745 24 24s-10.745 24-24 24-24-10.745-24-24 10.745-24 24-24z\"><\/path><\/svg>\t\t\t<\/span>\n\t\t\t\t\t\t\t\t\t<span class=\"elementor-button-text\">N\u00e9zze meg az Elektron<\/span>\n\t\t\t\t\t<\/span>\n\t\t\t\t\t<\/a>\n\t\t\t\t<\/div>\n\t\t\t\t\t\t\t\t<\/div>\n\t\t\t\t<\/div>\n\t\t\t\t<\/div>\n\t\t\t\t<\/div>\n\t\t\t\t<\/div>","protected":false},"excerpt":{"rendered":"<p>About Us Welcome to the world of electromobility, where passion and innovation push boundaries. With industry experience of 8 years, we at ELECTROTRAVELLER have devoted ourselves not just to the revolution, but to leading it. We embarked on our journey with the vision of creating not just products but solutions that integrate seamlessly into the [&hellip;]<\/p>\n","protected":false},"author":1,"featured_media":0,"parent":0,"menu_order":0,"comment_status":"closed","ping_status":"closed","template":"elementor_header_footer","meta":{"footnotes":""},"class_list":["post-3202","page","type-page","status-publish","hentry"],"_links":{"self":[{"href":"https:\/\/electrotraveller.com\/hu\/wp-json\/wp\/v2\/pages\/3202","targetHints":{"allow":["GET"]}}],"collection":[{"href":"https:\/\/electrotraveller.com\/hu\/wp-json\/wp\/v2\/pages"}],"about":[{"href":"https:\/\/electrotraveller.com\/hu\/wp-json\/wp\/v2\/types\/page"}],"author":[{"embeddable":true,"href":"https:\/\/electrotraveller.com\/hu\/wp-json\/wp\/v2\/users\/1"}],"replies":[{"embeddable":true,"href":"https:\/\/electrotraveller.com\/hu\/wp-json\/wp\/v2\/comments?post=3202"}],"version-history":[{"count":0,"href":"https:\/\/electrotraveller.com\/hu\/wp-json\/wp\/v2\/pages\/3202\/revisions"}],"wp:attachment":[{"href":"https:\/\/electrotraveller.com\/hu\/wp-json\/wp\/v2\/media?parent=3202"}],"curies":[{"name":"wp","href":"https:\/\/api.w.org\/{rel}","templated":true}]}}