{"id":1898,"date":"2024-06-26T17:54:11","date_gmt":"2024-06-26T17:54:11","guid":{"rendered":"https:\/\/electrotraveller.com\/?post_type=product&#038;p=1898"},"modified":"2026-04-01T15:24:03","modified_gmt":"2026-04-01T13:24:03","slug":"elektron-kineticki","status":"publish","type":"product","link":"https:\/\/electrotraveller.com\/hr\/electric-scooters\/elektron-kinetik\/","title":{"rendered":"Elektron Kinetik elektri\u010dni romobil"},"content":{"rendered":"","protected":false},"excerpt":{"rendered":"<p><span style=\"color: #0000ff;\">Brzo punjenje s dodatnim punja\u010dem<\/span><br \/>\n<span style=\"color: #0000ff;\">Opcija sjedala<\/span><\/p>\n<p>Elektri\u010dni romobil Elektron Kinetik GTR prednja\u010di u svojoj kategoriji elektri\u010dne mobilnosti, dizajniran za one koji tra\u017ee visoke performanse i pouzdanost. Opremljen je s dva sna\u017ena motora, koji pru\u017eaju ukupno <strong>2800 W nominalne snage<\/strong> i do 3800 W maksimalne snage, Elektron Kinetik GTR posti\u017ee brzine od <strong>75 km\/h,<\/strong>, with a safety limit of 25 km\/h. With the ability to tackle slopes of up to 30\u00b0 and a range of up to <strong>90 km<\/strong>, \u0161to omogu\u0107ava kapacitet baterije od 23,4 Ah pri 60V, ovaj romobil postavlja visoke standarde.<\/p>\n<p>Napredni Sine Wave kontroleri osiguravaju ti\u0161i rad, br\u017ei odziv i dosljedne brzine, dok <strong>colour TFT display<\/strong> pru\u017ea opse\u017ene informacije o vo\u017enji, zajedno pru\u017eaju\u0107i pobolj\u0161ano korisni\u010dko iskustvo. <strong>Hibridne gume Wanda<\/strong> are designed for optimal grip on all surfaces, ensuring the scooter&#8217;s versatility.<\/p>\n<p>Safety is ensured by the braking system with <strong>hydraulic disc brakes by NUTT<\/strong> and an additional electronic brake, increasing braking power and extending the life of brake pads. The ergonomic design with a folding mechanism and <strong>Podesivi hidrauli\u010dni ovjes<\/strong> enables comfortable riding, while the <strong>NFC lock and PIN code<\/strong> provide advanced protection against unwanted access.<\/p>\n<p>Additionally, the model supports the use of an app to adjust the <strong>RGB ambient lighting<\/strong>, which not only adds a personal touch to the scooter but also enhances visibility and safety in traffic. The option for <strong>seat mounting<\/strong> for more comfortable longer rides and a foldable design for easy transportation emphasize adaptability and functionality. With worry-free delivery and a warranty comprising a 1-year basic warranty with extension options, along with fast servicing, the Elektron Kinetik GTR delivers a premium riding experience that exceeds expectations.<\/p>","protected":false},"featured_media":440,"comment_status":"open","ping_status":"closed","template":"","meta":[],"product_brand":[],"product_cat":[22,40,44,45],"product_tag":[],"class_list":{"0":"post-1898","1":"product","2":"type-product","3":"status-publish","4":"has-post-thumbnail","6":"product_cat-electric-scooters","7":"product_cat-electric-scooter-brands","8":"product_cat-electric-scooter-with-seat","9":"product_cat-elektron","11":"first","12":"instock","13":"sale","14":"taxable","15":"shipping-taxable","16":"purchasable","17":"product-type-simple"},"_links":{"self":[{"href":"https:\/\/electrotraveller.com\/hr\/wp-json\/wp\/v2\/product\/1898","targetHints":{"allow":["GET"]}}],"collection":[{"href":"https:\/\/electrotraveller.com\/hr\/wp-json\/wp\/v2\/product"}],"about":[{"href":"https:\/\/electrotraveller.com\/hr\/wp-json\/wp\/v2\/types\/product"}],"replies":[{"embeddable":true,"href":"https:\/\/electrotraveller.com\/hr\/wp-json\/wp\/v2\/comments?post=1898"}],"wp:featuredmedia":[{"embeddable":true,"href":"https:\/\/electrotraveller.com\/hr\/wp-json\/wp\/v2\/media\/440"}],"wp:attachment":[{"href":"https:\/\/electrotraveller.com\/hr\/wp-json\/wp\/v2\/media?parent=1898"}],"wp:term":[{"taxonomy":"product_brand","embeddable":true,"href":"https:\/\/electrotraveller.com\/hr\/wp-json\/wp\/v2\/product_brand?post=1898"},{"taxonomy":"product_cat","embeddable":true,"href":"https:\/\/electrotraveller.com\/hr\/wp-json\/wp\/v2\/product_cat?post=1898"},{"taxonomy":"product_tag","embeddable":true,"href":"https:\/\/electrotraveller.com\/hr\/wp-json\/wp\/v2\/product_tag?post=1898"}],"curies":[{"name":"wp","href":"https:\/\/api.w.org\/{rel}","templated":true}]}}