{"id":7349,"date":"2025-04-30T14:32:04","date_gmt":"2025-04-30T14:32:04","guid":{"rendered":"https:\/\/electrotraveller.com\/?page_id=7349"},"modified":"2025-12-06T11:46:24","modified_gmt":"2025-12-06T11:46:24","slug":"poslovanje-s-poslovanjem-b2b-narudzbe-pdv-fakturiranje","status":"publish","type":"page","link":"https:\/\/electrotraveller.com\/hr\/business-to-business-b2b-orders-vat-invoicing\/","title":{"rendered":"Poslovne narud\u017ebe izme\u0111u poduze\u0107a (B2B) i izdavanje ra\u010duna bez PDV-a"},"content":{"rendered":"<div data-elementor-type=\"wp-page\" data-elementor-id=\"7349\" class=\"elementor elementor-7349\" data-elementor-post-type=\"page\">\n\t\t\t\t<div class=\"elementor-element elementor-element-16b46de e-con-full e-flex e-con e-parent\" data-id=\"16b46de\" data-element_type=\"container\" data-settings=\"{&quot;background_background&quot;:&quot;classic&quot;}\">\n\t\t<div class=\"elementor-element elementor-element-b25752f e-con-full e-flex e-con e-child\" data-id=\"b25752f\" data-element_type=\"container\">\n\t\t\t\t<div class=\"elementor-element elementor-element-40602dc elementor-widget elementor-widget-heading\" data-id=\"40602dc\" data-element_type=\"widget\" data-widget_type=\"heading.default\">\n\t\t\t\t<div class=\"elementor-widget-container\">\n\t\t\t\t\t<h1 class=\"elementor-heading-title elementor-size-default\">Kupnja za tvrtke (B2B) elektri\u010dnih romobila i e-bicikala \u2013 jednostavno izdavanje R1 ra\u010duna bez PDV-a\n\n<\/h1>\t\t\t\t<\/div>\n\t\t\t\t<\/div>\n\t\t\t\t<div class=\"elementor-element elementor-element-d4c1244 elementor-widget__width-initial elementor-widget elementor-widget-text-editor\" data-id=\"d4c1244\" data-element_type=\"widget\" data-widget_type=\"text-editor.default\">\n\t\t\t\t<div class=\"elementor-widget-container\">\n\t\t\t\t\t\t\t\t\t<p>U ElectroTravelleru olak\u0161avamo poduze\u0107ima kupnju elektri\u010dnih romobila i elektri\u010dnih bicikala s opcijama s PDV-om ili bez PDV-a. Bilo da kupujete za svoj vozni park, maloprodaju ili korporativna mobilna rje\u0161enja, na\u0161 B2B program osigurava jednostavne transakcije \u0161irom EU.<\/p><h2>Kupnja elektri\u010dnih romobila i elektri\u010dnih bicikala s PDV-om ili bez PDV-a<\/h2><p>Ako je va\u0161e poduze\u0107e registrirano unutar Europske unije (ali izvan na\u0161e zemlje registracije), mo\u017eete kupovati elektri\u010dne romobile i elektri\u010dne bicikle bez PDV-a prema mehanizmu obrnute naplate u EU. Ovo je idealno za poduze\u0107a koja \u017eele smanjiti tro\u0161kove dok ula\u017eu u odr\u017eivu mobilnost.<\/p><p><br \/><strong>Kako funkcionira oslobo\u0111enje od PDV-a:<\/strong><\/p><ol><li><span style=\"color: #0000ff;\"><strong>Na blagajni unesite va\u017ee\u0107i EU PDV broj.<\/strong><\/span><\/li><li><span style=\"color: #0000ff;\"><strong>Na\u0161 \u0107e sustav automatski provjeriti va\u0161 broj putem EU VIES baze podataka.<\/strong><\/span><\/li><li><span style=\"color: #0000ff;\"><strong>Nakon potvrde, PDV \u0107e biti isklju\u010den iz va\u0161eg ukupnog iznosa.<\/strong><\/span><\/li><\/ol><p>\u00a0<\/p><p>Za poduze\u0107a registrirana u na\u0161oj zemlji, PDV \u0107e se obra\u010dunavati prema lokalnim propisima, osiguravaju\u0107i uskla\u0111enost i transparentnost.<\/p><h2>Predra\u010duni (B2B) za elektri\u010dne romobile i elektri\u010dne bicikle<\/h2><p class=\"translation-block\">Trebate predra\u010dun prije narud\u017ebe? Nudimo detaljne predra\u010dune za elektri\u010dne romobile i elektri\u010dne bicikle, \u0161to olak\u0161ava nabavu va\u0161em ra\u010dunovodstvenom timu.<br>Jednostavno po\u0161aljite e-mail na info@electrotraveller.com\n s:<\/p><ul><li>Naziv i adresa poduze\u0107a<\/li><li>PDV broj<\/li><li>Popis artikala koje \u017eelite naru\u010diti<\/li><\/ul><p><br \/>Brzo \u0107emo vam poslati predra\u010dun.<\/p><h2><strong>Za\u0161to odabrati ElectroTraveller za B2B narud\u017ebe elektri\u010dnih romobila i elektri\u010dnih bicikala?<br \/><\/strong><\/h2><ul><li>\u0160irok izbor elektri\u010dnih romobila i elektri\u010dnih bicikala za poslovne potrebe.<\/li><li>Fleksibilno obra\u010dunavanje PDV-a za poduze\u0107a unutar EU.<\/li><li>Posebna podr\u0161ka za izdavanje ra\u010duna i po\u0161tivanje propisa.<\/li><\/ul><p><strong>Kontaktirajte nas ve\u0107 danas na info@electrotraveller.com\n kako bismo razgovarali o va\u0161im B2B potrebama za elektri\u010dne romobile i elektri\u010dne bicikle.<\/strong><\/p>\t\t\t\t\t\t\t\t<\/div>\n\t\t\t\t<\/div>\n\t\t\t\t<\/div>\n\t\t\t\t<\/div>\n\t\t\t\t<\/div>","protected":false},"excerpt":{"rendered":"<p>Business-to-Business (B2B) Orders for Electric Scooters &amp; E-Bikes \u2013 VAT Invoicing Made Easy At ElectroTraveller, we make it simple for businesses to buy electric scooters and e-bikes with VAT or VAT-exempt options. Whether you\u2019re purchasing for your fleet, retail, or corporate mobility solutions, our B2B program ensures smooth transactions across the EU. Buying Electric Scooters [&hellip;]<\/p>\n","protected":false},"author":1,"featured_media":0,"parent":0,"menu_order":0,"comment_status":"closed","ping_status":"closed","template":"elementor_header_footer","meta":{"footnotes":""},"class_list":["post-7349","page","type-page","status-publish","hentry"],"_links":{"self":[{"href":"https:\/\/electrotraveller.com\/hr\/wp-json\/wp\/v2\/pages\/7349","targetHints":{"allow":["GET"]}}],"collection":[{"href":"https:\/\/electrotraveller.com\/hr\/wp-json\/wp\/v2\/pages"}],"about":[{"href":"https:\/\/electrotraveller.com\/hr\/wp-json\/wp\/v2\/types\/page"}],"author":[{"embeddable":true,"href":"https:\/\/electrotraveller.com\/hr\/wp-json\/wp\/v2\/users\/1"}],"replies":[{"embeddable":true,"href":"https:\/\/electrotraveller.com\/hr\/wp-json\/wp\/v2\/comments?post=7349"}],"version-history":[{"count":0,"href":"https:\/\/electrotraveller.com\/hr\/wp-json\/wp\/v2\/pages\/7349\/revisions"}],"wp:attachment":[{"href":"https:\/\/electrotraveller.com\/hr\/wp-json\/wp\/v2\/media?parent=7349"}],"curies":[{"name":"wp","href":"https:\/\/api.w.org\/{rel}","templated":true}]}}