{"id":3202,"date":"2024-10-23T18:33:45","date_gmt":"2024-10-23T18:33:45","guid":{"rendered":"https:\/\/electrotraveller.com\/?page_id=3202"},"modified":"2026-02-07T09:32:49","modified_gmt":"2026-02-07T09:32:49","slug":"o-nama","status":"publish","type":"page","link":"https:\/\/electrotraveller.com\/hr\/about-us\/","title":{"rendered":"O nama"},"content":{"rendered":"<div data-elementor-type=\"wp-page\" data-elementor-id=\"3202\" class=\"elementor elementor-3202\" data-elementor-post-type=\"page\">\n\t\t\t\t<div class=\"elementor-element elementor-element-4d8a2b9c e-con-full e-flex e-con e-parent\" data-id=\"4d8a2b9c\" data-element_type=\"container\" data-settings=\"{&quot;background_background&quot;:&quot;classic&quot;}\">\n\t\t<div class=\"elementor-element elementor-element-1191dbd7 e-con-full e-flex e-con e-child\" data-id=\"1191dbd7\" data-element_type=\"container\">\n\t\t\t\t<div class=\"elementor-element elementor-element-2498f6f3 elementor-widget elementor-widget-heading\" data-id=\"2498f6f3\" data-element_type=\"widget\" data-widget_type=\"heading.default\">\n\t\t\t\t<div class=\"elementor-widget-container\">\n\t\t\t\t\t<h1 class=\"elementor-heading-title elementor-size-default\">O nama<\/h1>\t\t\t\t<\/div>\n\t\t\t\t<\/div>\n\t\t\t\t<div class=\"elementor-element elementor-element-7e0c5871 elementor-widget__width-initial elementor-widget elementor-widget-text-editor\" data-id=\"7e0c5871\" data-element_type=\"widget\" data-widget_type=\"text-editor.default\">\n\t\t\t\t<div class=\"elementor-widget-container\">\n\t\t\t\t\t\t\t\t\t<div data-id=\"588206c\" data-element_type=\"widget\" data-widget_type=\"text-editor.default\"><p>Dobrodo\u0161li u svijet elektromobilnosti, gdje strast i inovacije pomi\u010du granice. S iskustvom u industriji od 8 godina, mi u ELECTROTRAVELLER-u posvetili smo se ne samo revoluciji, ve\u0107 i njenom vo\u0111enju. Na\u0161e putovanje zapo\u010deli smo s vizijom stvaranja ne samo proizvoda, ve\u0107 rje\u0161enja koja se besprijekorno integriraju u \u017eivote na\u0161ih korisnika kao na\u010din \u017eivota.<\/p><h3>Na\u0161a stru\u010dnost<\/h3><p>Stru\u010dnjaci smo za prodaju i proizvodnju elektri\u010dnih skutera. U ELECTROTRAVELLER-u vjerujemo da kvaliteta nije samo zna\u010dajka, ve\u0107 temelj svega \u0161to radimo. Na\u0161i skuteri prolaze rigorozna testiranja kako bi osigurali da svaka vo\u017enja nije samo putovanje, ve\u0107 iskustvo.<\/p><h3>Na\u0161a obe\u0107anja<\/h3><p>U ELECTROTRAVELLER-u ponosimo se pru\u017eanjem svjetske klase podr\u0161ke u postprodaji, \u010dine\u0107i na\u0161u korisni\u010dku podr\u0161ku zaista izvanrednom. Na\u0161a strategija usluge temelji se na brzini, posebno u rje\u0161avanju jamstva i opskrbi rezervnim dijelovima. Razumijemo da je vrijeme klju\u010dno i da mobilnost nije uvijek laka za svakoga, pa nastojimo \u0161to br\u017ee i u\u010dinkovitije rije\u0161iti va\u0161e probleme, uz minimalan prekid va\u0161e svakodnevne rutine.<\/p><h3>Slu\u0161amo vas<\/h3><p>Na\u0161a najve\u0107a snaga je na\u0161a sposobnost slu\u0161anja. U ELECTROTRAVELLER-u svaki komentar i prijedlog gledamo kao priliku za pobolj\u0161anje i inovaciju. Svaku povratnu informaciju korisnika shva\u0107amo ozbiljno, pa\u017eljivo slu\u0161aju\u0107i svaki zahtjev i preporuku. Ovaj pristup omogu\u0107ava nam da ponudimo proizvode i usluge koji nisu samo relevantni, ve\u0107 i nadma\u0161uju o\u010dekivanja na\u0161e zajednice.<\/p><p>A ipak, na\u0161e putovanje u svijet elektromobilnosti postaje sve uzbudljivije sa svakim korakom. U ELECTROTRAVELLER-u, na\u0161a misija je jednostavna: ponuditi samo najbolje. Bilo da se radi o dizajniranju visokokvalitetnih skutera, pru\u017eanju izvrsne korisni\u010dke podr\u0161ke ili osiguravanju brze i u\u010dinkovite razlu\u010divosti jamstva, potpuno smo posve\u0107eni pobolj\u0161anju va\u0161eg iskustva s ELECTROTRAVELLER-om. Sada, vozimo zajedno prema zelenoj i odr\u017eivoj budu\u0107nosti.<\/p><p><b>Tvrtka<\/b><\/p><p>Amplytic O\u00dc<br \/>L\u00f5\u00f5tsa 5<br \/>11415 Tallinn<br \/>Estonija<\/p><p>Telefon: +386 40 654 339<br \/>E-po\u0161ta: info@electrotraveller.com<br \/><br \/>PDV broj: EE102950359<br \/>Registarski kod:17420491<\/p><div class=\"row mt-4\">\u00a0<\/div><div class=\"row mt-4\">\u00a0<\/div><\/div>\t\t\t\t\t\t\t\t<\/div>\n\t\t\t\t<\/div>\n\t\t\t\t<\/div>\n\t\t\t\t<\/div>\n\t\t<div class=\"elementor-element elementor-element-1ff85977 e-con-full e-flex e-con e-parent\" data-id=\"1ff85977\" data-element_type=\"container\" data-settings=\"{&quot;background_background&quot;:&quot;classic&quot;}\">\n\t\t\t\t<div class=\"elementor-element elementor-element-23febf89 elementor-widget elementor-widget-image\" data-id=\"23febf89\" data-element_type=\"widget\" data-widget_type=\"image.default\">\n\t\t\t\t<div class=\"elementor-widget-container\">\n\t\t\t\t\t\t\t\t\t\t\t\t\t\t\t<img decoding=\"async\" width=\"340\" height=\"45\" src=\"https:\/\/electrotraveller.com\/wp-content\/uploads\/2024\/06\/elektron-scooters-logo-.svg\" class=\"attachment-large size-large wp-image-1275\" alt=\"\" \/>\t\t\t\t\t\t\t\t\t\t\t\t\t\t\t<\/div>\n\t\t\t\t<\/div>\n\t\t\t\t<div class=\"elementor-element elementor-element-36877c5b elementor-widget elementor-widget-text-editor\" data-id=\"36877c5b\" data-element_type=\"widget\" data-widget_type=\"text-editor.default\">\n\t\t\t\t<div class=\"elementor-widget-container\">\n\t\t\t\t\t\t\t\t\t<p>ELEKTRON KINETIK \/ <span style=\"color: #3366ff;\">PROFESIONALNI<\/span> \/ <span style=\"color: #ff0000;\">GTR<\/span>\u00a0<\/p><p>Elektron elektri\u010dni romobili nude visoke performanse, iznimnu prakti\u010dnost i izvanrednu izdr\u017eljivost. Dizajnirani su za svestranost u svim uvjetima.<\/p><p>Cijena od 1.349,00 \u20ac<\/p>\t\t\t\t\t\t\t\t<\/div>\n\t\t\t\t<\/div>\n\t\t<div class=\"elementor-element elementor-element-398b2c28 e-con-full e-flex e-con e-child\" data-id=\"398b2c28\" data-element_type=\"container\">\n\t\t\t\t<div class=\"elementor-element elementor-element-1bf56716 elementor-align-center animated-gradient elementor-widget elementor-widget-button\" data-id=\"1bf56716\" data-element_type=\"widget\" data-widget_type=\"button.default\">\n\t\t\t\t<div class=\"elementor-widget-container\">\n\t\t\t\t\t\t\t\t\t<div class=\"elementor-button-wrapper\">\n\t\t\t\t\t<a class=\"elementor-button elementor-button-link elementor-size-sm\" href=\"http:\/\/elektronscooters.com\" target=\"_blank\" rel=\"noopener\">\n\t\t\t\t\t\t<span class=\"elementor-button-content-wrapper\">\n\t\t\t\t\t\t<span class=\"elementor-button-icon\">\n\t\t\t\t<svg aria-hidden=\"true\" class=\"e-font-icon-svg e-fas-link\" viewbox=\"0 0 512 512\" xmlns=\"http:\/\/www.w3.org\/2000\/svg\"><path d=\"M326.612 185.391c59.747 59.809 58.927 155.698.36 214.59-.11.12-.24.25-.36.37l-67.2 67.2c-59.27 59.27-155.699 59.262-214.96 0-59.27-59.26-59.27-155.7 0-214.96l37.106-37.106c9.84-9.84 26.786-3.3 27.294 10.606.648 17.722 3.826 35.527 9.69 52.721 1.986 5.822.567 12.262-3.783 16.612l-13.087 13.087c-28.026 28.026-28.905 73.66-1.155 101.96 28.024 28.579 74.086 28.749 102.325.51l67.2-67.19c28.191-28.191 28.073-73.757 0-101.83-3.701-3.694-7.429-6.564-10.341-8.569a16.037 16.037 0 0 1-6.947-12.606c-.396-10.567 3.348-21.456 11.698-29.806l21.054-21.055c5.521-5.521 14.182-6.199 20.584-1.731a152.482 152.482 0 0 1 20.522 17.197zM467.547 44.449c-59.261-59.262-155.69-59.27-214.96 0l-67.2 67.2c-.12.12-.25.25-.36.37-58.566 58.892-59.387 154.781.36 214.59a152.454 152.454 0 0 0 20.521 17.196c6.402 4.468 15.064 3.789 20.584-1.731l21.054-21.055c8.35-8.35 12.094-19.239 11.698-29.806a16.037 16.037 0 0 0-6.947-12.606c-2.912-2.005-6.64-4.875-10.341-8.569-28.073-28.073-28.191-73.639 0-101.83l67.2-67.19c28.239-28.239 74.3-28.069 102.325.51 27.75 28.3 26.872 73.934-1.155 101.96l-13.087 13.087c-4.35 4.35-5.769 10.79-3.783 16.612 5.864 17.194 9.042 34.999 9.69 52.721.509 13.906 17.454 20.446 27.294 10.606l37.106-37.106c59.271-59.259 59.271-155.699.001-214.959z\"><\/path><\/svg>\t\t\t<\/span>\n\t\t\t\t\t\t\t\t\t<span class=\"elementor-button-text\">Molimo, posjetite elektronscooters.com <\/span>\n\t\t\t\t\t<\/span>\n\t\t\t\t\t<\/a>\n\t\t\t\t<\/div>\n\t\t\t\t\t\t\t\t<\/div>\n\t\t\t\t<\/div>\n\t\t\t\t<div class=\"elementor-element elementor-element-706da9f5 elementor-align-center elementor-widget elementor-widget-button\" data-id=\"706da9f5\" data-element_type=\"widget\" data-widget_type=\"button.default\">\n\t\t\t\t<div class=\"elementor-widget-container\">\n\t\t\t\t\t\t\t\t\t<div class=\"elementor-button-wrapper\">\n\t\t\t\t\t<a class=\"elementor-button elementor-button-link elementor-size-sm\" href=\"https:\/\/electrotraveller.com\/hr\/dev\/kategorija-proizvoda\/elektricni-trotinetima\/marka\/elektron\/\">\n\t\t\t\t\t\t<span class=\"elementor-button-content-wrapper\">\n\t\t\t\t\t\t<span class=\"elementor-button-icon\">\n\t\t\t\t<svg aria-hidden=\"true\" class=\"e-font-icon-svg e-far-hand-point-up\" viewbox=\"0 0 448 512\" xmlns=\"http:\/\/www.w3.org\/2000\/svg\"><path d=\"M105.6 83.2v86.177a115.52 115.52 0 0 0-22.4-2.176c-47.914 0-83.2 35.072-83.2 92 0 45.314 48.537 57.002 78.784 75.707 12.413 7.735 23.317 16.994 33.253 25.851l.146.131.148.129C129.807 376.338 136 384.236 136 391.2v2.679c-4.952 5.747-8 13.536-8 22.12v64c0 17.673 12.894 32 28.8 32h230.4c15.906 0 28.8-14.327 28.8-32v-64c0-8.584-3.048-16.373-8-22.12V391.2c0-28.688 40-67.137 40-127.2v-21.299c0-62.542-38.658-98.8-91.145-99.94-17.813-12.482-40.785-18.491-62.791-15.985A93.148 93.148 0 0 0 272 118.847V83.2C272 37.765 234.416 0 188.8 0c-45.099 0-83.2 38.101-83.2 83.2zm118.4 0v91.026c14.669-12.837 42.825-14.415 61.05 4.95 19.646-11.227 45.624-1.687 53.625 12.925 39.128-6.524 61.325 10.076 61.325 50.6V264c0 45.491-35.913 77.21-39.676 120H183.571c-2.964-25.239-21.222-42.966-39.596-59.075-12.65-11.275-25.3-21.725-39.875-30.799C80.712 279.645 48 267.994 48 259.2c0-23.375 8.8-44 35.2-44 35.2 0 53.075 26.4 70.4 26.4V83.2c0-18.425 16.5-35.2 35.2-35.2 18.975 0 35.2 16.225 35.2 35.2zM352 424c13.255 0 24 10.745 24 24s-10.745 24-24 24-24-10.745-24-24 10.745-24 24-24z\"><\/path><\/svg>\t\t\t<\/span>\n\t\t\t\t\t\t\t\t\t<span class=\"elementor-button-text\">Pogledajte Elektron<\/span>\n\t\t\t\t\t<\/span>\n\t\t\t\t\t<\/a>\n\t\t\t\t<\/div>\n\t\t\t\t\t\t\t\t<\/div>\n\t\t\t\t<\/div>\n\t\t\t\t<\/div>\n\t\t\t\t<\/div>\n\t\t\t\t<\/div>","protected":false},"excerpt":{"rendered":"<p>About Us Welcome to the world of electromobility, where passion and innovation push boundaries. With industry experience of 8 years, we at ELECTROTRAVELLER have devoted ourselves not just to the revolution, but to leading it. We embarked on our journey with the vision of creating not just products but solutions that integrate seamlessly into the [&hellip;]<\/p>\n","protected":false},"author":1,"featured_media":0,"parent":0,"menu_order":0,"comment_status":"closed","ping_status":"closed","template":"elementor_header_footer","meta":{"footnotes":""},"class_list":["post-3202","page","type-page","status-publish","hentry"],"_links":{"self":[{"href":"https:\/\/electrotraveller.com\/hr\/wp-json\/wp\/v2\/pages\/3202","targetHints":{"allow":["GET"]}}],"collection":[{"href":"https:\/\/electrotraveller.com\/hr\/wp-json\/wp\/v2\/pages"}],"about":[{"href":"https:\/\/electrotraveller.com\/hr\/wp-json\/wp\/v2\/types\/page"}],"author":[{"embeddable":true,"href":"https:\/\/electrotraveller.com\/hr\/wp-json\/wp\/v2\/users\/1"}],"replies":[{"embeddable":true,"href":"https:\/\/electrotraveller.com\/hr\/wp-json\/wp\/v2\/comments?post=3202"}],"version-history":[{"count":0,"href":"https:\/\/electrotraveller.com\/hr\/wp-json\/wp\/v2\/pages\/3202\/revisions"}],"wp:attachment":[{"href":"https:\/\/electrotraveller.com\/hr\/wp-json\/wp\/v2\/media?parent=3202"}],"curies":[{"name":"wp","href":"https:\/\/api.w.org\/{rel}","templated":true}]}}