{"id":1904,"date":"2024-06-26T18:41:03","date_gmt":"2024-06-26T18:41:03","guid":{"rendered":"https:\/\/electrotraveller.com\/?post_type=product&#038;p=1904"},"modified":"2025-07-17T07:38:18","modified_gmt":"2025-07-17T07:38:18","slug":"elektron-kinetik-pro","status":"publish","type":"product","link":"https:\/\/electrotraveller.com\/fr\/electric-scooters\/elektron-kinetik-pro\/","title":{"rendered":"Trottinettes \u00e9lectrique Elektron Kinetik PRO"},"content":{"rendered":"","protected":false},"excerpt":{"rendered":"<p><span style=\"color: #0000ff;\">Chargement rapide avec chargeur suppl\u00e9mentaire<\/span><br \/>\n<span style=\"color: #0000ff;\">Option si\u00e8ge disponible<\/span><\/p>\n<p>Le trottinettes \u00e9lectrique Elektron Kinetik GTR est le leader de sa cat\u00e9gorie en mati\u00e8re de mobilit\u00e9 \u00e9lectrique, con\u00e7u pour ceux qui recherchent des performances et une fiabilit\u00e9 \u00e9lev\u00e9es. \u00c9quip\u00e9 de deux moteurs puissants, fournissant un total de <strong>2800 W de puissance nominale<\/strong> et jusqu'\u00e0 3800 W de puissance maximale, l'Elektron Kinetik GTR permet d'atteindre des vitesses de <strong>jusqu'\u00e0 75 km\/h<\/strong>avec une limite de s\u00e9curit\u00e9 de 25 km\/h. Avec la capacit\u00e9 d'affronter des pentes allant jusqu'\u00e0 30\u00b0 et une port\u00e9e allant jusqu'\u00e0 <strong>90 km<\/strong>Gr\u00e2ce \u00e0 une batterie d'une capacit\u00e9 de 23,4 Ah \u00e0 60 V, ce scooter \u00e9tablit des normes \u00e9lev\u00e9es.<\/p>\n<p>Les contr\u00f4leurs \u00e0 onde sinuso\u00efdale avanc\u00e9s garantissent un fonctionnement plus silencieux, une r\u00e9ponse plus rapide et des vitesses plus r\u00e9guli\u00e8res, tandis que les contr\u00f4leurs de la <strong>\u00e9cran couleur TFT<\/strong> fournit de nombreuses informations sur la circonscription, tout en am\u00e9liorant l'exp\u00e9rience de l'utilisateur. <strong>Pneus hybrides Wanda<\/strong> are designed for optimal grip on all surfaces, ensuring the scooter&#8217;s versatility.<\/p>\n<p>Safety is ensured by the braking system with <strong>freins \u00e0 disque hydrauliques par NUTT<\/strong> et un frein \u00e9lectronique suppl\u00e9mentaire, ce qui augmente la puissance de freinage et prolonge la dur\u00e9e de vie des plaquettes de frein. La conception ergonomique avec m\u00e9canisme de pliage et <strong>suspension hydraulique r\u00e9glable<\/strong> permet de rouler confortablement, tandis que la <strong>Verrouillage NFC et code PIN<\/strong> provide advanced protection against unwanted access.<\/p>\n<p>Additionally, the model supports the use of an app to adjust the <strong>\u00c9clairage d'ambiance RVB<\/strong>qui non seulement ajoute une touche personnelle au scooter, mais am\u00e9liore \u00e9galement la visibilit\u00e9 et la s\u00e9curit\u00e9 dans la circulation. L'option <strong>montage du si\u00e8ge<\/strong> pour des randonn\u00e9es plus longues et plus confortables, et une conception pliable pour un transport facile, soulignent l'adaptabilit\u00e9 et la fonctionnalit\u00e9. Avec une livraison sans souci et une garantie comprenant une garantie de base d'un an avec des options d'extension, ainsi qu'un service rapide, l'Elektron Kinetik GTR offre une exp\u00e9rience de conduite haut de gamme qui d\u00e9passe les attentes.<\/p>","protected":false},"featured_media":440,"comment_status":"open","ping_status":"closed","template":"","meta":[],"product_brand":[],"product_cat":[22,40,44,45],"product_tag":[],"class_list":{"0":"post-1904","1":"product","2":"type-product","3":"status-publish","4":"has-post-thumbnail","6":"product_cat-electric-scooters","7":"product_cat-electric-scooter-brands","8":"product_cat-electric-scooter-with-seat","9":"product_cat-elektron","10":"product_shipping_class-up-to-40-kg","12":"first","13":"outofstock","14":"taxable","15":"shipping-taxable","16":"purchasable","17":"product-type-simple"},"_links":{"self":[{"href":"https:\/\/electrotraveller.com\/fr\/wp-json\/wp\/v2\/product\/1904","targetHints":{"allow":["GET"]}}],"collection":[{"href":"https:\/\/electrotraveller.com\/fr\/wp-json\/wp\/v2\/product"}],"about":[{"href":"https:\/\/electrotraveller.com\/fr\/wp-json\/wp\/v2\/types\/product"}],"replies":[{"embeddable":true,"href":"https:\/\/electrotraveller.com\/fr\/wp-json\/wp\/v2\/comments?post=1904"}],"wp:featuredmedia":[{"embeddable":true,"href":"https:\/\/electrotraveller.com\/fr\/wp-json\/wp\/v2\/media\/440"}],"wp:attachment":[{"href":"https:\/\/electrotraveller.com\/fr\/wp-json\/wp\/v2\/media?parent=1904"}],"wp:term":[{"taxonomy":"product_brand","embeddable":true,"href":"https:\/\/electrotraveller.com\/fr\/wp-json\/wp\/v2\/product_brand?post=1904"},{"taxonomy":"product_cat","embeddable":true,"href":"https:\/\/electrotraveller.com\/fr\/wp-json\/wp\/v2\/product_cat?post=1904"},{"taxonomy":"product_tag","embeddable":true,"href":"https:\/\/electrotraveller.com\/fr\/wp-json\/wp\/v2\/product_tag?post=1904"}],"curies":[{"name":"wp","href":"https:\/\/api.w.org\/{rel}","templated":true}]}}