{"id":7008,"date":"2025-04-15T11:20:07","date_gmt":"2025-04-15T11:20:07","guid":{"rendered":"https:\/\/electrotraveller.com\/?post_type=product&#038;p=7008"},"modified":"2026-03-10T20:56:05","modified_gmt":"2026-03-10T19:56:05","slug":"cst-9-5x2-5-5-6-1-letkuton-rengas","status":"publish","type":"product","link":"https:\/\/electrotraveller.com\/fi\/electric-scooter-spare-parts\/cst-9-5x2-5-6-1-tubeless-tire\/","title":{"rendered":"CST 9.5\u00d72.5-6.1 Tubeless rengas s\u00e4hk\u00f6 skootterille \/\/ Road"},"content":{"rendered":"","protected":false},"excerpt":{"rendered":"","protected":false},"featured_media":7009,"comment_status":"open","ping_status":"closed","template":"","meta":[],"product_brand":[],"product_cat":[30,39,78],"product_tag":[151,152,100,102,104,105],"class_list":{"0":"post-7008","1":"product","2":"type-product","3":"status-publish","4":"has-post-thumbnail","6":"product_cat-electric-scooter-spare-parts","7":"product_cat-electric-scooter-tires","8":"product_cat-electric-scooter-tubeless-tires","9":"product_tag-niu-kqi2-parts","10":"product_tag-niu-kqi3-parts","11":"product_tag-xiaomi-1s-parts","12":"product_tag-xiaomi-m365-parts","13":"product_tag-xiaomi-pro-parts","14":"product_tag-xiaomi-pro-2-parts","15":"product_shipping_class-up-to-2-kg","17":"first","18":"instock","19":"taxable","20":"shipping-taxable","21":"purchasable","22":"product-type-simple"},"_links":{"self":[{"href":"https:\/\/electrotraveller.com\/fi\/wp-json\/wp\/v2\/product\/7008","targetHints":{"allow":["GET"]}}],"collection":[{"href":"https:\/\/electrotraveller.com\/fi\/wp-json\/wp\/v2\/product"}],"about":[{"href":"https:\/\/electrotraveller.com\/fi\/wp-json\/wp\/v2\/types\/product"}],"replies":[{"embeddable":true,"href":"https:\/\/electrotraveller.com\/fi\/wp-json\/wp\/v2\/comments?post=7008"}],"wp:featuredmedia":[{"embeddable":true,"href":"https:\/\/electrotraveller.com\/fi\/wp-json\/wp\/v2\/media\/7009"}],"wp:attachment":[{"href":"https:\/\/electrotraveller.com\/fi\/wp-json\/wp\/v2\/media?parent=7008"}],"wp:term":[{"taxonomy":"product_brand","embeddable":true,"href":"https:\/\/electrotraveller.com\/fi\/wp-json\/wp\/v2\/product_brand?post=7008"},{"taxonomy":"product_cat","embeddable":true,"href":"https:\/\/electrotraveller.com\/fi\/wp-json\/wp\/v2\/product_cat?post=7008"},{"taxonomy":"product_tag","embeddable":true,"href":"https:\/\/electrotraveller.com\/fi\/wp-json\/wp\/v2\/product_tag?post=7008"}],"curies":[{"name":"wp","href":"https:\/\/api.w.org\/{rel}","templated":true}]}}