{"id":6975,"date":"2025-04-14T15:20:45","date_gmt":"2025-04-14T15:20:45","guid":{"rendered":"https:\/\/electrotraveller.com\/?post_type=product&#038;p=6975"},"modified":"2026-04-03T12:44:43","modified_gmt":"2026-04-03T10:44:43","slug":"letkuton-rengas-xiaomi-4-ultra","status":"publish","type":"product","link":"https:\/\/electrotraveller.com\/fi\/electric-scooter-spare-parts\/tubeless-tire-xiaomi-4-ultra\/","title":{"rendered":"Tubeless rengas 250\u00d764 Xiaomi 4 ULTRA s\u00e4hk\u00f6skootteriin \/\/ GEL"},"content":{"rendered":"","protected":false},"excerpt":{"rendered":"","protected":false},"featured_media":6977,"comment_status":"open","ping_status":"closed","template":"","meta":[],"product_brand":[],"product_cat":[30,39,78],"product_tag":[131,130],"class_list":{"0":"post-6975","1":"product","2":"type-product","3":"status-publish","4":"has-post-thumbnail","6":"product_cat-electric-scooter-spare-parts","7":"product_cat-electric-scooter-tires","8":"product_cat-electric-scooter-tubeless-tires","9":"product_tag-navee-s65-parts","10":"product_tag-xiaomi-mi4-ultra-parts","11":"product_shipping_class-up-to-2-kg","13":"first","14":"instock","15":"taxable","16":"shipping-taxable","17":"purchasable","18":"product-type-simple"},"_links":{"self":[{"href":"https:\/\/electrotraveller.com\/fi\/wp-json\/wp\/v2\/product\/6975","targetHints":{"allow":["GET"]}}],"collection":[{"href":"https:\/\/electrotraveller.com\/fi\/wp-json\/wp\/v2\/product"}],"about":[{"href":"https:\/\/electrotraveller.com\/fi\/wp-json\/wp\/v2\/types\/product"}],"replies":[{"embeddable":true,"href":"https:\/\/electrotraveller.com\/fi\/wp-json\/wp\/v2\/comments?post=6975"}],"wp:featuredmedia":[{"embeddable":true,"href":"https:\/\/electrotraveller.com\/fi\/wp-json\/wp\/v2\/media\/6977"}],"wp:attachment":[{"href":"https:\/\/electrotraveller.com\/fi\/wp-json\/wp\/v2\/media?parent=6975"}],"wp:term":[{"taxonomy":"product_brand","embeddable":true,"href":"https:\/\/electrotraveller.com\/fi\/wp-json\/wp\/v2\/product_brand?post=6975"},{"taxonomy":"product_cat","embeddable":true,"href":"https:\/\/electrotraveller.com\/fi\/wp-json\/wp\/v2\/product_cat?post=6975"},{"taxonomy":"product_tag","embeddable":true,"href":"https:\/\/electrotraveller.com\/fi\/wp-json\/wp\/v2\/product_tag?post=6975"}],"curies":[{"name":"wp","href":"https:\/\/api.w.org\/{rel}","templated":true}]}}