{"id":6147,"date":"2025-02-26T13:05:56","date_gmt":"2025-02-26T13:05:56","guid":{"rendered":"https:\/\/electrotraveller.com\/?post_type=product&#038;p=6147"},"modified":"2026-03-05T23:12:07","modified_gmt":"2026-03-05T22:12:07","slug":"engwe-ep2-pro-musta","status":"publish","type":"product","link":"https:\/\/electrotraveller.com\/fi\/electric-bikes\/engwe-ep2-pro-black\/","title":{"rendered":"ENGWE EP2 PRO S\u00e4hk\u00f6py\u00f6r\u00e4 \/\/ Musta"},"content":{"rendered":"","protected":false},"excerpt":{"rendered":"","protected":false},"featured_media":6625,"comment_status":"open","ping_status":"closed","template":"","meta":[],"product_brand":[],"product_cat":[70,94],"product_tag":[],"class_list":{"0":"post-6147","1":"product","2":"type-product","3":"status-publish","4":"has-post-thumbnail","6":"product_cat-electric-bikes","7":"product_cat-engwe","8":"product_shipping_class-up-to-30-kg","10":"first","11":"instock","12":"taxable","13":"shipping-taxable","14":"purchasable","15":"product-type-simple"},"_links":{"self":[{"href":"https:\/\/electrotraveller.com\/fi\/wp-json\/wp\/v2\/product\/6147","targetHints":{"allow":["GET"]}}],"collection":[{"href":"https:\/\/electrotraveller.com\/fi\/wp-json\/wp\/v2\/product"}],"about":[{"href":"https:\/\/electrotraveller.com\/fi\/wp-json\/wp\/v2\/types\/product"}],"replies":[{"embeddable":true,"href":"https:\/\/electrotraveller.com\/fi\/wp-json\/wp\/v2\/comments?post=6147"}],"wp:featuredmedia":[{"embeddable":true,"href":"https:\/\/electrotraveller.com\/fi\/wp-json\/wp\/v2\/media\/6625"}],"wp:attachment":[{"href":"https:\/\/electrotraveller.com\/fi\/wp-json\/wp\/v2\/media?parent=6147"}],"wp:term":[{"taxonomy":"product_brand","embeddable":true,"href":"https:\/\/electrotraveller.com\/fi\/wp-json\/wp\/v2\/product_brand?post=6147"},{"taxonomy":"product_cat","embeddable":true,"href":"https:\/\/electrotraveller.com\/fi\/wp-json\/wp\/v2\/product_cat?post=6147"},{"taxonomy":"product_tag","embeddable":true,"href":"https:\/\/electrotraveller.com\/fi\/wp-json\/wp\/v2\/product_tag?post=6147"}],"curies":[{"name":"wp","href":"https:\/\/api.w.org\/{rel}","templated":true}]}}