{"id":7002,"date":"2025-04-15T10:58:59","date_gmt":"2025-04-15T10:58:59","guid":{"rendered":"https:\/\/electrotraveller.com\/?post_type=product&#038;p=7002"},"modified":"2026-04-17T12:41:08","modified_gmt":"2026-04-17T10:41:08","slug":"neumatico-cst-tubeless-10x3","status":"publish","type":"product","link":"https:\/\/electrotraveller.com\/es\/electric-scooter-spare-parts\/cst-tubeless-tire-10x3\/","title":{"rendered":"Neum\u00e1tico CST 10\u00d73.0-6 Tubeless para Scooters El\u00e9ctricos \/\/ Carretera"},"content":{"rendered":"","protected":false},"excerpt":{"rendered":"","protected":false},"featured_media":7003,"comment_status":"open","ping_status":"closed","template":"","meta":[],"product_brand":[],"product_cat":[30,39,78],"product_tag":[148,150,149],"class_list":{"0":"post-7002","1":"product","2":"type-product","3":"status-publish","4":"has-post-thumbnail","6":"product_cat-electric-scooter-spare-parts","7":"product_cat-electric-scooter-tires","8":"product_cat-electric-scooter-tubeless-tires","9":"product_tag-elektron-kinetik-parts","10":"product_tag-elektron-kinetik-gtr-parts","11":"product_tag-elektron-kinetik-pro-parts","12":"product_shipping_class-up-to-2-kg","14":"first","15":"instock","16":"taxable","17":"shipping-taxable","18":"purchasable","19":"product-type-simple"},"_links":{"self":[{"href":"https:\/\/electrotraveller.com\/es\/wp-json\/wp\/v2\/product\/7002","targetHints":{"allow":["GET"]}}],"collection":[{"href":"https:\/\/electrotraveller.com\/es\/wp-json\/wp\/v2\/product"}],"about":[{"href":"https:\/\/electrotraveller.com\/es\/wp-json\/wp\/v2\/types\/product"}],"replies":[{"embeddable":true,"href":"https:\/\/electrotraveller.com\/es\/wp-json\/wp\/v2\/comments?post=7002"}],"wp:featuredmedia":[{"embeddable":true,"href":"https:\/\/electrotraveller.com\/es\/wp-json\/wp\/v2\/media\/7003"}],"wp:attachment":[{"href":"https:\/\/electrotraveller.com\/es\/wp-json\/wp\/v2\/media?parent=7002"}],"wp:term":[{"taxonomy":"product_brand","embeddable":true,"href":"https:\/\/electrotraveller.com\/es\/wp-json\/wp\/v2\/product_brand?post=7002"},{"taxonomy":"product_cat","embeddable":true,"href":"https:\/\/electrotraveller.com\/es\/wp-json\/wp\/v2\/product_cat?post=7002"},{"taxonomy":"product_tag","embeddable":true,"href":"https:\/\/electrotraveller.com\/es\/wp-json\/wp\/v2\/product_tag?post=7002"}],"curies":[{"name":"wp","href":"https:\/\/api.w.org\/{rel}","templated":true}]}}