{"id":287,"date":"2024-05-17T15:27:14","date_gmt":"2024-05-17T15:27:14","guid":{"rendered":"https:\/\/electrotraveller.com\/?post_type=product&#038;p=287"},"modified":"2026-03-20T08:46:45","modified_gmt":"2026-03-20T07:46:45","slug":"elektron-kinetik-gtr","status":"publish","type":"product","link":"https:\/\/electrotraveller.com\/es\/electric-scooters\/elektron-kinetik-gtr\/","title":{"rendered":"Patinete el\u00e9ctrico Elektron Kinetik GTR"},"content":{"rendered":"","protected":false},"excerpt":{"rendered":"<p><span style=\"color: #0000ff;\">Carga r\u00e1pida con cargador adicional<\/span><br \/>\n<span style=\"color: #0000ff;\">Opci\u00f3n de asiento disponible<\/span><\/p>\n<p>El scooter el\u00e9ctrico Elektron Kinetik GTR lidera su categor\u00eda en movilidad el\u00e9ctrica, dise\u00f1ado para aquellos que buscan altas prestaciones y fiabilidad. Equipado con dos potentes motores, que proporcionan un total de <strong>2800 W de potencia nominal<\/strong> y hasta 3800 W de potencia m\u00e1xima, el Elektron Kinetik GTR alcanza velocidades de <strong>hasta 75 km\/h<\/strong>con un l\u00edmite de seguridad de 25 km\/h. Con capacidad para afrontar pendientes de hasta 30\u00b0 y una autonom\u00eda de hasta <strong>90 km<\/strong>, posible gracias a una bater\u00eda de 23,4 Ah de capacidad a 60 V, este scooter pone el list\u00f3n muy alto.<\/p>\n<p>Los controladores avanzados de onda sinusoidal garantizan un funcionamiento m\u00e1s silencioso, una respuesta m\u00e1s r\u00e1pida y velocidades constantes, mientras que el <strong>pantalla TFT en color<\/strong> proporciona una amplia informaci\u00f3n sobre la conducci\u00f3n y, en conjunto, mejora la experiencia del usuario. <strong>Neum\u00e1ticos h\u00edbridos Wanda<\/strong> est\u00e1n dise\u00f1ados para un agarre \u00f3ptimo en todas las superficies, garantizando la versatilidad del scooter.<\/p>\n<p>La seguridad est\u00e1 garantizada por el sistema de frenado con <strong>frenos de disco hidr\u00e1ulicos de NUTT<\/strong> y un freno electr\u00f3nico adicional, lo que aumenta la potencia de frenado y prolonga la vida \u00fatil de las pastillas de freno. El dise\u00f1o ergon\u00f3mico con mecanismo de plegado y <strong>suspensi\u00f3n hidr\u00e1ulica regulable<\/strong> permite una conducci\u00f3n c\u00f3moda, mientras que el <strong>Bloqueo NFC y c\u00f3digo PIN<\/strong> proporcionan protecci\u00f3n avanzada contra accesos no deseados.<\/p>\n<p>Adem\u00e1s, el modelo admite el uso de una app para ajustar el <strong>Iluminaci\u00f3n ambiental RGB<\/strong>que no s\u00f3lo a\u00f1ade un toque personal al scooter, sino que tambi\u00e9n mejora la visibilidad y la seguridad en el tr\u00e1fico. La opci\u00f3n de <strong>montaje del asiento<\/strong> para que los trayectos m\u00e1s largos resulten m\u00e1s c\u00f3modos y un dise\u00f1o plegable para facilitar el transporte acent\u00faan la adaptabilidad y la funcionalidad. Con una entrega sin preocupaciones y una garant\u00eda que incluye una garant\u00eda b\u00e1sica de 1 a\u00f1o con opciones de ampliaci\u00f3n, junto con un servicio r\u00e1pido, la Elektron Kinetik GTR ofrece una experiencia de conducci\u00f3n de primera calidad que supera las expectativas.<\/p>","protected":false},"featured_media":440,"comment_status":"open","ping_status":"closed","template":"","meta":[],"product_brand":[],"product_cat":[22,44,45],"product_tag":[],"class_list":{"0":"post-287","1":"product","2":"type-product","3":"status-publish","4":"has-post-thumbnail","6":"product_cat-electric-scooters","7":"product_cat-electric-scooter-with-seat","8":"product_cat-elektron","10":"first","11":"instock","12":"sale","13":"taxable","14":"shipping-taxable","15":"purchasable","16":"product-type-simple"},"_links":{"self":[{"href":"https:\/\/electrotraveller.com\/es\/wp-json\/wp\/v2\/product\/287","targetHints":{"allow":["GET"]}}],"collection":[{"href":"https:\/\/electrotraveller.com\/es\/wp-json\/wp\/v2\/product"}],"about":[{"href":"https:\/\/electrotraveller.com\/es\/wp-json\/wp\/v2\/types\/product"}],"replies":[{"embeddable":true,"href":"https:\/\/electrotraveller.com\/es\/wp-json\/wp\/v2\/comments?post=287"}],"wp:featuredmedia":[{"embeddable":true,"href":"https:\/\/electrotraveller.com\/es\/wp-json\/wp\/v2\/media\/440"}],"wp:attachment":[{"href":"https:\/\/electrotraveller.com\/es\/wp-json\/wp\/v2\/media?parent=287"}],"wp:term":[{"taxonomy":"product_brand","embeddable":true,"href":"https:\/\/electrotraveller.com\/es\/wp-json\/wp\/v2\/product_brand?post=287"},{"taxonomy":"product_cat","embeddable":true,"href":"https:\/\/electrotraveller.com\/es\/wp-json\/wp\/v2\/product_cat?post=287"},{"taxonomy":"product_tag","embeddable":true,"href":"https:\/\/electrotraveller.com\/es\/wp-json\/wp\/v2\/product_tag?post=287"}],"curies":[{"name":"wp","href":"https:\/\/api.w.org\/{rel}","templated":true}]}}