{"id":1244,"date":"2024-06-18T13:46:59","date_gmt":"2024-06-18T13:46:59","guid":{"rendered":"https:\/\/electrotraveller.com\/?page_id=1244"},"modified":"2025-09-20T08:53:14","modified_gmt":"2025-09-20T08:53:14","slug":"ruckgabebedingungen-und-formular","status":"publish","type":"page","link":"https:\/\/electrotraveller.com\/de\/return-policy-and-form\/","title":{"rendered":"R\u00fcckgabebedingungen und Formular"},"content":{"rendered":"\t\t<div data-elementor-type=\"wp-page\" data-elementor-id=\"1244\" class=\"elementor elementor-1244\" data-elementor-post-type=\"page\">\n\t\t\t\t<div class=\"elementor-element elementor-element-30674d0 e-con-full e-flex e-con e-parent\" data-id=\"30674d0\" data-element_type=\"container\" data-settings=\"{&quot;background_background&quot;:&quot;classic&quot;}\">\n\t\t<div class=\"elementor-element elementor-element-48072ec e-con-full e-flex e-con e-child\" data-id=\"48072ec\" data-element_type=\"container\">\n\t\t\t\t<div class=\"elementor-element elementor-element-104134d elementor-widget elementor-widget-heading\" data-id=\"104134d\" data-element_type=\"widget\" data-widget_type=\"heading.default\">\n\t\t\t\t<div class=\"elementor-widget-container\">\n\t\t\t\t\t<h1 class=\"elementor-heading-title elementor-size-default\">Return Policy and Form\n<\/h1>\t\t\t\t<\/div>\n\t\t\t\t<\/div>\n\t\t\t\t<div class=\"elementor-element elementor-element-d0d6291 elementor-widget__width-initial elementor-widget elementor-widget-text-editor\" data-id=\"d0d6291\" data-element_type=\"widget\" data-widget_type=\"text-editor.default\">\n\t\t\t\t<div class=\"elementor-widget-container\">\n\t\t\t\t\t\t\t\t\t<p>Electrotraveller values your satisfaction. If you&#8217;re not fully satisfied with your product, you have the right to return it within 14 calendar days from the day you receive your order, in accordance with EU consumer law.<\/p><p>Please fill out this form to initiate the return of the product. Once the form is submitted, we will send you the shipping label, which you should print and attach to the box. Our courier partners, including DHL, GLS, DPD, and others, will then attempt to pick up the package.<\/p><p>The courier will contact you prior to pickup. Please note that we do not schedule the pickup time; you will need to contact your local courier directly to arrange a specific timeframe. If the product is not returned in accordance with this policy, we will charge you the shipping fees accordingly.<\/p><p><strong>Return Shipping for Oversized Packages<\/strong><\/p><p>Electrotraveller offers free return shipping and exchanges for parcels within standard courier limits:<\/p><ul><li><strong>Maximum size: 80 cm width \u00d7 60 cm height \u00d7 200 cm length<\/strong><\/li><li><strong>Maximum combined length and girth: 300 cm (2\u00d7height + 2\u00d7width + longest side)<\/strong><\/li><li><strong>Maximum weight: 31.5 kg<\/strong><br \/><br \/><\/li><\/ul><p>This limitation mostly applies to larger items, such as electric scooters and e-bikes. If your return parcel exceeds these limits, the customer will be responsible for covering the return shipping costs. We will notify you in advance if your package falls into this category.<\/p><p><strong>Condition of Returned Goods<\/strong><\/p><p>Products must be returned unused and undamaged, with all original packaging, accessories, tools, and documentation included.<br \/>If the product shows signs of use beyond what is necessary to check its condition, Electrotraveller may deduct a reasonable amount from your refund in accordance with EU consumer law.<\/p><p><strong>Refund Processing<\/strong><br \/><br \/>Upon receiving the returned goods and inspecting the condition of your product, we will process your return. Refunds or exchanges will be arranged within 14 days of receiving the returned item. Once your return is processed, we will notify you by email.<\/p>\t\t\t\t\t\t\t\t<\/div>\n\t\t\t\t<\/div>\n\t\t\t\t<div class=\"elementor-element elementor-element-5faa233 elementor-button-align-start elementor-widget__width-initial elementor-widget elementor-widget-form\" data-id=\"5faa233\" data-element_type=\"widget\" data-settings=\"{&quot;step_next_label&quot;:&quot;Next&quot;,&quot;step_previous_label&quot;:&quot;Previous&quot;,&quot;button_width&quot;:&quot;100&quot;,&quot;step_type&quot;:&quot;number_text&quot;,&quot;step_icon_shape&quot;:&quot;circle&quot;}\" data-widget_type=\"form.default\">\n\t\t\t\t<div class=\"elementor-widget-container\">\n\t\t\t\t\t\t\t<form class=\"elementor-form\" method=\"post\" name=\"Order Electric Scooter spare parts\" aria-label=\"Order Electric Scooter spare parts\">\n\t\t\t<input type=\"hidden\" name=\"post_id\" value=\"1244\"\/>\n\t\t\t<input type=\"hidden\" name=\"form_id\" value=\"5faa233\"\/>\n\t\t\t<input type=\"hidden\" name=\"referer_title\" value=\"Return Policy And Form &raquo; Electrotraveller.com\" \/>\n\n\t\t\t\t\t\t\t<input type=\"hidden\" name=\"queried_id\" value=\"1244\"\/>\n\t\t\t\n\t\t\t<div class=\"elementor-form-fields-wrapper elementor-labels-above\">\n\t\t\t\t\t\t\t\t<div class=\"elementor-field-type-text elementor-field-group elementor-column elementor-field-group-name elementor-col-100 elementor-field-required elementor-mark-required\">\n\t\t\t\t\t\t\t\t\t\t\t\t<label for=\"form-field-name\" class=\"elementor-field-label\">\n\t\t\t\t\t\t\t\tName & Surname\t\t\t\t\t\t\t<\/label>\n\t\t\t\t\t\t\t\t\t\t\t\t\t\t<input size=\"1\" type=\"text\" name=\"form_fields[name]\" id=\"form-field-name\" class=\"elementor-field elementor-size-sm  elementor-field-textual\" required=\"required\">\n\t\t\t\t\t\t\t\t\t\t\t<\/div>\n\t\t\t\t\t\t\t\t<div class=\"elementor-field-type-text elementor-field-group elementor-column elementor-field-group-field_8e1d1cb elementor-col-100 elementor-field-required elementor-mark-required\">\n\t\t\t\t\t\t\t\t\t\t\t\t<label for=\"form-field-field_8e1d1cb\" class=\"elementor-field-label\">\n\t\t\t\t\t\t\t\tCourier pickup address\t\t\t\t\t\t\t<\/label>\n\t\t\t\t\t\t\t\t\t\t\t\t\t\t<input size=\"1\" type=\"text\" name=\"form_fields[field_8e1d1cb]\" id=\"form-field-field_8e1d1cb\" class=\"elementor-field elementor-size-sm  elementor-field-textual\" required=\"required\">\n\t\t\t\t\t\t\t\t\t\t\t<\/div>\n\t\t\t\t\t\t\t\t<div class=\"elementor-field-type-email elementor-field-group elementor-column elementor-field-group-email elementor-col-100 elementor-field-required elementor-mark-required\">\n\t\t\t\t\t\t\t\t\t\t\t\t<label for=\"form-field-email\" class=\"elementor-field-label\">\n\t\t\t\t\t\t\t\tEmail Address\t\t\t\t\t\t\t<\/label>\n\t\t\t\t\t\t\t\t\t\t\t\t\t\t<input size=\"1\" type=\"email\" name=\"form_fields[email]\" id=\"form-field-email\" class=\"elementor-field elementor-size-sm  elementor-field-textual\" required=\"required\">\n\t\t\t\t\t\t\t\t\t\t\t<\/div>\n\t\t\t\t\t\t\t\t<div class=\"elementor-field-type-tel elementor-field-group elementor-column elementor-field-group-field_8e1cfc8 elementor-col-100 elementor-field-required elementor-mark-required\">\n\t\t\t\t\t\t\t\t\t\t\t\t<label for=\"form-field-field_8e1cfc8\" class=\"elementor-field-label\">\n\t\t\t\t\t\t\t\tTelephone Number for Curier\t\t\t\t\t\t\t<\/label>\n\t\t\t\t\t\t\t\t<input size=\"1\" type=\"tel\" name=\"form_fields[field_8e1cfc8]\" id=\"form-field-field_8e1cfc8\" class=\"elementor-field elementor-size-sm  elementor-field-textual\" required=\"required\" pattern=\"[0-9()#&amp;+*-=.]+\" title=\"Vain numerot ja puhelinmerkit (#, -, * jne.) hyv\u00e4ksyt\u00e4\u00e4n.\">\n\n\t\t\t\t\t\t<\/div>\n\t\t\t\t\t\t\t\t<div class=\"elementor-field-type-textarea elementor-field-group elementor-column elementor-field-group-message elementor-col-100 elementor-field-required elementor-mark-required\">\n\t\t\t\t\t\t\t\t\t\t\t\t<label for=\"form-field-message\" class=\"elementor-field-label\">\n\t\t\t\t\t\t\t\tPlease State Return Reason \t\t\t\t\t\t\t<\/label>\n\t\t\t\t\t\t<textarea class=\"elementor-field-textual elementor-field  elementor-size-sm\" name=\"form_fields[message]\" id=\"form-field-message\" rows=\"4\" required=\"required\"><\/textarea>\t\t\t\t<\/div>\n\t\t\t\t\t\t\t\t<div class=\"elementor-field-type-textarea elementor-field-group elementor-column elementor-field-group-field_0577001 elementor-col-100\">\n\t\t\t\t\t\t\t\t\t\t\t\t<label for=\"form-field-field_0577001\" class=\"elementor-field-label\">\n\t\t\t\t\t\t\t\tAdditional Comment\t\t\t\t\t\t\t<\/label>\n\t\t\t\t\t\t<textarea class=\"elementor-field-textual elementor-field  elementor-size-sm\" name=\"form_fields[field_0577001]\" id=\"form-field-field_0577001\" rows=\"4\"><\/textarea>\t\t\t\t<\/div>\n\t\t\t\t\t\t\t\t<div class=\"elementor-field-type-upload elementor-field-group elementor-column elementor-field-group-field_3b06670 elementor-col-100\">\n\t\t\t\t\t\t\t\t\t\t\t\t<label for=\"form-field-field_3b06670\" class=\"elementor-field-label\">\n\t\t\t\t\t\t\t\tPlease upload invoice. (Max. file size 1MB) \t\t\t\t\t\t\t<\/label>\n\t\t\t\t\t\t\t\t<input type=\"file\" name=\"form_fields[field_3b06670][]\" id=\"form-field-field_3b06670\" class=\"elementor-field elementor-size-sm  elementor-upload-field\" multiple=\"multiple\" data-maxsize=\"1\" data-maxsize-message=\"T\u00e4m\u00e4 tiedosto ylitt\u00e4\u00e4 sallitun enimm\u00e4iskoon.\">\n\n\t\t\t\t\t\t<\/div>\n\t\t\t\t\t\t\t\t<div class=\"elementor-field-type-upload elementor-field-group elementor-column elementor-field-group-field_0621f30 elementor-col-100\">\n\t\t\t\t\t\t\t\t\t\t\t\t<label for=\"form-field-field_0621f30\" class=\"elementor-field-label\">\n\t\t\t\t\t\t\t\tUpload image of the product package before shipping. (Max. file size 1MB) \t\t\t\t\t\t\t<\/label>\n\t\t\t\t\t\t\t\t<input type=\"file\" name=\"form_fields[field_0621f30][]\" id=\"form-field-field_0621f30\" class=\"elementor-field elementor-size-sm  elementor-upload-field\" multiple=\"multiple\" data-maxsize=\"1\" data-maxsize-message=\"T\u00e4m\u00e4 tiedosto ylitt\u00e4\u00e4 sallitun enimm\u00e4iskoon.\">\n\n\t\t\t\t\t\t<\/div>\n\t\t\t\t\t\t\t\t<div class=\"elementor-field-type-acceptance elementor-field-group elementor-column elementor-field-group-field_6ec524d elementor-col-100 elementor-field-required elementor-mark-required\">\n\t\t\t\t\t\t\t<div class=\"elementor-field-subgroup\">\n\t\t\t<span class=\"elementor-field-option\">\n\t\t\t\t<input type=\"checkbox\" name=\"form_fields[field_6ec524d]\" id=\"form-field-field_6ec524d\" class=\"elementor-field elementor-size-sm  elementor-acceptance-field\" required=\"required\">\n\t\t\t\t<label for=\"form-field-field_6ec524d\">I hereby declare that the product has not been used beyond what is necessary to check its condition, is not damaged, and the box, along with all tools, accessories, and documentation that came with it, is intact.<\/label>\t\t\t<\/span>\n\t\t<\/div>\n\t\t\t\t\t\t<\/div>\n\t\t\t\t\t\t\t\t<div class=\"elementor-field-type-recaptcha_v3 elementor-field-group elementor-column elementor-field-group-field_ef52291 elementor-col-100 recaptcha_v3-bottomright\">\n\t\t\t\t\t<div class=\"elementor-field\" id=\"form-field-field_ef52291\"><div class=\"elementor-g-recaptcha\" data-sitekey=\"6LfMrcAqAAAAAGrzWmKxO6BpT3dOi9PaOVvTj9nY\" data-type=\"v3\" data-action=\"Form\" data-badge=\"bottomright\" data-size=\"invisible\"><\/div><\/div>\t\t\t\t<\/div>\n\t\t\t\t\t\t\t\t<div class=\"elementor-field-group elementor-column elementor-field-type-submit elementor-col-100 e-form__buttons\">\n\t\t\t\t\t<button class=\"elementor-button elementor-size-sm\" type=\"submit\">\n\t\t\t\t\t\t<span class=\"elementor-button-content-wrapper\">\n\t\t\t\t\t\t\t\t\t\t\t\t\t\t\t\t\t\t\t\t\t\t<span class=\"elementor-button-text\">Send<\/span>\n\t\t\t\t\t\t\t\t\t\t\t\t\t<\/span>\n\t\t\t\t\t<\/button>\n\t\t\t\t<\/div>\n\t\t\t<\/div>\n\t\t<\/form>\n\t\t\t\t\t\t<\/div>\n\t\t\t\t<\/div>\n\t\t\t\t<\/div>\n\t\t\t\t<\/div>\n\t\t\t\t<\/div>\n\t\t","protected":false},"excerpt":{"rendered":"<p>Return Policy and Form Electrotraveller values your satisfaction. If you&#8217;re not fully satisfied with your product, you have the right to return it within 14 calendar days from the day you receive your order, in accordance with EU consumer law. Please fill out this form to initiate the return of the product. Once the form [&hellip;]<\/p>\n","protected":false},"author":1,"featured_media":0,"parent":0,"menu_order":0,"comment_status":"closed","ping_status":"closed","template":"elementor_header_footer","meta":{"footnotes":""},"class_list":["post-1244","page","type-page","status-publish","hentry"],"_links":{"self":[{"href":"https:\/\/electrotraveller.com\/de\/wp-json\/wp\/v2\/pages\/1244","targetHints":{"allow":["GET"]}}],"collection":[{"href":"https:\/\/electrotraveller.com\/de\/wp-json\/wp\/v2\/pages"}],"about":[{"href":"https:\/\/electrotraveller.com\/de\/wp-json\/wp\/v2\/types\/page"}],"author":[{"embeddable":true,"href":"https:\/\/electrotraveller.com\/de\/wp-json\/wp\/v2\/users\/1"}],"replies":[{"embeddable":true,"href":"https:\/\/electrotraveller.com\/de\/wp-json\/wp\/v2\/comments?post=1244"}],"version-history":[{"count":1,"href":"https:\/\/electrotraveller.com\/de\/wp-json\/wp\/v2\/pages\/1244\/revisions"}],"predecessor-version":[{"id":12858,"href":"https:\/\/electrotraveller.com\/de\/wp-json\/wp\/v2\/pages\/1244\/revisions\/12858"}],"wp:attachment":[{"href":"https:\/\/electrotraveller.com\/de\/wp-json\/wp\/v2\/media?parent=1244"}],"curies":[{"name":"wp","href":"https:\/\/api.w.org\/{rel}","templated":true}]}}