{"id":1221,"date":"2024-06-18T13:36:55","date_gmt":"2024-06-18T13:36:55","guid":{"rendered":"https:\/\/electrotraveller.com\/?page_id=1221"},"modified":"2025-06-23T10:41:35","modified_gmt":"2025-06-23T10:41:35","slug":"elektroroller-ratenzahlung","status":"publish","type":"page","link":"https:\/\/electrotraveller.com\/de\/electric-scooter-payment-installments\/","title":{"rendered":"E-Scooter Ratenzahlung"},"content":{"rendered":"<div data-elementor-type=\"wp-page\" data-elementor-id=\"1221\" class=\"elementor elementor-1221\" data-elementor-post-type=\"page\">\n\t\t\t\t<div class=\"elementor-element elementor-element-8dd96c1 e-con-full e-flex e-con e-parent\" data-id=\"8dd96c1\" data-element_type=\"container\" data-settings=\"{&quot;background_background&quot;:&quot;classic&quot;}\">\n\t\t<div class=\"elementor-element elementor-element-1bc427d e-con-full e-flex e-con e-child\" data-id=\"1bc427d\" data-element_type=\"container\">\n\t\t\t\t<div class=\"elementor-element elementor-element-67eb55e elementor-widget elementor-widget-heading\" data-id=\"67eb55e\" data-element_type=\"widget\" data-widget_type=\"heading.default\">\n\t\t\t\t<div class=\"elementor-widget-container\">\n\t\t\t\t\t<h1 class=\"elementor-heading-title elementor-size-default\">Elektro-Scooter Ratenzahlung mit Klarna<\/h1>\t\t\t\t<\/div>\n\t\t\t\t<\/div>\n\t\t\t\t<div class=\"elementor-element elementor-element-08ee0ae elementor-widget__width-initial elementor-widget elementor-widget-text-editor\" data-id=\"08ee0ae\" data-element_type=\"widget\" data-widget_type=\"text-editor.default\">\n\t\t\t\t<div class=\"elementor-widget-container\">\n\t\t\t\t\t\t\t\t\t<p>Erleben Sie unvergleichliche Flexibilit\u00e4t und Bequemlichkeit mit den Zahlungsl\u00f6sungen von Klarna, die jetzt nahtlos mit Stripe auf ElektronScooters.com integriert sind. W\u00e4hrend Sie unsere erstklassige Auswahl an E-Scootern erkunden, bietet Klarna personalisierte Zahlungspl\u00e4ne an, die Ihren finanziellen Pr\u00e4ferenzen und Lebensstilbed\u00fcrfnissen entsprechen und \u00fcber die sichere Plattform von Stripe direkt an der Kasse verf\u00fcgbar sind.<\/p><p><strong>Jetzt bezahlen<\/strong>: F\u00fcr diejenigen, die Einfachheit und Unmittelbarkeit bevorzugen, k\u00f6nnen Sie mit der Option \"Jetzt bezahlen\" Ihren Kauf sofort abschlie\u00dfen. Diese unkomplizierte Zahlungsmethode gew\u00e4hrleistet eine schnelle und sichere Transaktion, so dass Sie Ihren neuen E-Scooter ohne Verz\u00f6gerung genie\u00dfen k\u00f6nnen.<\/p><p><strong>Sp\u00e4ter bezahlen<\/strong>: Unser \"Pay Later\"-Plan bietet die ultimative Flexibilit\u00e4t beim Einkauf. Erhalten Sie Ihren E-Scooter zuerst und entscheiden Sie in aller Ruhe \u00fcber seine Eignung. Mit einer Karenzzeit von 14 bis 30 Tagen bietet diese Option eine risikofreie M\u00f6glichkeit, um sicherzustellen, dass Ihr Kauf alle Ihre Erwartungen erf\u00fcllt, ohne zus\u00e4tzliche Kosten.<\/p><p><strong>Finanzierung<\/strong>: Unsere Finanzierungsoption ist auf Kunden zugeschnitten, die eine gr\u00f6\u00dfere Investition in ihre Mobilit\u00e4t planen. Sie erm\u00f6glicht es Ihnen, die Kosten f\u00fcr Ihren E-Scooter auf \u00fcberschaubare Raten zu verteilen. Diese budgetfreundliche L\u00f6sung erm\u00f6glicht es Ihnen, die Vorteile Ihres neuen Rollers sofort zu genie\u00dfen, mit dem Komfort, \u00fcber einen l\u00e4ngeren Zeitraum zu bezahlen.<\/p><p class=\"\" data-start=\"97\" data-end=\"327\"><strong data-start=\"97\" data-end=\"128\">Auswahl von Klarna an der Kasse<\/strong><br data-start=\"128\" data-end=\"131\" \/>An der Kasse k\u00f6nnen Sie jetzt ausw\u00e4hlen <strong data-start=\"163\" data-end=\"182\">Klarna direkt<\/strong> als Ihre Zahlungsmethode. Ein separates Stripe-Konto ist nicht erforderlich. Klarna gibt Ihnen die Flexibilit\u00e4t zu w\u00e4hlen, wie und wann Sie bezahlen m\u00f6chten.<\/p><p class=\"\" data-start=\"329\" data-end=\"520\">Egal, ob Sie den vollen Betrag bezahlen oder die Kosten \u00fcber einen l\u00e4ngeren Zeitraum verteilen m\u00f6chten, Klarna macht es einfach und sicher. Beginnen Sie Ihr Elektroroller-Abenteuer mit uns noch heute, indem Sie w\u00e4hlen <strong data-start=\"493\" data-end=\"503\">Klarna<\/strong> w\u00e4hrend des Bezahlvorgangs.<\/p>\t\t\t\t\t\t\t\t<\/div>\n\t\t\t\t<\/div>\n\t\t\t\t<div class=\"elementor-element elementor-element-23b7989 elementor-widget elementor-widget-html\" data-id=\"23b7989\" data-element_type=\"widget\" data-widget_type=\"html.default\">\n\t\t\t\t<div class=\"elementor-widget-container\">\n\t\t\t\t\t<table border=\"1\" cellpadding=\"8\" cellspacing=\"0\" style=\"width: 100%; border-collapse: collapse;\">\r\n  <thead>\r\n    <tr style=\"background-color: #f2f2f2;\">\r\n      <th>Land<\/th>\r\n      <th>Zahlungsoption<\/th>\r\n      <th>Betragsbereich<\/th>\r\n      <th>Anmerkungen<\/th>\r\n    <\/tr>\r\n  <\/thead>\r\n  <tbody>\r\n    <!-- Austria -->\r\n    <tr style=\"background-color: #d9d9d9;\">\r\n      <td>\u00d6sterreich<\/td>\r\n      <td>Vollst\u00e4ndig bezahlen<\/td>\r\n      <td>0 - 10.000 EUR<\/td>\r\n      <td>Zahlen Sie den gesamten Betrag im Voraus.<\/td>\r\n    <\/tr>\r\n    <tr style=\"background-color: #d9d9d9;\">\r\n      <td><\/td>\r\n      <td>Sp\u00e4ter bezahlen<\/td>\r\n      <td>0,1 - 5.000 EUR<\/td>\r\n      <td>Sp\u00e4tere Zahlung innerhalb von 30 Tagen.<\/td>\r\n    <\/tr>\r\n    <tr style=\"background-color: #d9d9d9;\">\r\n      <td><\/td>\r\n      <td>Bezahlen in 3<\/td>\r\n      <td>1 - 5.000 EUR<\/td>\r\n      <td>Teilen Sie die Kosten in 3 Teile auf.<\/td>\r\n    <\/tr>\r\n    <tr style=\"background-color: #d9d9d9;\">\r\n      <td><\/td>\r\n      <td>Finanzierung<\/td>\r\n      <td>25 - 5.000 EUR<\/td>\r\n      <td>Monatliche Finanzierungsm\u00f6glichkeiten verf\u00fcgbar.<\/td>\r\n    <\/tr>\r\n\r\n    <!-- Belgium -->\r\n    <tr>\r\n      <td>Belgien<\/td>\r\n      <td>Vollst\u00e4ndig bezahlen<\/td>\r\n      <td>0 - 10.000 EUR<\/td>\r\n      <td>Zahlen Sie den gesamten Betrag im Voraus.<\/td>\r\n    <\/tr>\r\n    <tr>\r\n      <td><\/td>\r\n      <td>Sp\u00e4ter bezahlen<\/td>\r\n      <td>1 - 1.500 EUR<\/td>\r\n      <td>Sp\u00e4tere Zahlung innerhalb von 30 Tagen.<\/td>\r\n    <\/tr>\r\n\r\n    <!-- Czechia -->\r\n    <tr style=\"background-color: #d9d9d9;\">\r\n      <td>Tschechische Republik<\/td>\r\n      <td>Vollst\u00e4ndig bezahlen<\/td>\r\n      <td>0 - 100.000 CZK<\/td>\r\n      <td>Zahlen Sie den gesamten Betrag im Voraus.<\/td>\r\n    <\/tr>\r\n    <tr style=\"background-color: #d9d9d9;\">\r\n      <td><\/td>\r\n      <td>Sp\u00e4ter bezahlen<\/td>\r\n      <td>0 - 12.250 CZK<\/td>\r\n      <td>Sp\u00e4tere Zahlung innerhalb von 30 Tagen.<\/td>\r\n    <\/tr>\r\n    <tr style=\"background-color: #d9d9d9;\">\r\n      <td><\/td>\r\n      <td>Bezahlen in 3<\/td>\r\n      <td>25 - 25.000 CZK<\/td>\r\n      <td>Teilen Sie die Kosten in 3 Teile auf.<\/td>\r\n    <\/tr>\r\n\r\n    <!-- Denmark -->\r\n    <tr>\r\n      <td>D\u00e4nemark<\/td>\r\n      <td>Vollst\u00e4ndig bezahlen<\/td>\r\n      <td>1 - 100.000 DKK<\/td>\r\n      <td>Zahlen Sie den gesamten Betrag im Voraus.<\/td>\r\n    <\/tr>\r\n    <tr>\r\n      <td><\/td>\r\n      <td>Sp\u00e4ter bezahlen<\/td>\r\n      <td>1 - 50.000 DKK<\/td>\r\n      <td>Sp\u00e4tere Zahlung innerhalb von 30 Tagen.<\/td>\r\n    <\/tr>\r\n    <tr>\r\n      <td><\/td>\r\n      <td>Bezahlen in 3<\/td>\r\n      <td>10 - 50.000 DKK<\/td>\r\n      <td>Teilen Sie die Kosten in 3 Teile auf.<\/td>\r\n    <\/tr>\r\n\r\n    <!-- Finland -->\r\n    <tr style=\"background-color: #d9d9d9;\">\r\n      <td>Finnland<\/td>\r\n      <td>Vollst\u00e4ndig bezahlen<\/td>\r\n      <td>0 - 10.000 EUR<\/td>\r\n      <td>Zahlen Sie den gesamten Betrag im Voraus.<\/td>\r\n    <\/tr>\r\n    <tr style=\"background-color: #d9d9d9;\">\r\n      <td><\/td>\r\n      <td>Sp\u00e4ter bezahlen<\/td>\r\n      <td>1 - 3.000 EUR<\/td>\r\n      <td>Sp\u00e4tere Zahlung innerhalb von 30 Tagen.<\/td>\r\n    <\/tr>\r\n    <tr style=\"background-color: #d9d9d9;\">\r\n      <td><\/td>\r\n      <td>Finanzierung<\/td>\r\n      <td>25 - 3.000 EUR<\/td>\r\n      <td>Monatliche Finanzierungsm\u00f6glichkeiten verf\u00fcgbar.<\/td>\r\n    <\/tr>\r\n\r\n    <!-- France -->\r\n    <tr>\r\n      <td>Frankreich<\/td>\r\n      <td>Vollst\u00e4ndig bezahlen<\/td>\r\n      <td>0 - 4.000 EUR<\/td>\r\n      <td>Zahlen Sie den gesamten Betrag im Voraus.<\/td>\r\n    <\/tr>\r\n    <tr>\r\n      <td><\/td>\r\n      <td>Sp\u00e4ter bezahlen<\/td>\r\n      <td>0 - 500 EUR<\/td>\r\n      <td>Sp\u00e4tere Zahlung innerhalb von 30 Tagen.<\/td>\r\n    <\/tr>\r\n    <tr>\r\n      <td><\/td>\r\n      <td>Bezahlen in 3<\/td>\r\n      <td>1 - 1.500 EUR<\/td>\r\n      <td>Teilen Sie die Kosten in 3 Teile auf.<\/td>\r\n    <\/tr>\r\n\r\n    <!-- Germany -->\r\n    <tr style=\"background-color: #d9d9d9;\">\r\n      <td>Deutschland<\/td>\r\n      <td>Vollst\u00e4ndig bezahlen<\/td>\r\n      <td>0 - 10.000 EUR<\/td>\r\n      <td>Zahlen Sie den gesamten Betrag im Voraus.<\/td>\r\n    <\/tr>\r\n    <tr style=\"background-color: #d9d9d9;\">\r\n      <td><\/td>\r\n      <td>Sp\u00e4ter bezahlen<\/td>\r\n      <td>0,1 - 10.000 EUR<\/td>\r\n      <td>Sp\u00e4tere Zahlung innerhalb von 30 Tagen.<\/td>\r\n    <\/tr>\r\n    <tr style=\"background-color: #d9d9d9;\">\r\n      <td><\/td>\r\n      <td>Bezahlen in 3<\/td>\r\n      <td>1 - 5.000 EUR<\/td>\r\n      <td>Teilen Sie die Kosten in 3 Teile auf.<\/td>\r\n    <\/tr>\r\n    <tr style=\"background-color: #d9d9d9;\">\r\n      <td><\/td>\r\n      <td>Finanzierung<\/td>\r\n      <td>25 - 10.000 EUR<\/td>\r\n      <td>Monatliche Finanzierungsm\u00f6glichkeiten verf\u00fcgbar.<\/td>\r\n    <\/tr>\r\n\r\n    <!-- Greece -->\r\n    <tr>\r\n      <td>Griechenland<\/td>\r\n      <td>Vollst\u00e4ndig bezahlen<\/td>\r\n      <td>0 - 4.000 EUR<\/td>\r\n      <td>Zahlen Sie den gesamten Betrag im Voraus.<\/td>\r\n    <\/tr>\r\n    <tr>\r\n      <td><\/td>\r\n      <td>Sp\u00e4ter bezahlen<\/td>\r\n      <td>0 - 500 EUR<\/td>\r\n      <td>Sp\u00e4tere Zahlung innerhalb von 30 Tagen.<\/td>\r\n    <\/tr>\r\n    <tr>\r\n      <td><\/td>\r\n      <td>Bezahlen in 3<\/td>\r\n      <td>1 - 1.000 EUR<\/td>\r\n      <td>Teilen Sie die Kosten in 3 Teile auf.<\/td>\r\n    <\/tr>\r\n\r\n    <!-- Hungary -->\r\n    <tr style=\"background-color: #d9d9d9;\">\r\n      <td>Ungarn<\/td>\r\n      <td>Vollst\u00e4ndig bezahlen<\/td>\r\n      <td>0 - 200.000 HUF<\/td>\r\n      <td>Zahlen Sie den gesamten Betrag im Voraus.<\/td>\r\n    <\/tr>\r\n    <tr style=\"background-color: #d9d9d9;\">\r\n      <td><\/td>\r\n      <td>Sp\u00e4ter bezahlen<\/td>\r\n      <td>0 - 50.000 HUF<\/td>\r\n      <td>Sp\u00e4tere Zahlung innerhalb von 30 Tagen.<\/td>\r\n    <\/tr>\r\n    <tr style=\"background-color: #d9d9d9;\">\r\n      <td><\/td>\r\n      <td>Bezahlen in 3<\/td>\r\n      <td>500 - 50.000 HUF<\/td>\r\n      <td>Teilen Sie die Kosten in 3 Teile auf.<\/td>\r\n    <\/tr>\r\n\r\n    <!-- Ireland -->\r\n    <tr>\r\n      <td>Irland<\/td>\r\n      <td>Vollst\u00e4ndig bezahlen<\/td>\r\n      <td>0 - 4.000 EUR<\/td>\r\n      <td>Zahlen Sie den gesamten Betrag im Voraus.<\/td>\r\n    <\/tr>\r\n    <tr>\r\n      <td><\/td>\r\n      <td>Bezahlen in 3<\/td>\r\n      <td>1 - 1.500 EUR<\/td>\r\n      <td>Teilen Sie die Kosten in 3 Teile auf.<\/td>\r\n    <\/tr>\r\n\r\n    <!-- Italy -->\r\n    <tr style=\"background-color: #d9d9d9;\">\r\n      <td>Italien<\/td>\r\n      <td>Vollst\u00e4ndig bezahlen<\/td>\r\n      <td>0 - 4.000 EUR<\/td>\r\n      <td>Zahlen Sie den gesamten Betrag im Voraus.<\/td>\r\n    <\/tr>\r\n    <tr style=\"background-color: #d9d9d9;\">\r\n      <td><\/td>\r\n      <td>Sp\u00e4ter bezahlen<\/td>\r\n      <td>0 - 500 EUR<\/td>\r\n      <td>Sp\u00e4tere Zahlung innerhalb von 30 Tagen.<\/td>\r\n    <\/tr>\r\n    <tr style=\"background-color: #d9d9d9;\">\r\n      <td><\/td>\r\n      <td>Bezahlen in 3<\/td>\r\n      <td>1 - 1.500 EUR<\/td>\r\n      <td>Teilen Sie die Kosten in 3 Teile auf.<\/td>\r\n    <\/tr>\r\n     <!-- Netherlands -->\r\n    <tr>\r\n      <td>Niederlande<\/td>\r\n      <td>Vollst\u00e4ndig bezahlen<\/td>\r\n      <td>0 - 10.000 EUR<\/td>\r\n      <td>Zahlen Sie den gesamten Betrag im Voraus.<\/td>\r\n    <\/tr>\r\n    <tr>\r\n      <td><\/td>\r\n      <td>Sp\u00e4ter bezahlen<\/td>\r\n      <td>1 - 1.500 EUR<\/td>\r\n      <td>Testen Sie, bevor Sie bezahlen.<\/td>\r\n    <\/tr>\r\n    <tr>\r\n      <td><\/td>\r\n      <td>Bezahlen in 3<\/td>\r\n      <td>1 - 5.000 EUR<\/td>\r\n      <td>Aufgeteilt in 3 Zahlungen.<\/td>\r\n    <\/tr>\r\n\r\n    <!-- Poland -->\r\n    <tr style=\"background-color: #d9d9d9;\">\r\n      <td>Polen<\/td>\r\n      <td>Vollst\u00e4ndig bezahlen<\/td>\r\n      <td>0 - 40.000 PLN<\/td>\r\n      <td>Zahlen Sie den gesamten Betrag im Voraus.<\/td>\r\n    <\/tr>\r\n    <tr style=\"background-color: #d9d9d9;\">\r\n      <td><\/td>\r\n      <td>Sp\u00e4ter bezahlen<\/td>\r\n      <td>0 - 5.000 PLN<\/td>\r\n      <td>Testen Sie, bevor Sie bezahlen.<\/td>\r\n    <\/tr>\r\n    <tr style=\"background-color: #d9d9d9;\">\r\n      <td><\/td>\r\n      <td>Bezahlen in 3<\/td>\r\n      <td>50 - 20.000 PLN<\/td>\r\n      <td>Aufgeteilt in 3 Zahlungen.<\/td>\r\n    <\/tr>\r\n\r\n    <!-- Portugal -->\r\n    <tr>\r\n      <td>Portugal<\/td>\r\n      <td>Vollst\u00e4ndig bezahlen<\/td>\r\n      <td>0 - 4.000 EUR<\/td>\r\n      <td>Zahlen Sie den gesamten Betrag im Voraus.<\/td>\r\n    <\/tr>\r\n    <tr>\r\n      <td><\/td>\r\n      <td>Sp\u00e4ter bezahlen<\/td>\r\n      <td>0 - 500 EUR<\/td>\r\n      <td>Testen Sie, bevor Sie bezahlen.<\/td>\r\n    <\/tr>\r\n    <tr>\r\n      <td><\/td>\r\n      <td>Bezahlen in 3<\/td>\r\n      <td>1 - 1.500 EUR<\/td>\r\n      <td>Aufgeteilt in 3 Zahlungen.<\/td>\r\n    <\/tr>\r\n\r\n    <!-- Spain -->\r\n    <tr style=\"background-color: #d9d9d9;\">\r\n      <td>Spanien<\/td>\r\n      <td>Vollst\u00e4ndig bezahlen<\/td>\r\n      <td>0 - 4.000 EUR<\/td>\r\n      <td>Zahlen Sie den gesamten Betrag im Voraus.<\/td>\r\n    <\/tr>\r\n    <tr style=\"background-color: #d9d9d9;\">\r\n      <td><\/td>\r\n      <td>Sp\u00e4ter bezahlen<\/td>\r\n      <td>0 - 500 EUR<\/td>\r\n      <td>Testen Sie, bevor Sie bezahlen.<\/td>\r\n    <\/tr>\r\n    <tr style=\"background-color: #d9d9d9;\">\r\n      <td><\/td>\r\n      <td>Bezahlen in 3<\/td>\r\n      <td>1 - 1.500 EUR<\/td>\r\n      <td>Aufgeteilt in 3 Zahlungen.<\/td>\r\n    <\/tr>\r\n\r\n    <!-- Sweden -->\r\n    <tr>\r\n      <td>Schweden<\/td>\r\n      <td>Vollst\u00e4ndig bezahlen<\/td>\r\n      <td>10 - 100.000 SEK<\/td>\r\n      <td>Zahlen Sie den gesamten Betrag im Voraus.<\/td>\r\n    <\/tr>\r\n    <tr>\r\n      <td><\/td>\r\n      <td>Sp\u00e4ter bezahlen<\/td>\r\n      <td>10 - 50.000 SEK<\/td>\r\n      <td>Testen Sie, bevor Sie bezahlen.<\/td>\r\n    <\/tr>\r\n    <tr>\r\n      <td><\/td>\r\n      <td>Bezahlen in 3<\/td>\r\n      <td>100 - 50.000 SEK<\/td>\r\n      <td>Aufgeteilt in 3 Zahlungen.<\/td>\r\n    <\/tr>\r\n  <\/tbody>\r\n<\/table>\t\t\t\t<\/div>\n\t\t\t\t<\/div>\n\t\t\t\t<\/div>\n\t\t\t\t<\/div>\n\t\t\t\t<\/div>","protected":false},"excerpt":{"rendered":"<p>Elektri\u010dni romobil na rate Kupnja elektri\u010dnog romobila nikada nije bila jednostavnija! Ako va\u0161a banka omogu\u0107ava opciju obro\u010dnog pla\u0107anja, svoju kupnju mo\u017eete podijeliti na vi\u0161e rata i tako si olak\u0161ati financijsko optere\u0107enje. Obro\u010dna otplata elektri\u010dnog romobila idealno je rje\u0161enje za sve koji \u017eele ravnomjerno rasporediti tro\u0161kove. Na\u0161a internetska trgovina nema izravnu mogu\u0107nost odabira obro\u010dnog pla\u0107anja. Sve [&hellip;]<\/p>\n","protected":false},"author":1,"featured_media":0,"parent":0,"menu_order":0,"comment_status":"closed","ping_status":"closed","template":"elementor_header_footer","meta":{"footnotes":""},"class_list":["post-1221","page","type-page","status-publish","hentry"],"_links":{"self":[{"href":"https:\/\/electrotraveller.com\/de\/wp-json\/wp\/v2\/pages\/1221","targetHints":{"allow":["GET"]}}],"collection":[{"href":"https:\/\/electrotraveller.com\/de\/wp-json\/wp\/v2\/pages"}],"about":[{"href":"https:\/\/electrotraveller.com\/de\/wp-json\/wp\/v2\/types\/page"}],"author":[{"embeddable":true,"href":"https:\/\/electrotraveller.com\/de\/wp-json\/wp\/v2\/users\/1"}],"replies":[{"embeddable":true,"href":"https:\/\/electrotraveller.com\/de\/wp-json\/wp\/v2\/comments?post=1221"}],"version-history":[{"count":0,"href":"https:\/\/electrotraveller.com\/de\/wp-json\/wp\/v2\/pages\/1221\/revisions"}],"wp:attachment":[{"href":"https:\/\/electrotraveller.com\/de\/wp-json\/wp\/v2\/media?parent=1221"}],"curies":[{"name":"wp","href":"https:\/\/api.w.org\/{rel}","templated":true}]}}