{"id":1101,"date":"2024-06-17T18:03:19","date_gmt":"2024-06-17T18:03:19","guid":{"rendered":"https:\/\/electrotraveller.com\/?page_id=1101"},"modified":"2025-01-15T15:10:29","modified_gmt":"2025-01-15T15:10:29","slug":"elektroroller-reichweitenberechnung","status":"publish","type":"page","link":"https:\/\/electrotraveller.com\/de\/electric-scooter-range-calculator\/","title":{"rendered":"E-Scooter Akku-Reichweiten-Rechner"},"content":{"rendered":"<div data-elementor-type=\"wp-page\" data-elementor-id=\"1101\" class=\"elementor elementor-1101\" data-elementor-post-type=\"page\">\n\t\t\t\t<div class=\"elementor-element elementor-element-3fe4e7c e-con-full e-flex e-con e-parent\" data-id=\"3fe4e7c\" data-element_type=\"container\" data-settings=\"{&quot;background_background&quot;:&quot;classic&quot;}\">\n\t\t<div class=\"elementor-element elementor-element-239beed e-con-full e-flex e-con e-child\" data-id=\"239beed\" data-element_type=\"container\">\n\t\t\t\t<div class=\"elementor-element elementor-element-5c5d668 elementor-widget elementor-widget-heading\" data-id=\"5c5d668\" data-element_type=\"widget\" data-widget_type=\"heading.default\">\n\t\t\t\t<div class=\"elementor-widget-container\">\n\t\t\t\t\t<h1 class=\"elementor-heading-title elementor-size-default\">E-Scooter Akku-Reichweiten-Rechner<\/h1>\t\t\t\t<\/div>\n\t\t\t\t<\/div>\n\t\t\t\t<div class=\"elementor-element elementor-element-0ee5d79 elementor-widget__width-initial elementor-widget elementor-widget-shortcode\" data-id=\"0ee5d79\" data-element_type=\"widget\" data-widget_type=\"shortcode.default\">\n\t\t\t\t<div class=\"elementor-widget-container\">\n\t\t\t\t\t\t\t<div class=\"elementor-shortcode\"><div class=\"formbox-wrapper\"><form action=\"https:\/\/electrotraveller.com\/de\/elektroroller-reichweitenberechnung\/\" name=\"formbox\" class=\"formbox formbox-1\" id=\"calculator_1\" data-trp-original-action=\"https:\/\/electrotraveller.com\/de\/electric-scooter-range-calculator\/\">\n\t\t\t\t\t\t\t\t\t\t\n\t\t\t\t\t\t\t\t\t\t\n\t\t\t\t\t\t\t\t\t\t\n\t\t\t\t\t\t\t\t\t\t\n\t\t\t\t\t\t\t\t\t\t\n\t\t\t\t\t\t\t\t\t\t\n\t\t\t\t\t\t\t\t\t\t\t\t\t\t\t\t\t\t\t<fieldset class=\"formbox__container\"><div class=\"formbox__title\" style=\"box-shadow: none\">Nennleistung des Motors (W)<\/div><div class=\"formbox__body\"><div class=\"formbox__field\" style=\"box-shadow: none\"><label class=\"formbox__field-lable\" for=\"formbox-field-1\">Nennleistung des Motors (W)<\/label><input type=\"number\" class=\"formbox__field-input\" value=\"600\" step=\"0.01\" required=\"\" name=\"formbox-field-1\" id=\"formbox-field-1\"><\/div><\/div> <\/fieldset><fieldset class=\"formbox__container\"><div class=\"formbox__title\" style=\"box-shadow: none\">Batteriespannung (V)<\/div><div class=\"formbox__body\"><div class=\"formbox__field\" style=\"box-shadow: none\"><label class=\"formbox__field-lable\" for=\"formbox-field-2\">Batteriespannung (V)<\/label><input type=\"number\" class=\"formbox__field-input\" value=\"48\" step=\"0.01\" required=\"\" name=\"formbox-field-2\" id=\"formbox-field-2\"><\/div><\/div> <\/fieldset><fieldset class=\"formbox__container\"><div class=\"formbox__title\" style=\"box-shadow: none\">Batteriekapazit\u00e4t (Ah)<\/div><div class=\"formbox__body\"><div class=\"formbox__field\" style=\"box-shadow: none\"><label class=\"formbox__field-lable\" for=\"formbox-field-3\">Batteriekapazit\u00e4t (Ah)<\/label><input type=\"number\" class=\"formbox__field-input\" value=\"10\" step=\"0.01\" required=\"\" name=\"formbox-field-3\" id=\"formbox-field-3\"><\/div><\/div> <\/fieldset><fieldset class=\"formbox__container\"><div class=\"formbox__title\">Fahrer Gewicht (kg)<\/div><div class=\"formbox__body\"><div class=\"formbox__field\"><label class=\"formbox__field-lable\" for=\"formbox-field-4\">Fahrer Gewicht (kg)<\/label><select class=\"formbox__field-select\" name=\"formbox-field-4\" id=\"formbox-field-4\"><option value=\"1\">75 kg \/ 165 lbs<\/option><option value=\"1.08\">55 kg \/ 121 lbs<\/option><option value=\"1.06\">60 kg \/ 132 lbs<\/option><option value=\"1.04\">65 kg \/ 143 lbs<\/option><option value=\"1.02\">70 kg \/ 154 lbs<\/option><option value=\"0.98\">80 kg \/ 176 lbs<\/option><option value=\"0.96\">85 kg \/ 187 lbs<\/option><option value=\"0.94\">90 kg \/ 198 lbs<\/option><option value=\"0.92\">95 kg \/ 209 lbs<\/option><option value=\"0.9\">100 kg \/ 220 lbs<\/option><option value=\"0.88\">105 kg \/ 231 lbs<\/option><option value=\"0.86\">110 kg \/ 243 lbs<\/option><option value=\"0.84\">115 kg \/ 254 lbs<\/option><option value=\"0.82\">120 kg \/ 265 lbs<\/option><option value=\"0.8\">125 kg \/ 276 lbs<\/option><option value=\"0.78\">130 kg \/ 287 lbs<\/option><option value=\"0.76\">135 kg \/ 298 lbs<\/option><option value=\"0.74\">140 kg \/ 309 lbs<\/option><option value=\"0.72\">145 kg \/ 320 lbs<\/option><option value=\"0.7\">150 kg \/ 331 lbs<\/option><\/select><\/div><\/div> <\/fieldset><fieldset class=\"formbox__container\"><div class=\"formbox__title\">Durchschnittliche Fahrgeschwindigkeit (km\/h)<\/div><div class=\"formbox__body\"><div class=\"formbox__field\"><label class=\"formbox__field-lable\" for=\"formbox-field-5\">Durchschnittliche Fahrgeschwindigkeit (km\/h)<\/label><select class=\"formbox__field-select\" name=\"formbox-field-5\" id=\"formbox-field-5\"><option value=\"1\">20 km\/h - 12 mph<\/option><option value=\"0.85\">5 km\/h - 3 mph<\/option><option value=\"0.9\">10 km\/h - 6 mph<\/option><option value=\"0.95\">15 km\/h - 9 mph<\/option><option value=\"1.190829\">25 km\/h - 16 mph<\/option><option value=\"1.381658\">30 km\/h - 19 mph<\/option><option value=\"1.579747\">35 km\/h - 22 mph<\/option><option value=\"1.786448\">40 km\/h - 25 mph<\/option><option value=\"2\">45 km\/h - 28 mph<\/option><option value=\"2.190829\">50 km\/h - 31 mph<\/option><option value=\"2.381658\">55 km\/h - 34 mph<\/option><option value=\"2.579747\">60 km\/h - 37 mph<\/option><option value=\"2.786448\">65 km\/h - 40 mph<\/option><option value=\"3\">70 km\/h - 43 mph<\/option><option value=\"3.190829\">75 km\/h - 47 mph<\/option><option value=\"3.381658\">80 km\/h - 50 mph<\/option><option value=\"3.579747\">85 km\/h - 53 mph<\/option><option value=\"3.786448\">90 km\/h - 56 mph<\/option><\/select><\/div><\/div> <\/fieldset><fieldset class=\"formbox__container\"><div class=\"formbox__title\" style=\"box-shadow: none\">H\u00e4ufigkeit der Unterbrechungen<\/div><div class=\"formbox__body\"><div class=\"formbox__field\" style=\"box-shadow: none\"><label class=\"formbox__field-lable\" for=\"formbox-field-6\">H\u00e4ufigkeit der Unterbrechungen<\/label><select class=\"formbox__field-select\" name=\"formbox-field-6\" id=\"formbox-field-6\"><option value=\"1\">Nicht aufh\u00f6ren<\/option><option value=\"1.099918\">Mittel<\/option><option value=\"1.2\">Hoch<\/option><\/select><\/div><\/div> <\/fieldset><fieldset class=\"formbox__container\"><div class=\"formbox__title\" style=\"box-shadow: none\">Berg-Vorkommen<\/div><div class=\"formbox__body\"><div class=\"formbox__field\" style=\"box-shadow: none\"><label class=\"formbox__field-lable\" for=\"formbox-field-7\">Berg-Vorkommen<\/label><select class=\"formbox__field-select\" name=\"formbox-field-7\" id=\"formbox-field-7\"><option value=\"1\">Keine H\u00fcgel<\/option><option value=\"1.099918\">Mittel<\/option><option value=\"1.20004\">Hoch<\/option><\/select><\/div><\/div> <\/fieldset><fieldset class=\"formbox__container\"><div class=\"formbox__title\">Au\u00dfentemperatur (\u00b0C)<\/div><div class=\"formbox__body\"><div class=\"formbox__field\"><label class=\"formbox__field-lable\" for=\"formbox-field-8\">Au\u00dfentemperatur (\u00b0C)<\/label><select class=\"formbox__field-select\" name=\"formbox-field-8\" id=\"formbox-field-8\"><option value=\"1\">20\u00b0C \/ 68\u00b0F<\/option><option value=\"0.4\">-20\u00b0C \/ -4\u00b0F<\/option><option value=\"0.45\">-15\u00b0C \/ 5\u00b0F<\/option><option value=\"0.5\">-10\u00b0C \/ 14\u00b0F<\/option><option value=\"0.6\">-5\u00b0C \/ 23\u00b0F<\/option><option value=\"0.7\">0\u00b0C \/ 32\u00b0F<\/option><option value=\"0.8\">5\u00b0C \/ 41\u00b0F<\/option><option value=\"0.85\">10\u00b0C \/ 50\u00b0F<\/option><option value=\"1\">15\u00b0C \/ 59\u00b0F<\/option><option value=\"0.9\">25\u00b0C \/ 77\u00b0F<\/option><option value=\"0.85\">30\u00b0C \/ 86\u00b0F<\/option><option value=\"0.8\">35\u00b0C \/ 95\u00b0F<\/option><option value=\"0.7\">40\u00b0C \/ 104\u00b0F<\/option><option value=\"0.5\">45\u00b0C \/ 113\u00b0F<\/option><option value=\"0.4\">50\u00b0C \/ 122\u00b0F<\/option><\/select><\/div><\/div> <\/fieldset><fieldset class=\"formbox__container\"><div class=\"formbox__title\" style=\"box-shadow: none\"><\/div><div class=\"formbox__body\"><div class=\"formbox__btn\"><button class=\"formbox__btn-calc\">Berechnen Sie<\/button><button type=\"reset\" class=\"formbox__btn-reset\">Zur\u00fccksetzen<\/button><\/div><\/div> <\/fieldset><fieldset class=\"formbox__container has-result is-hidden\"><div class=\"formbox__title\" style=\"box-shadow: none\"><\/div><div class=\"formbox__body\"><div class=\"formbox__field is-result has-addon is-right\" style=\"box-shadow: none\"><span class=\"formbox__field-addon\">km<\/span><label class=\"formbox__field-lable\" for=\"formbox-field-9\"><\/label><input type=\"text\" class=\"formbox__field-result\" readonly=\"\" name=\"formbox-field-9\" id=\"formbox-field-9\"><\/div><\/div> <\/fieldset>\t\t\t\t\t\t\t\t\t\t\t\t\t\t\t\t\t\t\t\t\t\t\t\t\t\t\t<fieldset class=\"formbox__container has-result is-hidden\"><div class=\"formbox__title\"><\/div><div class=\"formbox__body\"><div class=\"formbox__field is-result has-addon is-right\"><span class=\"formbox__field-addon\">Meilen<\/span><label class=\"formbox__field-lable\" for=\"formbox-field-10\"><\/label><input type=\"text\" class=\"formbox__field-result\" readonly=\"\" name=\"formbox-field-10\" id=\"formbox-field-10\"><\/div><\/div> <\/fieldset>\t\t\t\t\t\t\t\t\t\t\t\t\t\t\t\t\t\t\t\t\t\t\t\t\t\t\t<input type=\"hidden\" class=\"calc-not-change\"><input type=\"hidden\" name=\"trp-form-language\" value=\"de\"\/><\/form><\/div><\/div>\n\t\t\t\t\t\t<\/div>\n\t\t\t\t<\/div>\n\t\t\t\t<\/div>\n\t\t\t\t<\/div>\n\t\t<div class=\"elementor-element elementor-element-108f6c3 e-con-full e-flex e-con e-parent\" data-id=\"108f6c3\" data-element_type=\"container\" data-settings=\"{&quot;background_background&quot;:&quot;classic&quot;}\">\n\t\t<div class=\"elementor-element elementor-element-9a03554 e-con-full e-flex e-con e-child\" data-id=\"9a03554\" data-element_type=\"container\">\n\t\t\t\t<div class=\"elementor-element elementor-element-cfb9e88 elementor-widget elementor-widget-heading\" data-id=\"cfb9e88\" data-element_type=\"widget\" data-widget_type=\"heading.default\">\n\t\t\t\t<div class=\"elementor-widget-container\">\n\t\t\t\t\t<div class=\"elementor-heading-title elementor-size-default\">Haftungsausschluss<\/div>\t\t\t\t<\/div>\n\t\t\t\t<\/div>\n\t\t\t\t<div class=\"elementor-element elementor-element-725b0fd elementor-widget__width-initial elementor-widget elementor-widget-text-editor\" data-id=\"725b0fd\" data-element_type=\"widget\" data-widget_type=\"text-editor.default\">\n\t\t\t\t<div class=\"elementor-widget-container\">\n\t\t\t\t\t\t\t\t\t<p>Die Reichweite (Autonomie) eines E-Scooters weicht oft von den Angaben des Herstellers ab. Da es kein standardisiertes Protokoll zur Messung der Reichweite gibt, misst jeder Hersteller sie auf seine eigene, meist g\u00fcnstigste Weise. Die meisten Hersteller messen die Reichweite bei konstanter Geschwindigkeit, im ECO-Modus, mit einem Fahrer von etwa 70 Kilogramm Gewicht, ohne Stopps oder Steigungen und bei einer Umgebungstemperatur zwischen 20 und 25 Grad Celsius.<\/p><p>Obwohl E-Scooter sehr praktisch sind, h\u00e4ngt die Reichweite von mehreren Faktoren ab. Ein wichtiger Faktor, der die Reichweite eines E-Scooters beeinflusst, ist die Temperatur. Kalte Luft kann den Energieverbrauch erh\u00f6hen und die Reichweite des Rollers verringern. Ein weiterer wichtiger Faktor ist das Terrain. Das Fahren an steilen H\u00e4ngen kann die Reichweite verringern, w\u00e4hrend flache Oberfl\u00e4chen die Batterieleistung positiv beeinflussen. Auch die Geschwindigkeit wirkt sich auf die Reichweite aus, da h\u00f6here Geschwindigkeiten den Energieverbrauch erh\u00f6hen und die Reichweite verringern.<\/p><p>Um die Reichweite eines E-Scooters abzusch\u00e4tzen, bieten wir einen Rechner f\u00fcr eine informative Reichweitensch\u00e4tzung an. Der Rechner basiert auf einem Durchschnitt verschiedener Faktoren und kann Ihnen helfen, eine Vorstellung von der Reichweite Ihres Rollers zu bekommen. Es ist jedoch wichtig zu beachten, dass diese Berechnungen nur ann\u00e4hernd sind und keine Genauigkeit garantieren k\u00f6nnen. Die tats\u00e4chliche Autonomie kann je nach Faktoren wie Reifendruck, Fahrbahnbelag und Alter der Batterie, die im Rechner nicht ber\u00fccksichtigt werden, variieren.<\/p>\t\t\t\t\t\t\t\t<\/div>\n\t\t\t\t<\/div>\n\t\t\t\t<\/div>\n\t\t\t\t<\/div>\n\t\t<div class=\"elementor-element elementor-element-9320457 e-con-full e-flex e-con e-child\" data-id=\"9320457\" data-element_type=\"container\" data-settings=\"{&quot;background_background&quot;:&quot;classic&quot;}\">\n\t\t\t\t<div class=\"elementor-element elementor-element-22a1543 elementor-widget elementor-widget-image\" data-id=\"22a1543\" data-element_type=\"widget\" data-widget_type=\"image.default\">\n\t\t\t\t<div class=\"elementor-widget-container\">\n\t\t\t\t\t\t\t\t\t\t\t\t\t\t\t<img decoding=\"async\" width=\"340\" height=\"45\" src=\"https:\/\/electrotraveller.com\/wp-content\/uploads\/2024\/06\/elektron-scooters-logo-.svg\" class=\"attachment-large size-large wp-image-1275\" alt=\"\" \/>\t\t\t\t\t\t\t\t\t\t\t\t\t\t\t<\/div>\n\t\t\t\t<\/div>\n\t\t\t\t<div class=\"elementor-element elementor-element-7765598 elementor-widget elementor-widget-text-editor\" data-id=\"7765598\" data-element_type=\"widget\" data-widget_type=\"text-editor.default\">\n\t\t\t\t<div class=\"elementor-widget-container\">\n\t\t\t\t\t\t\t\t\t<p>ELEKTRON KINETIK \/ <span style=\"color: #3366ff;\">PRO<\/span> \/ <span style=\"color: #ff0000;\">GTR<\/span>\u00a0<\/p><p>Elektron Elektroscooter bieten hohe Leistung, au\u00dfergew\u00f6hnliche Funktionalit\u00e4t und bemerkenswerte Haltbarkeit. Sie sind auf Vielseitigkeit unter allen Bedingungen ausgelegt.<\/p>\t\t\t\t\t\t\t\t<\/div>\n\t\t\t\t<\/div>\n\t\t\t\t<div class=\"elementor-element elementor-element-2e5352f elementor-widget elementor-widget-text-editor\" data-id=\"2e5352f\" data-element_type=\"widget\" data-widget_type=\"text-editor.default\">\n\t\t\t\t<div class=\"elementor-widget-container\">\n\t\t\t\t\t\t\t\t\tAusgehend von <span class=\"woocs_price_code\" data-currency=\"\" data-redraw-id=\"69ef814e9854a\"  data-product-id=\"1898\"><del aria-hidden=\"true\"><span class=\"woocommerce-Price-amount amount\"><bdi>1.549,00<span class=\"woocommerce-Price-currencySymbol\">\u20ac<\/span><\/bdi><\/span><\/del> <span class=\"screen-reader-text\">Urspr\u00fcnglicher Preis war: 1.549,00\u20ac<\/span><ins aria-hidden=\"true\"><span class=\"woocommerce-Price-amount amount\"><bdi>999,00<span class=\"woocommerce-Price-currencySymbol\">\u20ac<\/span><\/bdi><\/span><\/ins><span class=\"screen-reader-text\">Aktueller Preis ist: 999,00\u20ac.<\/span><\/span>\t\t\t\t\t\t\t\t<\/div>\n\t\t\t\t<\/div>\n\t\t<div class=\"elementor-element elementor-element-165f129 e-con-full e-flex e-con e-child\" data-id=\"165f129\" data-element_type=\"container\">\n\t\t\t\t<div class=\"elementor-element elementor-element-0f36246 elementor-align-center animated-gradient elementor-hidden-desktop elementor-hidden-tablet elementor-hidden-mobile elementor-widget elementor-widget-button\" data-id=\"0f36246\" data-element_type=\"widget\" data-widget_type=\"button.default\">\n\t\t\t\t<div class=\"elementor-widget-container\">\n\t\t\t\t\t\t\t\t\t<div class=\"elementor-button-wrapper\">\n\t\t\t\t\t<a class=\"elementor-button elementor-button-link elementor-size-sm\" href=\"http:\/\/elektronscooters.com\" target=\"_blank\" rel=\"noopener\">\n\t\t\t\t\t\t<span class=\"elementor-button-content-wrapper\">\n\t\t\t\t\t\t<span class=\"elementor-button-icon\">\n\t\t\t\t<svg aria-hidden=\"true\" class=\"e-font-icon-svg e-fas-link\" viewbox=\"0 0 512 512\" xmlns=\"http:\/\/www.w3.org\/2000\/svg\"><path d=\"M326.612 185.391c59.747 59.809 58.927 155.698.36 214.59-.11.12-.24.25-.36.37l-67.2 67.2c-59.27 59.27-155.699 59.262-214.96 0-59.27-59.26-59.27-155.7 0-214.96l37.106-37.106c9.84-9.84 26.786-3.3 27.294 10.606.648 17.722 3.826 35.527 9.69 52.721 1.986 5.822.567 12.262-3.783 16.612l-13.087 13.087c-28.026 28.026-28.905 73.66-1.155 101.96 28.024 28.579 74.086 28.749 102.325.51l67.2-67.19c28.191-28.191 28.073-73.757 0-101.83-3.701-3.694-7.429-6.564-10.341-8.569a16.037 16.037 0 0 1-6.947-12.606c-.396-10.567 3.348-21.456 11.698-29.806l21.054-21.055c5.521-5.521 14.182-6.199 20.584-1.731a152.482 152.482 0 0 1 20.522 17.197zM467.547 44.449c-59.261-59.262-155.69-59.27-214.96 0l-67.2 67.2c-.12.12-.25.25-.36.37-58.566 58.892-59.387 154.781.36 214.59a152.454 152.454 0 0 0 20.521 17.196c6.402 4.468 15.064 3.789 20.584-1.731l21.054-21.055c8.35-8.35 12.094-19.239 11.698-29.806a16.037 16.037 0 0 0-6.947-12.606c-2.912-2.005-6.64-4.875-10.341-8.569-28.073-28.073-28.191-73.639 0-101.83l67.2-67.19c28.239-28.239 74.3-28.069 102.325.51 27.75 28.3 26.872 73.934-1.155 101.96l-13.087 13.087c-4.35 4.35-5.769 10.79-3.783 16.612 5.864 17.194 9.042 34.999 9.69 52.721.509 13.906 17.454 20.446 27.294 10.606l37.106-37.106c59.271-59.259 59.271-155.699.001-214.959z\"><\/path><\/svg>\t\t\t<\/span>\n\t\t\t\t\t\t\t\t\t<span class=\"elementor-button-text\">Bitte besuchen Sie elektronscooters.com <\/span>\n\t\t\t\t\t<\/span>\n\t\t\t\t\t<\/a>\n\t\t\t\t<\/div>\n\t\t\t\t\t\t\t\t<\/div>\n\t\t\t\t<\/div>\n\t\t\t\t<div class=\"elementor-element elementor-element-3af2624 elementor-align-center animated-gradient elementor-widget elementor-widget-button\" data-id=\"3af2624\" data-element_type=\"widget\" data-widget_type=\"button.default\">\n\t\t\t\t<div class=\"elementor-widget-container\">\n\t\t\t\t\t\t\t\t\t<div class=\"elementor-button-wrapper\">\n\t\t\t\t\t<a class=\"elementor-button elementor-button-link elementor-size-sm\" href=\"https:\/\/electrotraveller.com\/de\/dev\/produkt-kategorie\/e-scooter-3\/brands\/elektronisch\/\">\n\t\t\t\t\t\t<span class=\"elementor-button-content-wrapper\">\n\t\t\t\t\t\t<span class=\"elementor-button-icon\">\n\t\t\t\t<svg aria-hidden=\"true\" class=\"e-font-icon-svg e-far-hand-point-up\" viewbox=\"0 0 448 512\" xmlns=\"http:\/\/www.w3.org\/2000\/svg\"><path d=\"M105.6 83.2v86.177a115.52 115.52 0 0 0-22.4-2.176c-47.914 0-83.2 35.072-83.2 92 0 45.314 48.537 57.002 78.784 75.707 12.413 7.735 23.317 16.994 33.253 25.851l.146.131.148.129C129.807 376.338 136 384.236 136 391.2v2.679c-4.952 5.747-8 13.536-8 22.12v64c0 17.673 12.894 32 28.8 32h230.4c15.906 0 28.8-14.327 28.8-32v-64c0-8.584-3.048-16.373-8-22.12V391.2c0-28.688 40-67.137 40-127.2v-21.299c0-62.542-38.658-98.8-91.145-99.94-17.813-12.482-40.785-18.491-62.791-15.985A93.148 93.148 0 0 0 272 118.847V83.2C272 37.765 234.416 0 188.8 0c-45.099 0-83.2 38.101-83.2 83.2zm118.4 0v91.026c14.669-12.837 42.825-14.415 61.05 4.95 19.646-11.227 45.624-1.687 53.625 12.925 39.128-6.524 61.325 10.076 61.325 50.6V264c0 45.491-35.913 77.21-39.676 120H183.571c-2.964-25.239-21.222-42.966-39.596-59.075-12.65-11.275-25.3-21.725-39.875-30.799C80.712 279.645 48 267.994 48 259.2c0-23.375 8.8-44 35.2-44 35.2 0 53.075 26.4 70.4 26.4V83.2c0-18.425 16.5-35.2 35.2-35.2 18.975 0 35.2 16.225 35.2 35.2zM352 424c13.255 0 24 10.745 24 24s-10.745 24-24 24-24-10.745-24-24 10.745-24 24-24z\"><\/path><\/svg>\t\t\t<\/span>\n\t\t\t\t\t\t\t\t\t<span class=\"elementor-button-text\">Besuchen Sie Elektron<\/span>\n\t\t\t\t\t<\/span>\n\t\t\t\t\t<\/a>\n\t\t\t\t<\/div>\n\t\t\t\t\t\t\t\t<\/div>\n\t\t\t\t<\/div>\n\t\t\t\t<\/div>\n\t\t\t\t<\/div>\n\t\t\t\t<\/div>","protected":false},"excerpt":{"rendered":"<p>Electric Scooter Battery Range Calculator Disclaimer The range (autonomy) of an electric scooter often differs from the figure provided by the manufacturer. Since there is no standardized protocol for measuring range, each manufacturer measures it in their own, usually most favorable, way. Most manufacturers measure range at a constant speed, in ECO mode, with a [&hellip;]<\/p>\n","protected":false},"author":1,"featured_media":0,"parent":0,"menu_order":0,"comment_status":"closed","ping_status":"closed","template":"elementor_header_footer","meta":{"footnotes":""},"class_list":["post-1101","page","type-page","status-publish","hentry"],"_links":{"self":[{"href":"https:\/\/electrotraveller.com\/de\/wp-json\/wp\/v2\/pages\/1101","targetHints":{"allow":["GET"]}}],"collection":[{"href":"https:\/\/electrotraveller.com\/de\/wp-json\/wp\/v2\/pages"}],"about":[{"href":"https:\/\/electrotraveller.com\/de\/wp-json\/wp\/v2\/types\/page"}],"author":[{"embeddable":true,"href":"https:\/\/electrotraveller.com\/de\/wp-json\/wp\/v2\/users\/1"}],"replies":[{"embeddable":true,"href":"https:\/\/electrotraveller.com\/de\/wp-json\/wp\/v2\/comments?post=1101"}],"version-history":[{"count":0,"href":"https:\/\/electrotraveller.com\/de\/wp-json\/wp\/v2\/pages\/1101\/revisions"}],"wp:attachment":[{"href":"https:\/\/electrotraveller.com\/de\/wp-json\/wp\/v2\/media?parent=1101"}],"curies":[{"name":"wp","href":"https:\/\/api.w.org\/{rel}","templated":true}]}}