{"id":9992,"date":"2026-01-17T16:43:57","date_gmt":"2026-01-17T16:43:57","guid":{"rendered":"https:\/\/electrotraveller.com\/?post_type=product&#038;p=9992"},"modified":"2026-03-10T20:55:24","modified_gmt":"2026-03-10T19:55:24","slug":"pneumatiky-10x275-65-do-mesta","status":"publish","type":"product","link":"https:\/\/electrotraveller.com\/cz\/electric-scooter-spare-parts\/10x275-65-pneumatic-city-tire\/","title":{"rendered":"Pneumatika 10\u00d72.75-6.5 pro elektrick\u00fd sk\u00fatr \/\/ Pneumatiky"},"content":{"rendered":"","protected":false},"excerpt":{"rendered":"","protected":false},"featured_media":9993,"comment_status":"open","ping_status":"closed","template":"","meta":[],"product_brand":[],"product_cat":[30,79,39],"product_tag":[],"class_list":{"0":"post-9992","1":"product","2":"type-product","3":"status-publish","4":"has-post-thumbnail","6":"product_cat-electric-scooter-spare-parts","7":"product_cat-electric-scooter-pneumatic-tires","8":"product_cat-electric-scooter-tires","9":"product_shipping_class-up-to-2-kg","11":"first","12":"instock","13":"taxable","14":"shipping-taxable","15":"purchasable","16":"product-type-simple"},"_links":{"self":[{"href":"https:\/\/electrotraveller.com\/cz\/wp-json\/wp\/v2\/product\/9992","targetHints":{"allow":["GET"]}}],"collection":[{"href":"https:\/\/electrotraveller.com\/cz\/wp-json\/wp\/v2\/product"}],"about":[{"href":"https:\/\/electrotraveller.com\/cz\/wp-json\/wp\/v2\/types\/product"}],"replies":[{"embeddable":true,"href":"https:\/\/electrotraveller.com\/cz\/wp-json\/wp\/v2\/comments?post=9992"}],"wp:featuredmedia":[{"embeddable":true,"href":"https:\/\/electrotraveller.com\/cz\/wp-json\/wp\/v2\/media\/9993"}],"wp:attachment":[{"href":"https:\/\/electrotraveller.com\/cz\/wp-json\/wp\/v2\/media?parent=9992"}],"wp:term":[{"taxonomy":"product_brand","embeddable":true,"href":"https:\/\/electrotraveller.com\/cz\/wp-json\/wp\/v2\/product_brand?post=9992"},{"taxonomy":"product_cat","embeddable":true,"href":"https:\/\/electrotraveller.com\/cz\/wp-json\/wp\/v2\/product_cat?post=9992"},{"taxonomy":"product_tag","embeddable":true,"href":"https:\/\/electrotraveller.com\/cz\/wp-json\/wp\/v2\/product_tag?post=9992"}],"curies":[{"name":"wp","href":"https:\/\/api.w.org\/{rel}","templated":true}]}}