{"id":8530,"date":"2025-08-03T14:30:34","date_gmt":"2025-08-03T14:30:34","guid":{"rendered":"https:\/\/electrotraveller.com\/?post_type=product&#038;p=8530"},"modified":"2025-08-06T14:04:41","modified_gmt":"2025-08-06T14:04:41","slug":"predni-nosic-spadz-pro-elektricke-kolo","status":"publish","type":"product","link":"https:\/\/electrotraveller.com\/cz\/electric-bike-accessories\/a-spadz-front-rack-for-electric-bike\/","title":{"rendered":"P\u0159edn\u00ed nosi\u010d A-Spadz pro elektrick\u00e9 kolo"},"content":{"rendered":"","protected":false},"excerpt":{"rendered":"","protected":false},"featured_media":8776,"comment_status":"open","ping_status":"closed","template":"","meta":[],"product_brand":[],"product_cat":[256,258],"product_tag":[],"class_list":{"0":"post-8530","1":"product","2":"type-product","3":"status-publish","4":"has-post-thumbnail","6":"product_cat-electric-bike-accessories","7":"product_cat-a-spadz-accessories-electric-bike","8":"product_shipping_class-up-to-2-kg","10":"first","11":"instock","12":"taxable","13":"shipping-taxable","14":"purchasable","15":"product-type-simple"},"_links":{"self":[{"href":"https:\/\/electrotraveller.com\/cz\/wp-json\/wp\/v2\/product\/8530","targetHints":{"allow":["GET"]}}],"collection":[{"href":"https:\/\/electrotraveller.com\/cz\/wp-json\/wp\/v2\/product"}],"about":[{"href":"https:\/\/electrotraveller.com\/cz\/wp-json\/wp\/v2\/types\/product"}],"replies":[{"embeddable":true,"href":"https:\/\/electrotraveller.com\/cz\/wp-json\/wp\/v2\/comments?post=8530"}],"wp:featuredmedia":[{"embeddable":true,"href":"https:\/\/electrotraveller.com\/cz\/wp-json\/wp\/v2\/media\/8776"}],"wp:attachment":[{"href":"https:\/\/electrotraveller.com\/cz\/wp-json\/wp\/v2\/media?parent=8530"}],"wp:term":[{"taxonomy":"product_brand","embeddable":true,"href":"https:\/\/electrotraveller.com\/cz\/wp-json\/wp\/v2\/product_brand?post=8530"},{"taxonomy":"product_cat","embeddable":true,"href":"https:\/\/electrotraveller.com\/cz\/wp-json\/wp\/v2\/product_cat?post=8530"},{"taxonomy":"product_tag","embeddable":true,"href":"https:\/\/electrotraveller.com\/cz\/wp-json\/wp\/v2\/product_tag?post=8530"}],"curies":[{"name":"wp","href":"https:\/\/api.w.org\/{rel}","templated":true}]}}