{"id":8028,"date":"2025-07-04T11:57:17","date_gmt":"2025-07-04T11:57:17","guid":{"rendered":"https:\/\/electrotraveller.com\/?post_type=product&#038;p=8028"},"modified":"2026-02-02T13:28:56","modified_gmt":"2026-02-02T13:28:56","slug":"okai-ceetle-pro-black","status":"publish","type":"product","link":"https:\/\/electrotraveller.com\/cz\/electric-scooters\/okai-ceetle-pro-black\/","title":{"rendered":"OKAI Ceetle Pro EA10C Elektrick\u00e1 kolob\u011b\u017eka \/\/ \u010dern\u00e1"},"content":{"rendered":"","protected":false},"excerpt":{"rendered":"","protected":false},"featured_media":8311,"comment_status":"open","ping_status":"closed","template":"","meta":[],"product_brand":[],"product_cat":[22,40,55],"product_tag":[],"class_list":{"0":"post-8028","1":"product","2":"type-product","3":"status-publish","4":"has-post-thumbnail","6":"product_cat-electric-scooters","7":"product_cat-electric-scooter-brands","8":"product_cat-okai","9":"product_shipping_class-up-to-40-kg","11":"first","12":"instock","13":"sale","14":"taxable","15":"shipping-taxable","16":"purchasable","17":"product-type-simple"},"_links":{"self":[{"href":"https:\/\/electrotraveller.com\/cz\/wp-json\/wp\/v2\/product\/8028","targetHints":{"allow":["GET"]}}],"collection":[{"href":"https:\/\/electrotraveller.com\/cz\/wp-json\/wp\/v2\/product"}],"about":[{"href":"https:\/\/electrotraveller.com\/cz\/wp-json\/wp\/v2\/types\/product"}],"replies":[{"embeddable":true,"href":"https:\/\/electrotraveller.com\/cz\/wp-json\/wp\/v2\/comments?post=8028"}],"wp:featuredmedia":[{"embeddable":true,"href":"https:\/\/electrotraveller.com\/cz\/wp-json\/wp\/v2\/media\/8311"}],"wp:attachment":[{"href":"https:\/\/electrotraveller.com\/cz\/wp-json\/wp\/v2\/media?parent=8028"}],"wp:term":[{"taxonomy":"product_brand","embeddable":true,"href":"https:\/\/electrotraveller.com\/cz\/wp-json\/wp\/v2\/product_brand?post=8028"},{"taxonomy":"product_cat","embeddable":true,"href":"https:\/\/electrotraveller.com\/cz\/wp-json\/wp\/v2\/product_cat?post=8028"},{"taxonomy":"product_tag","embeddable":true,"href":"https:\/\/electrotraveller.com\/cz\/wp-json\/wp\/v2\/product_tag?post=8028"}],"curies":[{"name":"wp","href":"https:\/\/api.w.org\/{rel}","templated":true}]}}