{"id":2867,"date":"2024-11-29T12:54:56","date_gmt":"2024-11-29T12:54:56","guid":{"rendered":"https:\/\/electrotraveller.com\/?post_type=product&#038;p=2867"},"modified":"2026-03-17T19:46:17","modified_gmt":"2026-03-17T18:46:17","slug":"brzdove-desticky-polokovove","status":"publish","type":"product","link":"https:\/\/electrotraveller.com\/cz\/electric-scooter-spare-parts\/brake-pads-semi-metal\/","title":{"rendered":"ZOOM Brzdov\u00e9 desti\u010dky pro elektrick\u00e1 kolob\u011b\u017eka, polokovov\u00e9"},"content":{"rendered":"","protected":false},"excerpt":{"rendered":"","protected":false},"featured_media":4272,"comment_status":"open","ping_status":"closed","template":"","meta":[],"product_brand":[],"product_cat":[30],"product_tag":[148,163,167,242,243,161],"class_list":{"0":"post-2867","1":"product","2":"type-product","3":"status-publish","4":"has-post-thumbnail","6":"product_cat-electric-scooter-spare-parts","7":"product_tag-elektron-kinetik-parts","8":"product_tag-joyor-s10-parts","9":"product_tag-joyor-s8-parts","10":"product_tag-kukirin-g2-master-parts","11":"product_tag-kukirin-g4-parts","12":"product_tag-vsett-10-parts","13":"product_shipping_class-up-to-2-kg","15":"first","16":"instock","17":"taxable","18":"shipping-taxable","19":"purchasable","20":"product-type-simple"},"_links":{"self":[{"href":"https:\/\/electrotraveller.com\/cz\/wp-json\/wp\/v2\/product\/2867","targetHints":{"allow":["GET"]}}],"collection":[{"href":"https:\/\/electrotraveller.com\/cz\/wp-json\/wp\/v2\/product"}],"about":[{"href":"https:\/\/electrotraveller.com\/cz\/wp-json\/wp\/v2\/types\/product"}],"replies":[{"embeddable":true,"href":"https:\/\/electrotraveller.com\/cz\/wp-json\/wp\/v2\/comments?post=2867"}],"wp:featuredmedia":[{"embeddable":true,"href":"https:\/\/electrotraveller.com\/cz\/wp-json\/wp\/v2\/media\/4272"}],"wp:attachment":[{"href":"https:\/\/electrotraveller.com\/cz\/wp-json\/wp\/v2\/media?parent=2867"}],"wp:term":[{"taxonomy":"product_brand","embeddable":true,"href":"https:\/\/electrotraveller.com\/cz\/wp-json\/wp\/v2\/product_brand?post=2867"},{"taxonomy":"product_cat","embeddable":true,"href":"https:\/\/electrotraveller.com\/cz\/wp-json\/wp\/v2\/product_cat?post=2867"},{"taxonomy":"product_tag","embeddable":true,"href":"https:\/\/electrotraveller.com\/cz\/wp-json\/wp\/v2\/product_tag?post=2867"}],"curies":[{"name":"wp","href":"https:\/\/api.w.org\/{rel}","templated":true}]}}