{"id":2651,"date":"2024-07-26T17:20:35","date_gmt":"2024-07-26T17:20:35","guid":{"rendered":"https:\/\/electrotraveller.com\/?post_type=product&#038;p=2651"},"modified":"2026-04-29T19:42:46","modified_gmt":"2026-04-29T17:42:46","slug":"plna-pneumatika-85-20-2","status":"publish","type":"product","link":"https:\/\/electrotraveller.com\/cz\/electric-scooter-spare-parts\/solid-tire-85-20-2\/","title":{"rendered":"Pevn\u00e1 pneumatika pro elektrick\u00e1 kolob\u011b\u017eka XIAOMI 8,5 * 2,0\u2033 \/\/ Honeycomb"},"content":{"rendered":"","protected":false},"excerpt":{"rendered":"","protected":false},"featured_media":2747,"comment_status":"open","ping_status":"closed","template":"","meta":[],"product_brand":[],"product_cat":[30,77,39],"product_tag":[217,108,221,219,99,100,181,106,107,102,103,104,105],"class_list":{"0":"post-2651","1":"product","2":"type-product","3":"status-publish","4":"has-post-thumbnail","6":"product_cat-electric-scooter-spare-parts","7":"product_cat-electric-scooter-solid-tires","8":"product_cat-electric-scooter-tires","9":"product_tag-blaupunkt-esc808-parts","10":"product_tag-cecotec-bongo-serie-a-parts","11":"product_tag-dualtron-mini-parts","12":"product_tag-dualtron-togo-parts","13":"product_tag-xiaomi-parts","14":"product_tag-xiaomi-1s-parts","15":"product_tag-xiaomi-3-parts","16":"product_tag-xiaomi-essential-parts","17":"product_tag-xiaomi-lite-parts","18":"product_tag-xiaomi-m365-parts","19":"product_tag-xiaomi-mi3-parts","20":"product_tag-xiaomi-pro-parts","21":"product_tag-xiaomi-pro-2-parts","22":"product_shipping_class-up-to-2-kg","24":"first","25":"instock","26":"taxable","27":"shipping-taxable","28":"purchasable","29":"product-type-simple"},"_links":{"self":[{"href":"https:\/\/electrotraveller.com\/cz\/wp-json\/wp\/v2\/product\/2651","targetHints":{"allow":["GET"]}}],"collection":[{"href":"https:\/\/electrotraveller.com\/cz\/wp-json\/wp\/v2\/product"}],"about":[{"href":"https:\/\/electrotraveller.com\/cz\/wp-json\/wp\/v2\/types\/product"}],"replies":[{"embeddable":true,"href":"https:\/\/electrotraveller.com\/cz\/wp-json\/wp\/v2\/comments?post=2651"}],"wp:featuredmedia":[{"embeddable":true,"href":"https:\/\/electrotraveller.com\/cz\/wp-json\/wp\/v2\/media\/2747"}],"wp:attachment":[{"href":"https:\/\/electrotraveller.com\/cz\/wp-json\/wp\/v2\/media?parent=2651"}],"wp:term":[{"taxonomy":"product_brand","embeddable":true,"href":"https:\/\/electrotraveller.com\/cz\/wp-json\/wp\/v2\/product_brand?post=2651"},{"taxonomy":"product_cat","embeddable":true,"href":"https:\/\/electrotraveller.com\/cz\/wp-json\/wp\/v2\/product_cat?post=2651"},{"taxonomy":"product_tag","embeddable":true,"href":"https:\/\/electrotraveller.com\/cz\/wp-json\/wp\/v2\/product_tag?post=2651"}],"curies":[{"name":"wp","href":"https:\/\/api.w.org\/{rel}","templated":true}]}}