{"id":1904,"date":"2024-06-26T18:41:03","date_gmt":"2024-06-26T18:41:03","guid":{"rendered":"https:\/\/electrotraveller.com\/?post_type=product&#038;p=1904"},"modified":"2025-07-17T07:38:18","modified_gmt":"2025-07-17T07:38:18","slug":"elektron-kinetik-pro","status":"publish","type":"product","link":"https:\/\/electrotraveller.com\/cz\/electric-scooters\/elektron-kinetik-pro\/","title":{"rendered":"Elektrick\u00e1 kolob\u011b\u017eka Elektron Kinetik PRO"},"content":{"rendered":"","protected":false},"excerpt":{"rendered":"<p><span style=\"color: #0000ff;\">Rychl\u00e9 nab\u00edjen\u00ed s p\u0159\u00eddavnou nab\u00edje\u010dkou<\/span><br \/>\n<span style=\"color: #0000ff;\">Mo\u017enost volby sedadla<\/span><\/p>\n<p>Elektrick\u00fd sk\u00fatr Elektron Kinetik GTR je l\u00eddrem sv\u00e9 kategorie v oblasti elektrick\u00e9 mobility a je ur\u010den pro ty, kte\u0159\u00ed hledaj\u00ed vysok\u00fd v\u00fdkon a spolehlivost. Je vybaven dv\u011bma v\u00fdkonn\u00fdmi motory, kter\u00e9 poskytuj\u00ed celkov\u00fd v\u00fdkon. <strong>Jmenovit\u00fd v\u00fdkon 2800 W<\/strong> a maxim\u00e1ln\u00edm v\u00fdkonem a\u017e 3800 W dosahuje Elektron Kinetik GTR rychlost\u00ed a\u017e. <strong>do 75 km\/h<\/strong>, s bezpe\u010dnostn\u00edm limitem 25 km\/h. Se schopnost\u00ed zvl\u00e1dnout svahy se sklonem a\u017e 30\u00b0 a dojezdem a\u017e 30 km. <strong>90 km<\/strong>, co\u017e je mo\u017en\u00e9 d\u00edky kapacit\u011b baterie 23,4 Ah p\u0159i nap\u011bt\u00ed 60 V, nastavuje tento sk\u00fatr vysok\u00e9 standardy.<\/p>\n<p>Pokro\u010dil\u00e9 sinusov\u00e9 regul\u00e1tory zaji\u0161\u0165uj\u00ed ti\u0161\u0161\u00ed provoz, rychlej\u0161\u00ed odezvu a konstantn\u00ed rychlost, zat\u00edmco <strong>barevn\u00fd TFT displej<\/strong> poskytuje rozs\u00e1hl\u00e9 informace o j\u00edzd\u011b a spole\u010dn\u011b p\u0159in\u00e1\u0161\u00ed lep\u0161\u00ed u\u017eivatelsk\u00fd z\u00e1\u017eitek. <strong>Hybridn\u00ed pneumatiky Wanda<\/strong> jsou navr\u017eeny pro optim\u00e1ln\u00ed p\u0159ilnavost na v\u0161ech povr\u0161\u00edch, co\u017e zaji\u0161\u0165uje v\u0161estrannost kolob\u011b\u017eky.<\/p>\n<p>Bezpe\u010dnost zaji\u0161\u0165uje brzdov\u00fd syst\u00e9m s <strong>hydraulick\u00e9 kotou\u010dov\u00e9 brzdy NUTT<\/strong> a p\u0159\u00eddavnou elektronickou brzdou, kter\u00e1 zvy\u0161uje brzdn\u00fd v\u00fdkon a prodlu\u017euje \u017eivotnost brzdov\u00fdch desti\u010dek. Ergonomick\u00fd design se skl\u00e1dac\u00edm mechanismem a <strong>nastaviteln\u00e9 hydraulick\u00e9 odpru\u017een\u00ed<\/strong> umo\u017e\u0148uje pohodlnou j\u00edzdu, zat\u00edmco <strong>Z\u00e1mek NFC a k\u00f3d PIN<\/strong> poskytuj\u00ed pokro\u010dilou ochranu proti ne\u017e\u00e1douc\u00edmu p\u0159\u00edstupu.<\/p>\n<p>Krom\u011b toho model podporuje pou\u017eit\u00ed aplikace pro nastaven\u00ed. <strong>RGB ambientn\u00ed osv\u011btlen\u00ed<\/strong>, kter\u00fd nejen\u017ee dod\u00e1v\u00e1 sk\u00fatru osobn\u00ed vzhled, ale tak\u00e9 zvy\u0161uje viditelnost a bezpe\u010dnost v provozu. Mo\u017enost pro <strong>upevn\u011bn\u00ed sedadla<\/strong> pro pohodln\u011bj\u0161\u00ed del\u0161\u00ed j\u00edzdy a skl\u00e1dac\u00ed konstrukce pro snadnou p\u0159epravu zd\u016fraz\u0148uj\u00ed p\u0159izp\u016fsobivost a funk\u010dnost. D\u00edky bezstarostn\u00e9mu dod\u00e1n\u00ed a z\u00e1ruce zahrnuj\u00edc\u00ed z\u00e1kladn\u00ed z\u00e1ruku na 1 rok s mo\u017enost\u00ed prodlou\u017een\u00ed a rychl\u00e9mu servisu poskytuje Elektron Kinetik GTR prvot\u0159\u00eddn\u00ed z\u00e1\u017eitek z j\u00edzdy, kter\u00fd p\u0159ed\u010d\u00ed o\u010dek\u00e1v\u00e1n\u00ed.<\/p>","protected":false},"featured_media":440,"comment_status":"open","ping_status":"closed","template":"","meta":[],"product_brand":[],"product_cat":[22,40,44,45],"product_tag":[],"class_list":{"0":"post-1904","1":"product","2":"type-product","3":"status-publish","4":"has-post-thumbnail","6":"product_cat-electric-scooters","7":"product_cat-electric-scooter-brands","8":"product_cat-electric-scooter-with-seat","9":"product_cat-elektron","10":"product_shipping_class-up-to-40-kg","12":"first","13":"outofstock","14":"taxable","15":"shipping-taxable","16":"purchasable","17":"product-type-simple"},"_links":{"self":[{"href":"https:\/\/electrotraveller.com\/cz\/wp-json\/wp\/v2\/product\/1904","targetHints":{"allow":["GET"]}}],"collection":[{"href":"https:\/\/electrotraveller.com\/cz\/wp-json\/wp\/v2\/product"}],"about":[{"href":"https:\/\/electrotraveller.com\/cz\/wp-json\/wp\/v2\/types\/product"}],"replies":[{"embeddable":true,"href":"https:\/\/electrotraveller.com\/cz\/wp-json\/wp\/v2\/comments?post=1904"}],"wp:featuredmedia":[{"embeddable":true,"href":"https:\/\/electrotraveller.com\/cz\/wp-json\/wp\/v2\/media\/440"}],"wp:attachment":[{"href":"https:\/\/electrotraveller.com\/cz\/wp-json\/wp\/v2\/media?parent=1904"}],"wp:term":[{"taxonomy":"product_brand","embeddable":true,"href":"https:\/\/electrotraveller.com\/cz\/wp-json\/wp\/v2\/product_brand?post=1904"},{"taxonomy":"product_cat","embeddable":true,"href":"https:\/\/electrotraveller.com\/cz\/wp-json\/wp\/v2\/product_cat?post=1904"},{"taxonomy":"product_tag","embeddable":true,"href":"https:\/\/electrotraveller.com\/cz\/wp-json\/wp\/v2\/product_tag?post=1904"}],"curies":[{"name":"wp","href":"https:\/\/api.w.org\/{rel}","templated":true}]}}