{"id":11133,"date":"2026-01-17T16:47:34","date_gmt":"2026-01-17T16:47:34","guid":{"rendered":"https:\/\/electrotraveller.com\/?post_type=product&#038;p=11133"},"modified":"2026-03-10T20:55:31","modified_gmt":"2026-03-10T19:55:31","slug":"110-50-65-pneumaticka-vnejsi-pneumatika-pro-mestske-komunikace","status":"publish","type":"product","link":"https:\/\/electrotraveller.com\/cz\/electric-scooter-spare-parts\/110-50-65-pneumatic-city-road-outer-tire\/","title":{"rendered":"110\/50-6.5 Pneumatika pro elektrick\u00fd sk\u00fatr \/\/ Vn\u011bj\u0161\u00ed du\u0161e pneumatiky"},"content":{"rendered":"","protected":false},"excerpt":{"rendered":"","protected":false},"featured_media":11134,"comment_status":"open","ping_status":"closed","template":"","meta":[],"product_brand":[],"product_cat":[30,39,78],"product_tag":[],"class_list":{"0":"post-11133","1":"product","2":"type-product","3":"status-publish","4":"has-post-thumbnail","6":"product_cat-electric-scooter-spare-parts","7":"product_cat-electric-scooter-tires","8":"product_cat-electric-scooter-tubeless-tires","9":"product_shipping_class-up-to-2-kg","11":"first","12":"instock","13":"taxable","14":"shipping-taxable","15":"purchasable","16":"product-type-simple"},"_links":{"self":[{"href":"https:\/\/electrotraveller.com\/cz\/wp-json\/wp\/v2\/product\/11133","targetHints":{"allow":["GET"]}}],"collection":[{"href":"https:\/\/electrotraveller.com\/cz\/wp-json\/wp\/v2\/product"}],"about":[{"href":"https:\/\/electrotraveller.com\/cz\/wp-json\/wp\/v2\/types\/product"}],"replies":[{"embeddable":true,"href":"https:\/\/electrotraveller.com\/cz\/wp-json\/wp\/v2\/comments?post=11133"}],"wp:featuredmedia":[{"embeddable":true,"href":"https:\/\/electrotraveller.com\/cz\/wp-json\/wp\/v2\/media\/11134"}],"wp:attachment":[{"href":"https:\/\/electrotraveller.com\/cz\/wp-json\/wp\/v2\/media?parent=11133"}],"wp:term":[{"taxonomy":"product_brand","embeddable":true,"href":"https:\/\/electrotraveller.com\/cz\/wp-json\/wp\/v2\/product_brand?post=11133"},{"taxonomy":"product_cat","embeddable":true,"href":"https:\/\/electrotraveller.com\/cz\/wp-json\/wp\/v2\/product_cat?post=11133"},{"taxonomy":"product_tag","embeddable":true,"href":"https:\/\/electrotraveller.com\/cz\/wp-json\/wp\/v2\/product_tag?post=11133"}],"curies":[{"name":"wp","href":"https:\/\/api.w.org\/{rel}","templated":true}]}}