{"id":1221,"date":"2024-06-18T13:36:55","date_gmt":"2024-06-18T13:36:55","guid":{"rendered":"https:\/\/electrotraveller.com\/?page_id=1221"},"modified":"2025-06-23T10:41:35","modified_gmt":"2025-06-23T10:41:35","slug":"splatky-plateb-za-elektricke-skutry","status":"publish","type":"page","link":"https:\/\/electrotraveller.com\/cz\/electric-scooter-payment-installments\/","title":{"rendered":"Spl\u00e1tky plateb za elektrick\u00e9 kolob\u011b\u017eky"},"content":{"rendered":"<div data-elementor-type=\"wp-page\" data-elementor-id=\"1221\" class=\"elementor elementor-1221\" data-elementor-post-type=\"page\">\n\t\t\t\t<div class=\"elementor-element elementor-element-8dd96c1 e-con-full e-flex e-con e-parent\" data-id=\"8dd96c1\" data-element_type=\"container\" data-settings=\"{&quot;background_background&quot;:&quot;classic&quot;}\">\n\t\t<div class=\"elementor-element elementor-element-1bc427d e-con-full e-flex e-con e-child\" data-id=\"1bc427d\" data-element_type=\"container\">\n\t\t\t\t<div class=\"elementor-element elementor-element-67eb55e elementor-widget elementor-widget-heading\" data-id=\"67eb55e\" data-element_type=\"widget\" data-widget_type=\"heading.default\">\n\t\t\t\t<div class=\"elementor-widget-container\">\n\t\t\t\t\t<h1 class=\"elementor-heading-title elementor-size-default\">Spl\u00e1tky na elektrick\u00e1 kolob\u011b\u017eka s Klarnou<\/h1>\t\t\t\t<\/div>\n\t\t\t\t<\/div>\n\t\t\t\t<div class=\"elementor-element elementor-element-08ee0ae elementor-widget__width-initial elementor-widget elementor-widget-text-editor\" data-id=\"08ee0ae\" data-element_type=\"widget\" data-widget_type=\"text-editor.default\">\n\t\t\t\t<div class=\"elementor-widget-container\">\n\t\t\t\t\t\t\t\t\t<p>Za\u017eijte bezkonkuren\u010dn\u00ed flexibilitu a pohodl\u00ed s platebn\u00edmi \u0159e\u0161en\u00edmi spole\u010dnosti Klarna, kter\u00e1 jsou nyn\u00ed bezprobl\u00e9mov\u011b integrov\u00e1na se slu\u017ebou Stripe na adrese ElektronScooters.com. P\u0159i prohl\u00eddce na\u0161eho pr\u00e9miov\u00e9ho v\u00fdb\u011bru elektrick\u00fdch sk\u00fatr\u016f nab\u00edz\u00ed spole\u010dnost Klarna personalizovan\u00e9 platebn\u00ed pl\u00e1ny, kter\u00e9 odpov\u00eddaj\u00ed va\u0161im finan\u010dn\u00edm preferenc\u00edm a pot\u0159eb\u00e1m \u017eivotn\u00edho stylu, a to v\u0161e je k dispozici v m\u00edst\u011b pokladny prost\u0159ednictv\u00edm zabezpe\u010den\u00e9 platformy Stripe.<\/p><p><strong>Zapla\u0165te nyn\u00ed<\/strong>: Pro ty, kte\u0159\u00ed d\u00e1vaj\u00ed p\u0159ednost jednoduchosti a okam\u017eitosti, je tu mo\u017enost \"Zaplatit hned\", kter\u00e1 v\u00e1m umo\u017en\u00ed dokon\u010dit n\u00e1kup okam\u017eit\u011b. Tento p\u0159\u00edmo\u010dar\u00fd zp\u016fsob platby zaji\u0161\u0165uje rychlou a bezpe\u010dnou transakci a umo\u017e\u0148uje v\u00e1m u\u017e\u00edvat si nov\u00fd elektrick\u00e1 kolob\u011b\u017eka bez prodlen\u00ed.<\/p><p><strong>Zaplatit pozd\u011bji<\/strong>: N\u00e1\u0161 pl\u00e1n \"Pay Later\" nab\u00edz\u00ed maxim\u00e1ln\u00ed flexibilitu p\u0159i nakupov\u00e1n\u00ed. Obdr\u017e\u00edte sv\u016fj elektrick\u00e1 kolob\u011b\u017eka jako prvn\u00ed a o jeho vhodnosti se rozhodnete ve voln\u00e9m \u010dase. D\u00edky odkladn\u00e9 lh\u016ft\u011b 14 a\u017e 30 dn\u00ed poskytuje tato mo\u017enost bezrizikov\u00fd zp\u016fsob, jak se ujistit, \u017ee v\u00e1\u0161 n\u00e1kup spln\u00ed v\u0161echna va\u0161e o\u010dek\u00e1v\u00e1n\u00ed, a to bez jak\u00fdchkoli dal\u0161\u00edch n\u00e1klad\u016f.<\/p><p><strong>Financov\u00e1n\u00ed<\/strong>: Na\u0161e mo\u017enost \"Financov\u00e1n\u00ed\" je p\u0159izp\u016fsobena z\u00e1kazn\u00edk\u016fm, kte\u0159\u00ed pl\u00e1nuj\u00ed v\u00fdznamnou investici do sv\u00e9 mobility, a umo\u017e\u0148uje v\u00e1m rozlo\u017eit si n\u00e1klady na elektrick\u00e1 kolob\u011b\u017eka na zvl\u00e1dnuteln\u00e9 spl\u00e1tky. Toto cenov\u011b v\u00fdhodn\u00e9 \u0159e\u0161en\u00ed v\u00e1m umo\u017en\u00ed vyu\u017e\u00edvat v\u00fdhody nov\u00e9ho sk\u00fatru okam\u017eit\u011b, s pohodl\u00edm spl\u00e1cen\u00ed v pr\u016fb\u011bhu \u010dasu.<\/p><p class=\"\" data-start=\"97\" data-end=\"327\"><strong data-start=\"97\" data-end=\"128\">V\u00fdb\u011br spole\u010dnosti Klarna u pokladny<\/strong><br data-start=\"128\" data-end=\"131\" \/>U pokladny nyn\u00ed m\u016f\u017eete vybrat <strong data-start=\"163\" data-end=\"182\">Klarna p\u0159\u00edmo<\/strong> jako zp\u016fsob platby. Nen\u00ed t\u0159eba m\u00edt samostatn\u00fd \u00fa\u010det Stripe. Klarna v\u00e1m d\u00e1v\u00e1 mo\u017enost flexibiln\u011b si zvolit, jak a kdy chcete platit.<\/p><p class=\"\" data-start=\"329\" data-end=\"520\">A\u0165 u\u017e preferujete platbu v pln\u00e9 v\u00fd\u0161i, nebo rozlo\u017een\u00ed n\u00e1klad\u016f v \u010dase, Klarna v\u00e1m to umo\u017en\u00ed jednodu\u0161e a bezpe\u010dn\u011b. Za\u010dn\u011bte s n\u00e1mi sv\u00e9 dobrodru\u017estv\u00ed s elektrick\u00fdm sk\u00fatrem je\u0161t\u011b dnes v\u00fdb\u011brem mo\u017enosti <strong data-start=\"493\" data-end=\"503\">Klarna<\/strong> b\u011bhem objedn\u00e1vky.<\/p>\t\t\t\t\t\t\t\t<\/div>\n\t\t\t\t<\/div>\n\t\t\t\t<div class=\"elementor-element elementor-element-23b7989 elementor-widget elementor-widget-html\" data-id=\"23b7989\" data-element_type=\"widget\" data-widget_type=\"html.default\">\n\t\t\t\t<div class=\"elementor-widget-container\">\n\t\t\t\t\t<table border=\"1\" cellpadding=\"8\" cellspacing=\"0\" style=\"width: 100%; border-collapse: collapse;\">\r\n  <thead>\r\n    <tr style=\"background-color: #f2f2f2;\">\r\n      <th>Zem\u011b<\/th>\r\n      <th>Mo\u017enost platby<\/th>\r\n      <th>Rozsah \u010d\u00e1stek<\/th>\r\n      <th>Pozn\u00e1mky<\/th>\r\n    <\/tr>\r\n  <\/thead>\r\n  <tbody>\r\n    <!-- Austria -->\r\n    <tr style=\"background-color: #d9d9d9;\">\r\n      <td>Rakousko<\/td>\r\n      <td>Zaplatit v pln\u00e9 v\u00fd\u0161i<\/td>\r\n      <td>0 - 10 000 EUR<\/td>\r\n      <td>Zapla\u0165te celou \u010d\u00e1stku p\u0159edem.<\/td>\r\n    <\/tr>\r\n    <tr style=\"background-color: #d9d9d9;\">\r\n      <td><\/td>\r\n      <td>Zaplatit pozd\u011bji<\/td>\r\n      <td>0,1 - 5 000 EUR<\/td>\r\n      <td>Zapla\u0165te pozd\u011bji do 30 dn\u016f.<\/td>\r\n    <\/tr>\r\n    <tr style=\"background-color: #d9d9d9;\">\r\n      <td><\/td>\r\n      <td>Platba za 3<\/td>\r\n      <td>1 - 5 000 EUR<\/td>\r\n      <td>Rozd\u011blte n\u00e1klady na 3 \u010d\u00e1sti.<\/td>\r\n    <\/tr>\r\n    <tr style=\"background-color: #d9d9d9;\">\r\n      <td><\/td>\r\n      <td>Financov\u00e1n\u00ed<\/td>\r\n      <td>25 - 5 000 EUR<\/td>\r\n      <td>K dispozici jsou mo\u017enosti m\u011bs\u00ed\u010dn\u00edho financov\u00e1n\u00ed.<\/td>\r\n    <\/tr>\r\n\r\n    <!-- Belgium -->\r\n    <tr>\r\n      <td>Belgie<\/td>\r\n      <td>Zaplatit v pln\u00e9 v\u00fd\u0161i<\/td>\r\n      <td>0 - 10 000 EUR<\/td>\r\n      <td>Zapla\u0165te celou \u010d\u00e1stku p\u0159edem.<\/td>\r\n    <\/tr>\r\n    <tr>\r\n      <td><\/td>\r\n      <td>Zaplatit pozd\u011bji<\/td>\r\n      <td>1 - 1 500 EUR<\/td>\r\n      <td>Zapla\u0165te pozd\u011bji do 30 dn\u016f.<\/td>\r\n    <\/tr>\r\n\r\n    <!-- Czechia -->\r\n    <tr style=\"background-color: #d9d9d9;\">\r\n      <td>\u010cesko<\/td>\r\n      <td>Zaplatit v pln\u00e9 v\u00fd\u0161i<\/td>\r\n      <td>0 - 100 000 K\u010c<\/td>\r\n      <td>Zapla\u0165te celou \u010d\u00e1stku p\u0159edem.<\/td>\r\n    <\/tr>\r\n    <tr style=\"background-color: #d9d9d9;\">\r\n      <td><\/td>\r\n      <td>Zaplatit pozd\u011bji<\/td>\r\n      <td>0 - 12 250 K\u010c<\/td>\r\n      <td>Zapla\u0165te pozd\u011bji do 30 dn\u016f.<\/td>\r\n    <\/tr>\r\n    <tr style=\"background-color: #d9d9d9;\">\r\n      <td><\/td>\r\n      <td>Platba za 3<\/td>\r\n      <td>25 - 25 000 K\u010c<\/td>\r\n      <td>Rozd\u011blte n\u00e1klady na 3 \u010d\u00e1sti.<\/td>\r\n    <\/tr>\r\n\r\n    <!-- Denmark -->\r\n    <tr>\r\n      <td>D\u00e1nsko<\/td>\r\n      <td>Zaplatit v pln\u00e9 v\u00fd\u0161i<\/td>\r\n      <td>1 - 100 000 DKK<\/td>\r\n      <td>Zapla\u0165te celou \u010d\u00e1stku p\u0159edem.<\/td>\r\n    <\/tr>\r\n    <tr>\r\n      <td><\/td>\r\n      <td>Zaplatit pozd\u011bji<\/td>\r\n      <td>1 - 50 000 DKK<\/td>\r\n      <td>Zapla\u0165te pozd\u011bji do 30 dn\u016f.<\/td>\r\n    <\/tr>\r\n    <tr>\r\n      <td><\/td>\r\n      <td>Platba za 3<\/td>\r\n      <td>10 - 50 000 DKK<\/td>\r\n      <td>Rozd\u011blte n\u00e1klady na 3 \u010d\u00e1sti.<\/td>\r\n    <\/tr>\r\n\r\n    <!-- Finland -->\r\n    <tr style=\"background-color: #d9d9d9;\">\r\n      <td>Finsko<\/td>\r\n      <td>Zaplatit v pln\u00e9 v\u00fd\u0161i<\/td>\r\n      <td>0 - 10 000 EUR<\/td>\r\n      <td>Zapla\u0165te celou \u010d\u00e1stku p\u0159edem.<\/td>\r\n    <\/tr>\r\n    <tr style=\"background-color: #d9d9d9;\">\r\n      <td><\/td>\r\n      <td>Zaplatit pozd\u011bji<\/td>\r\n      <td>1 - 3 000 EUR<\/td>\r\n      <td>Zapla\u0165te pozd\u011bji do 30 dn\u016f.<\/td>\r\n    <\/tr>\r\n    <tr style=\"background-color: #d9d9d9;\">\r\n      <td><\/td>\r\n      <td>Financov\u00e1n\u00ed<\/td>\r\n      <td>25 - 3 000 EUR<\/td>\r\n      <td>K dispozici jsou mo\u017enosti m\u011bs\u00ed\u010dn\u00edho financov\u00e1n\u00ed.<\/td>\r\n    <\/tr>\r\n\r\n    <!-- France -->\r\n    <tr>\r\n      <td>Francie<\/td>\r\n      <td>Zaplatit v pln\u00e9 v\u00fd\u0161i<\/td>\r\n      <td>0 - 4 000 EUR<\/td>\r\n      <td>Zapla\u0165te celou \u010d\u00e1stku p\u0159edem.<\/td>\r\n    <\/tr>\r\n    <tr>\r\n      <td><\/td>\r\n      <td>Zaplatit pozd\u011bji<\/td>\r\n      <td>0 - 500 EUR<\/td>\r\n      <td>Zapla\u0165te pozd\u011bji do 30 dn\u016f.<\/td>\r\n    <\/tr>\r\n    <tr>\r\n      <td><\/td>\r\n      <td>Platba za 3<\/td>\r\n      <td>1 - 1 500 EUR<\/td>\r\n      <td>Rozd\u011blte n\u00e1klady na 3 \u010d\u00e1sti.<\/td>\r\n    <\/tr>\r\n\r\n    <!-- Germany -->\r\n    <tr style=\"background-color: #d9d9d9;\">\r\n      <td>N\u011bmecko<\/td>\r\n      <td>Zaplatit v pln\u00e9 v\u00fd\u0161i<\/td>\r\n      <td>0 - 10 000 EUR<\/td>\r\n      <td>Zapla\u0165te celou \u010d\u00e1stku p\u0159edem.<\/td>\r\n    <\/tr>\r\n    <tr style=\"background-color: #d9d9d9;\">\r\n      <td><\/td>\r\n      <td>Zaplatit pozd\u011bji<\/td>\r\n      <td>0,1 - 10 000 EUR<\/td>\r\n      <td>Zapla\u0165te pozd\u011bji do 30 dn\u016f.<\/td>\r\n    <\/tr>\r\n    <tr style=\"background-color: #d9d9d9;\">\r\n      <td><\/td>\r\n      <td>Platba za 3<\/td>\r\n      <td>1 - 5 000 EUR<\/td>\r\n      <td>Rozd\u011blte n\u00e1klady na 3 \u010d\u00e1sti.<\/td>\r\n    <\/tr>\r\n    <tr style=\"background-color: #d9d9d9;\">\r\n      <td><\/td>\r\n      <td>Financov\u00e1n\u00ed<\/td>\r\n      <td>25 - 10 000 EUR<\/td>\r\n      <td>K dispozici jsou mo\u017enosti m\u011bs\u00ed\u010dn\u00edho financov\u00e1n\u00ed.<\/td>\r\n    <\/tr>\r\n\r\n    <!-- Greece -->\r\n    <tr>\r\n      <td>\u0158ecko<\/td>\r\n      <td>Zaplatit v pln\u00e9 v\u00fd\u0161i<\/td>\r\n      <td>0 - 4 000 EUR<\/td>\r\n      <td>Zapla\u0165te celou \u010d\u00e1stku p\u0159edem.<\/td>\r\n    <\/tr>\r\n    <tr>\r\n      <td><\/td>\r\n      <td>Zaplatit pozd\u011bji<\/td>\r\n      <td>0 - 500 EUR<\/td>\r\n      <td>Zapla\u0165te pozd\u011bji do 30 dn\u016f.<\/td>\r\n    <\/tr>\r\n    <tr>\r\n      <td><\/td>\r\n      <td>Platba za 3<\/td>\r\n      <td>1 - 1 000 EUR<\/td>\r\n      <td>Rozd\u011blte n\u00e1klady na 3 \u010d\u00e1sti.<\/td>\r\n    <\/tr>\r\n\r\n    <!-- Hungary -->\r\n    <tr style=\"background-color: #d9d9d9;\">\r\n      <td>Ma\u010farsko<\/td>\r\n      <td>Zaplatit v pln\u00e9 v\u00fd\u0161i<\/td>\r\n      <td>0 - 200 000 HUF<\/td>\r\n      <td>Zapla\u0165te celou \u010d\u00e1stku p\u0159edem.<\/td>\r\n    <\/tr>\r\n    <tr style=\"background-color: #d9d9d9;\">\r\n      <td><\/td>\r\n      <td>Zaplatit pozd\u011bji<\/td>\r\n      <td>0 - 50 000 HUF<\/td>\r\n      <td>Zapla\u0165te pozd\u011bji do 30 dn\u016f.<\/td>\r\n    <\/tr>\r\n    <tr style=\"background-color: #d9d9d9;\">\r\n      <td><\/td>\r\n      <td>Platba za 3<\/td>\r\n      <td>500 - 50 000 HUF<\/td>\r\n      <td>Rozd\u011blte n\u00e1klady na 3 \u010d\u00e1sti.<\/td>\r\n    <\/tr>\r\n\r\n    <!-- Ireland -->\r\n    <tr>\r\n      <td>Irsko<\/td>\r\n      <td>Zaplatit v pln\u00e9 v\u00fd\u0161i<\/td>\r\n      <td>0 - 4 000 EUR<\/td>\r\n      <td>Zapla\u0165te celou \u010d\u00e1stku p\u0159edem.<\/td>\r\n    <\/tr>\r\n    <tr>\r\n      <td><\/td>\r\n      <td>Platba za 3<\/td>\r\n      <td>1 - 1 500 EUR<\/td>\r\n      <td>Rozd\u011blte n\u00e1klady na 3 \u010d\u00e1sti.<\/td>\r\n    <\/tr>\r\n\r\n    <!-- Italy -->\r\n    <tr style=\"background-color: #d9d9d9;\">\r\n      <td>It\u00e1lie<\/td>\r\n      <td>Zaplatit v pln\u00e9 v\u00fd\u0161i<\/td>\r\n      <td>0 - 4 000 EUR<\/td>\r\n      <td>Zapla\u0165te celou \u010d\u00e1stku p\u0159edem.<\/td>\r\n    <\/tr>\r\n    <tr style=\"background-color: #d9d9d9;\">\r\n      <td><\/td>\r\n      <td>Zaplatit pozd\u011bji<\/td>\r\n      <td>0 - 500 EUR<\/td>\r\n      <td>Zapla\u0165te pozd\u011bji do 30 dn\u016f.<\/td>\r\n    <\/tr>\r\n    <tr style=\"background-color: #d9d9d9;\">\r\n      <td><\/td>\r\n      <td>Platba za 3<\/td>\r\n      <td>1 - 1 500 EUR<\/td>\r\n      <td>Rozd\u011blte n\u00e1klady na 3 \u010d\u00e1sti.<\/td>\r\n    <\/tr>\r\n     <!-- Netherlands -->\r\n    <tr>\r\n      <td>Nizozemsko<\/td>\r\n      <td>Zaplatit v pln\u00e9 v\u00fd\u0161i<\/td>\r\n      <td>0 - 10 000 EUR<\/td>\r\n      <td>Zapla\u0165te celou \u010d\u00e1stku p\u0159edem.<\/td>\r\n    <\/tr>\r\n    <tr>\r\n      <td><\/td>\r\n      <td>Zaplatit pozd\u011bji<\/td>\r\n      <td>1 - 1 500 EUR<\/td>\r\n      <td>Vyzkou\u0161ejte, ne\u017e zaplat\u00edte.<\/td>\r\n    <\/tr>\r\n    <tr>\r\n      <td><\/td>\r\n      <td>Platba za 3<\/td>\r\n      <td>1 - 5 000 EUR<\/td>\r\n      <td>Rozd\u011bleno na 3 platby.<\/td>\r\n    <\/tr>\r\n\r\n    <!-- Poland -->\r\n    <tr style=\"background-color: #d9d9d9;\">\r\n      <td>Polsko<\/td>\r\n      <td>Zaplatit v pln\u00e9 v\u00fd\u0161i<\/td>\r\n      <td>0 - 40 000 PLN<\/td>\r\n      <td>Zapla\u0165te celou \u010d\u00e1stku p\u0159edem.<\/td>\r\n    <\/tr>\r\n    <tr style=\"background-color: #d9d9d9;\">\r\n      <td><\/td>\r\n      <td>Zaplatit pozd\u011bji<\/td>\r\n      <td>0 - 5 000 PLN<\/td>\r\n      <td>Vyzkou\u0161ejte, ne\u017e zaplat\u00edte.<\/td>\r\n    <\/tr>\r\n    <tr style=\"background-color: #d9d9d9;\">\r\n      <td><\/td>\r\n      <td>Platba za 3<\/td>\r\n      <td>50 - 20 000 PLN<\/td>\r\n      <td>Rozd\u011bleno na 3 platby.<\/td>\r\n    <\/tr>\r\n\r\n    <!-- Portugal -->\r\n    <tr>\r\n      <td>Portugalsko<\/td>\r\n      <td>Zaplatit v pln\u00e9 v\u00fd\u0161i<\/td>\r\n      <td>0 - 4 000 EUR<\/td>\r\n      <td>Zapla\u0165te celou \u010d\u00e1stku p\u0159edem.<\/td>\r\n    <\/tr>\r\n    <tr>\r\n      <td><\/td>\r\n      <td>Zaplatit pozd\u011bji<\/td>\r\n      <td>0 - 500 EUR<\/td>\r\n      <td>Vyzkou\u0161ejte, ne\u017e zaplat\u00edte.<\/td>\r\n    <\/tr>\r\n    <tr>\r\n      <td><\/td>\r\n      <td>Platba za 3<\/td>\r\n      <td>1 - 1 500 EUR<\/td>\r\n      <td>Rozd\u011bleno na 3 platby.<\/td>\r\n    <\/tr>\r\n\r\n    <!-- Spain -->\r\n    <tr style=\"background-color: #d9d9d9;\">\r\n      <td>\u0160pan\u011blsko<\/td>\r\n      <td>Zaplatit v pln\u00e9 v\u00fd\u0161i<\/td>\r\n      <td>0 - 4 000 EUR<\/td>\r\n      <td>Zapla\u0165te celou \u010d\u00e1stku p\u0159edem.<\/td>\r\n    <\/tr>\r\n    <tr style=\"background-color: #d9d9d9;\">\r\n      <td><\/td>\r\n      <td>Zaplatit pozd\u011bji<\/td>\r\n      <td>0 - 500 EUR<\/td>\r\n      <td>Vyzkou\u0161ejte, ne\u017e zaplat\u00edte.<\/td>\r\n    <\/tr>\r\n    <tr style=\"background-color: #d9d9d9;\">\r\n      <td><\/td>\r\n      <td>Platba za 3<\/td>\r\n      <td>1 - 1 500 EUR<\/td>\r\n      <td>Rozd\u011bleno na 3 platby.<\/td>\r\n    <\/tr>\r\n\r\n    <!-- Sweden -->\r\n    <tr>\r\n      <td>\u0160v\u00e9dsko<\/td>\r\n      <td>Zaplatit v pln\u00e9 v\u00fd\u0161i<\/td>\r\n      <td>10 - 100 000 SEK<\/td>\r\n      <td>Zapla\u0165te celou \u010d\u00e1stku p\u0159edem.<\/td>\r\n    <\/tr>\r\n    <tr>\r\n      <td><\/td>\r\n      <td>Zaplatit pozd\u011bji<\/td>\r\n      <td>10 - 50 000 SEK<\/td>\r\n      <td>Vyzkou\u0161ejte, ne\u017e zaplat\u00edte.<\/td>\r\n    <\/tr>\r\n    <tr>\r\n      <td><\/td>\r\n      <td>Platba za 3<\/td>\r\n      <td>100 - 50 000 SEK<\/td>\r\n      <td>Rozd\u011bleno na 3 platby.<\/td>\r\n    <\/tr>\r\n  <\/tbody>\r\n<\/table>\t\t\t\t<\/div>\n\t\t\t\t<\/div>\n\t\t\t\t<\/div>\n\t\t\t\t<\/div>\n\t\t\t\t<\/div>","protected":false},"excerpt":{"rendered":"<p>Elektri\u010dni romobil na rate Kupnja elektri\u010dnog romobila nikada nije bila jednostavnija! Ako va\u0161a banka omogu\u0107ava opciju obro\u010dnog pla\u0107anja, svoju kupnju mo\u017eete podijeliti na vi\u0161e rata i tako si olak\u0161ati financijsko optere\u0107enje. Obro\u010dna otplata elektri\u010dnog romobila idealno je rje\u0161enje za sve koji \u017eele ravnomjerno rasporediti tro\u0161kove. Na\u0161a internetska trgovina nema izravnu mogu\u0107nost odabira obro\u010dnog pla\u0107anja. Sve [&hellip;]<\/p>\n","protected":false},"author":1,"featured_media":0,"parent":0,"menu_order":0,"comment_status":"closed","ping_status":"closed","template":"elementor_header_footer","meta":{"footnotes":""},"class_list":["post-1221","page","type-page","status-publish","hentry"],"_links":{"self":[{"href":"https:\/\/electrotraveller.com\/cz\/wp-json\/wp\/v2\/pages\/1221","targetHints":{"allow":["GET"]}}],"collection":[{"href":"https:\/\/electrotraveller.com\/cz\/wp-json\/wp\/v2\/pages"}],"about":[{"href":"https:\/\/electrotraveller.com\/cz\/wp-json\/wp\/v2\/types\/page"}],"author":[{"embeddable":true,"href":"https:\/\/electrotraveller.com\/cz\/wp-json\/wp\/v2\/users\/1"}],"replies":[{"embeddable":true,"href":"https:\/\/electrotraveller.com\/cz\/wp-json\/wp\/v2\/comments?post=1221"}],"version-history":[{"count":0,"href":"https:\/\/electrotraveller.com\/cz\/wp-json\/wp\/v2\/pages\/1221\/revisions"}],"wp:attachment":[{"href":"https:\/\/electrotraveller.com\/cz\/wp-json\/wp\/v2\/media?parent=1221"}],"curies":[{"name":"wp","href":"https:\/\/api.w.org\/{rel}","templated":true}]}}